{"id":531282,"date":"2025-09-04T17:51:30","date_gmt":"2025-09-04T14:51:30","guid":{"rendered":"https:\/\/nbg.eu\/product\/strike-industries-mass-driver-comp-for-glock-19-gen4\/"},"modified":"2026-01-21T11:49:14","modified_gmt":"2026-01-21T08:49:14","slug":"strike-industries-mass-driver-comp-for-glock-19-gen4","status":"publish","type":"product","link":"https:\/\/nbg.eu\/et\/toode\/strike-industries-mass-driver-comp-for-glock-19-gen4\/","title":{"rendered":"Strike Industries &#8211; Mass Driver Comp for Glock 19 Gen4"},"content":{"rendered":"<h2>Strike Industries Mass Driver kompensaator Glock 19 Gen4-le<\/h2>\n<p>Strike Industries Mass Driver kompensaator (MDC) Glock 19 Gen4-le. See disain pakub:<\/p>\n<ul>\n<li>V\u00e4hendatud mehaanilist tagasil\u00f6\u00f6ki tasakaalus\u00fcsteemi abil<\/li>\n<li>Peaaegu originaalne ts\u00fckliline kiirus usaldusv\u00e4\u00e4rseks toimimiseks<\/li>\n<li>Laiendatud ava kuulide p\u00f5rkumise ja v\u00f5tmeaukude v\u00e4ltimiseks<\/li>\n<li>2,5 mm vabastusvahe kelgu pinna kaitsmiseks<\/li>\n<li>\u00dchildub enamiku j\u00e4relturu keermestatud rauadega<\/li>\n<li>Sobib Gen3, Gen4 ja Gen5 G19 ja G17 kelkudele<\/li>\n<li>T\u00f6\u00f6tab avatud otsaga kabuuridega, mis mahutavad kompensaatoreid<\/li>\n<\/ul>\n<p>M\u00e4rkus: Juhtvarda mutrile soovitatakse 25 naeltolli p\u00f6\u00f6rdemomenti. +P ja +P+ laskemoona kasutamine v\u00f5ib p\u00f5hjustada enneaegset kulumist.<\/p>\n","protected":false},"excerpt":{"rendered":"<p>Revolutsiooniline kompensaator Glock 19 Gen4-le. V\u00e4hendab tagasil\u00f6\u00f6ki ja t\u00f5usu.<\/p>\n","protected":false},"featured_media":493669,"template":"","meta":{"_acf_changed":false},"product_brand":[14604],"product_cat":[14017],"product_tag":[],"class_list":{"0":"post-531282","1":"product","2":"type-product","3":"status-publish","4":"has-post-thumbnail","6":"product_brand-strike-industries","7":"product_cat-puestoli-osad","9":"first","10":"instock","11":"taxable","12":"shipping-taxable","13":"purchasable","14":"product-type-simple"},"acf":[],"_links":{"self":[{"href":"https:\/\/nbg.eu\/et\/wp-json\/wp\/v2\/product\/531282","targetHints":{"allow":["GET"]}}],"collection":[{"href":"https:\/\/nbg.eu\/et\/wp-json\/wp\/v2\/product"}],"about":[{"href":"https:\/\/nbg.eu\/et\/wp-json\/wp\/v2\/types\/product"}],"wp:featuredmedia":[{"embeddable":true,"href":"https:\/\/nbg.eu\/et\/wp-json\/wp\/v2\/media\/493669"}],"wp:attachment":[{"href":"https:\/\/nbg.eu\/et\/wp-json\/wp\/v2\/media?parent=531282"}],"wp:term":[{"taxonomy":"product_brand","embeddable":true,"href":"https:\/\/nbg.eu\/et\/wp-json\/wp\/v2\/product_brand?post=531282"},{"taxonomy":"product_cat","embeddable":true,"href":"https:\/\/nbg.eu\/et\/wp-json\/wp\/v2\/product_cat?post=531282"},{"taxonomy":"product_tag","embeddable":true,"href":"https:\/\/nbg.eu\/et\/wp-json\/wp\/v2\/product_tag?post=531282"}],"curies":[{"name":"wp","href":"https:\/\/api.w.org\/{rel}","templated":true}]}}