{"id":533738,"date":"2025-09-04T18:48:23","date_gmt":"2025-09-04T15:48:23","guid":{"rendered":"https:\/\/nbg.eu\/product\/utg-h3-carbine-buffer-ar15-m4-rb-t6bfh3\/"},"modified":"2026-01-21T12:22:40","modified_gmt":"2026-01-21T09:22:40","slug":"utg-h3-carbine-buffer-ar15-m4-rb-t6bfh3","status":"publish","type":"product","link":"https:\/\/nbg.eu\/et\/toode\/utg-h3-carbine-buffer-ar15-m4-rb-t6bfh3\/","title":{"rendered":"UTG &#8211; H3 Carbine Buffer &#8211; AR15 \/ M4 &#8211; RB-T6BFH3"},"content":{"rendered":"<div class=\"product-description\">\n<h2>UTG &#8211; H3 Karbiin Puhver &#8211; AR15 \/ M4 &#8211; RB-T6BFH3<\/h2>\n<p>UTG H3 K\u00f5va Kattega Tagasil\u00f6\u00f6gi Puhver AR15 jaoks. Puhvri omadused:<\/p>\n<ul>\n<li>3 rasket volframi raskust<\/li>\n<li>Tugevdatud 6061-T6 alumiiniumkorpus k\u00f5va anooditud pinnakattega<\/li>\n<li>Tihedalt sobitatud otsapuhver<\/li>\n<li>Pikendab p\u00fcsimisaega ja lihtsustab v\u00e4ljat\u00f5mbamist<\/li>\n<li>V\u00e4hendab tajutavat tagasil\u00f6\u00f6ki<\/li>\n<li>V\u00f5ib parandada t\u00e4psust raskemate kaliibritega<\/li>\n<\/ul>\n<p>Kaaluga 5,4 untsi on see puhver m\u00f5eldud AR platvormi mugavamaks muutmiseks. See komponent v\u00f5ib parandada j\u00f5udlust ja v\u00e4hendada tagasil\u00f6\u00f6ki.<\/p>\n","protected":false},"excerpt":{"rendered":"<p>UTG H3 karbiin-puhver: V\u00e4hendab tagasil\u00f6\u00f6ki, parandab mugavust AR15\/M4 puhul.<\/p>\n","protected":false},"featured_media":494314,"template":"","meta":{"_acf_changed":false},"product_brand":[14401],"product_cat":[14032],"product_tag":[],"class_list":{"0":"post-533738","1":"product","2":"type-product","3":"status-publish","4":"has-post-thumbnail","6":"product_brand-leapers-inc","7":"product_cat-vintpuessi-taeiustamine","9":"first","10":"outofstock","11":"taxable","12":"shipping-taxable","13":"purchasable","14":"product-type-simple"},"acf":[],"_links":{"self":[{"href":"https:\/\/nbg.eu\/et\/wp-json\/wp\/v2\/product\/533738","targetHints":{"allow":["GET"]}}],"collection":[{"href":"https:\/\/nbg.eu\/et\/wp-json\/wp\/v2\/product"}],"about":[{"href":"https:\/\/nbg.eu\/et\/wp-json\/wp\/v2\/types\/product"}],"wp:featuredmedia":[{"embeddable":true,"href":"https:\/\/nbg.eu\/et\/wp-json\/wp\/v2\/media\/494314"}],"wp:attachment":[{"href":"https:\/\/nbg.eu\/et\/wp-json\/wp\/v2\/media?parent=533738"}],"wp:term":[{"taxonomy":"product_brand","embeddable":true,"href":"https:\/\/nbg.eu\/et\/wp-json\/wp\/v2\/product_brand?post=533738"},{"taxonomy":"product_cat","embeddable":true,"href":"https:\/\/nbg.eu\/et\/wp-json\/wp\/v2\/product_cat?post=533738"},{"taxonomy":"product_tag","embeddable":true,"href":"https:\/\/nbg.eu\/et\/wp-json\/wp\/v2\/product_tag?post=533738"}],"curies":[{"name":"wp","href":"https:\/\/api.w.org\/{rel}","templated":true}]}}