{"id":533958,"date":"2025-09-04T18:48:31","date_gmt":"2025-09-04T15:48:31","guid":{"rendered":"https:\/\/nbg.eu\/product\/ftcs-buttstock-mounting-adapter-picatinny-for-saiga-cerakote-h-146-nr-28\/"},"modified":"2026-01-21T11:40:09","modified_gmt":"2026-01-21T08:40:09","slug":"ftcs-buttstock-mounting-adapter-picatinny-for-saiga-cerakote-h-146-nr-28","status":"publish","type":"product","link":"https:\/\/nbg.eu\/et\/toode\/ftcs-buttstock-mounting-adapter-picatinny-for-saiga-cerakote-h-146-nr-28\/","title":{"rendered":"FTCS &#8211; Buttstock Mounting Adapter Picatinny for Saiga &#8211; Cerakote &#8211; H-146 &#8211; Nr. 28"},"content":{"rendered":"<div class=\"product-description\">\n<h2>FTCS &#8211; P\u00fcssip\u00e4ra kinnitusadapter Picatinny Saigale &#8211; Cerakote H-146<\/h2>\n<p>Alumiiniumist valmistatud p\u00fcssip\u00e4ra kinnitusadapter Saigale ja sarnastele platvormidele. Kaetud Cerakote H-146 kattega.<\/p>\n<ul>\n<li>\u00dchildub Saiga ja sarnaste platvormidega<\/li>\n<li>V\u00f5imaldab kinnitada Picatinny-\u00fchilduvaid p\u00fcssip\u00e4rasid v\u00f5i stabilisaatoreid<\/li>\n<li>Lihtne paigaldus ilma lisaosadeta<\/li>\n<li>Graveeritud tootja logo<\/li>\n<li>M\u00f5\u00f5tmed: 35 x 31 x 30 mm<\/li>\n<li>Kaal: 49 g<\/li>\n<\/ul>\n<p>Sobib kasutamiseks Strike Industries p\u00fcssip\u00e4radega nagu SI-FSA-DUAL, SI-FSA-DUAL-STOCK v\u00f5i SI-FSA-DUAL-STAB.<\/p>\n<\/div>\n","protected":false},"excerpt":{"rendered":"<p>Saiga p\u00fcssip\u00e4ra adapter. Picatinny siinikinnituss\u00fcsteem. Cerakote H-146 pinnakate. FTCS nr 28.<\/p>\n","protected":false},"featured_media":494443,"template":"","meta":{"_acf_changed":false},"product_brand":[],"product_cat":[14009,14071,14032],"product_tag":[],"class_list":{"0":"post-533958","1":"product","2":"type-product","3":"status-publish","4":"has-post-thumbnail","6":"product_cat-ak-taeiustamine","7":"product_cat-vintpuess","8":"product_cat-vintpuessi-taeiustamine","10":"first","11":"instock","12":"taxable","13":"shipping-taxable","14":"purchasable","15":"product-type-simple"},"acf":[],"_links":{"self":[{"href":"https:\/\/nbg.eu\/et\/wp-json\/wp\/v2\/product\/533958","targetHints":{"allow":["GET"]}}],"collection":[{"href":"https:\/\/nbg.eu\/et\/wp-json\/wp\/v2\/product"}],"about":[{"href":"https:\/\/nbg.eu\/et\/wp-json\/wp\/v2\/types\/product"}],"wp:featuredmedia":[{"embeddable":true,"href":"https:\/\/nbg.eu\/et\/wp-json\/wp\/v2\/media\/494443"}],"wp:attachment":[{"href":"https:\/\/nbg.eu\/et\/wp-json\/wp\/v2\/media?parent=533958"}],"wp:term":[{"taxonomy":"product_brand","embeddable":true,"href":"https:\/\/nbg.eu\/et\/wp-json\/wp\/v2\/product_brand?post=533958"},{"taxonomy":"product_cat","embeddable":true,"href":"https:\/\/nbg.eu\/et\/wp-json\/wp\/v2\/product_cat?post=533958"},{"taxonomy":"product_tag","embeddable":true,"href":"https:\/\/nbg.eu\/et\/wp-json\/wp\/v2\/product_tag?post=533958"}],"curies":[{"name":"wp","href":"https:\/\/api.w.org\/{rel}","templated":true}]}}