{"id":534393,"date":"2025-09-04T20:13:16","date_gmt":"2025-09-04T17:13:16","guid":{"rendered":"https:\/\/nbg.eu\/product\/garmin-gps-navigator-gpsmap-67i\/"},"modified":"2026-01-21T11:34:27","modified_gmt":"2026-01-21T08:34:27","slug":"garmin-gps-navigator-gpsmap-67i","status":"publish","type":"product","link":"https:\/\/nbg.eu\/et\/toode\/garmin-gps-navigator-gpsmap-67i\/","title":{"rendered":"Garmin GPS navigator GPSMAP 67i"},"content":{"rendered":"<p>    <title>Garmin GPSMAP 67i &#8211; GPS-navigaator ja satelliitside seade<\/title><\/p>\n<h1>Garmin GPSMAP 67i<\/h1>\n<h2>GPS-navigaator ja satelliitside seade<\/h2>\n<p>Garmin GPSMAP 67i on GPS-k\u00e4siseade, mis \u00fchendab navigeerimise ja satelliitside. See seade tagab \u00fchenduse ja ohutuse ka kaugemates kohtades.<\/p>\n<h3>P\u00f5hiomadused:<\/h3>\n<ul>\n<li><strong>Mitme sagedusala GNSS tugi:<\/strong> Ligip\u00e4\u00e4s mitmele globaalsele navigatsioonisatelliits\u00fcsteemile t\u00e4psemaks positsioneerimiseks.<\/li>\n<li><strong>inReach\u00ae tehnoloogia:<\/strong> Kahesuunaline s\u00f5numside, SOS-hoiatused ja asukoha jagamine.<\/li>\n<li><strong>Aku kestvus:<\/strong> Kuni 165 tundi j\u00e4lgimisre\u017eiimis ja 425 tundi ekspeditsioonire\u017eiimis.<\/li>\n<li><strong>Eellaaditud TopoActive kaardid:<\/strong> USA, Mehhiko ja Kanada kaardid, v\u00f5imalus lisada globaalseid kaarte.<\/li>\n<li><strong>ABC sensorid:<\/strong> Sisseehitatud altimeeter, baromeeter ja 3-teljeline elektrooniline kompass.<\/li>\n<li><strong>Satelliidipildid:<\/strong> K\u00f5rglahutusega kaartide allalaadimine Wi-Fi\u00ae kaudu.<\/li>\n<\/ul>\n<h3>Vastupidavus ja disain:<\/h3>\n<p>Vastab s\u00f5jalistele standarditele (MIL-STD-810) soojuse, p\u00f5rutuse ja vee taluvuse osas. IPX7 veekindlus.<\/p>\n<h3>Navigeerimine ja kaardistamine:<\/h3>\n<p>3&#8243; v\u00e4rviline TFT ekraan (240 x 400 pikslit). 16 GB sisem\u00e4lu ja toetab kuni 32 GB microSD-kaarte.<\/p>\n<h3>Side ja ohutus:<\/h3>\n<p>Kasutab Iridium\u00ae satelliidiv\u00f5rku kahesuunaliseks s\u00f5numisideks ja SOS-funktsioonideks. Garmin Messenger\u2122 rakendus laiendab sidev\u00f5imalusi. LiveTrack\u2122 funktsioon v\u00f5imaldab reaalajas asukoha jagamist.<\/p>\n<h3>Lisafunktsioonid:<\/h3>\n<ul>\n<li>LED-taskulamp<\/li>\n<li>Geocaching Live tugi<\/li>\n<li>\u00dchilduvus Garmin Explore\u2122 rakendusega<\/li>\n<li>Valikulised inReach ilmateated<\/li>\n<li>Ilmateated \u00fchenduses Garmin Explore nutitelefoni rakendusega<\/li>\n<\/ul>\n<p>Garmin GPSMAP 67i on seade matkajatele, jahimeestele ja looduses\u00f5pradele. See \u00fchendab navigeerimise, side ja vastupidava disaini.<\/p>\n","protected":false},"excerpt":{"rendered":"<p>Vastupidav GPS-seade satelliitside, kaardistamise ja 425-tunnise aku kestvusega v\u00e4liseiklusteks.<\/p>\n","protected":false},"featured_media":495068,"template":"","meta":{"_acf_changed":false},"product_brand":[],"product_cat":[14087],"product_tag":[],"class_list":{"0":"post-534393","1":"product","2":"type-product","3":"status-publish","4":"has-post-thumbnail","6":"product_cat-kategoriseerimata","8":"first","9":"outofstock","10":"taxable","11":"shipping-taxable","12":"purchasable","13":"product-type-simple"},"acf":[],"_links":{"self":[{"href":"https:\/\/nbg.eu\/et\/wp-json\/wp\/v2\/product\/534393","targetHints":{"allow":["GET"]}}],"collection":[{"href":"https:\/\/nbg.eu\/et\/wp-json\/wp\/v2\/product"}],"about":[{"href":"https:\/\/nbg.eu\/et\/wp-json\/wp\/v2\/types\/product"}],"wp:featuredmedia":[{"embeddable":true,"href":"https:\/\/nbg.eu\/et\/wp-json\/wp\/v2\/media\/495068"}],"wp:attachment":[{"href":"https:\/\/nbg.eu\/et\/wp-json\/wp\/v2\/media?parent=534393"}],"wp:term":[{"taxonomy":"product_brand","embeddable":true,"href":"https:\/\/nbg.eu\/et\/wp-json\/wp\/v2\/product_brand?post=534393"},{"taxonomy":"product_cat","embeddable":true,"href":"https:\/\/nbg.eu\/et\/wp-json\/wp\/v2\/product_cat?post=534393"},{"taxonomy":"product_tag","embeddable":true,"href":"https:\/\/nbg.eu\/et\/wp-json\/wp\/v2\/product_tag?post=534393"}],"curies":[{"name":"wp","href":"https:\/\/api.w.org\/{rel}","templated":true}]}}