{"id":534502,"date":"2025-09-04T20:13:16","date_gmt":"2025-09-04T17:13:16","guid":{"rendered":"https:\/\/nbg.eu\/product\/ismi-17-lb-pruzhina-za-glock-17-gl17\/"},"modified":"2026-02-27T15:51:50","modified_gmt":"2026-02-27T12:51:50","slug":"ismi-17-lb-pruzhina-za-glock-17-gl17","status":"publish","type":"product","link":"https:\/\/nbg.eu\/et\/toode\/ismi-17-lb-pruzhina-za-glock-17-gl17\/","title":{"rendered":"ISMI 17 lb. \u041f\u0440\u0443\u0436\u0438\u043d\u0430 \u0437\u0430 Glock 17 (GL17)"},"content":{"rendered":"<div class=\"product-description\">\n<h2>ISMI 17 lb. Vedru Glock 17 jaoks (GL17)<\/h2>\n<p>17 lb tagasil\u00f6\u00f6gvedru Glock 17 jaoks. Valmistatud USAs lennundust\u00f6\u00f6stuse spetsifikatsioonide j\u00e4rgi. See vedru pakub:<\/p>\n<ul>\n<li>CAD-disainitud t\u00e4pseks sobivuseks<\/li>\n<li>Valmistatud kroomsilikoonist, roostevabast terasest v\u00f5i kroomvanaadiumist<\/li>\n<li>Termot\u00f6\u00f6deldud, kuulitatud ja pingete vabastamiseks t\u00f6\u00f6deldud<\/li>\n<li>Lameda traadi disain<\/li>\n<li>Sobib tehase juhtvardaga (.250&#8243; v\u00f5i v\u00e4hem)<\/li>\n<li>\u00dchilduv mudelitega Glock 17, 17L, 20, 21, 22, 24, 31, 35<\/li>\n<\/ul>\n<p>Korrosioonikindel vedru, mis on loodud vastama Glock 17 n\u00f5uetele.<\/p>\n<\/div>\n","protected":false},"excerpt":{"rendered":"<p>17-naelane tagasil\u00f6\u00f6givedru Glock 17-le. USA-s toodetud, vastupidav, usaldusv\u00e4\u00e4rne.<\/p>\n","protected":false},"featured_media":495344,"template":"","meta":{"_acf_changed":false},"product_brand":[],"product_cat":[14017,14039],"product_tag":[],"class_list":{"0":"post-534502","1":"product","2":"type-product","3":"status-publish","4":"has-post-thumbnail","6":"product_cat-puestoli-osad","7":"product_cat-vedrud","9":"first","10":"outofstock","11":"taxable","12":"shipping-taxable","13":"purchasable","14":"product-type-simple"},"acf":[],"_links":{"self":[{"href":"https:\/\/nbg.eu\/et\/wp-json\/wp\/v2\/product\/534502","targetHints":{"allow":["GET"]}}],"collection":[{"href":"https:\/\/nbg.eu\/et\/wp-json\/wp\/v2\/product"}],"about":[{"href":"https:\/\/nbg.eu\/et\/wp-json\/wp\/v2\/types\/product"}],"wp:featuredmedia":[{"embeddable":true,"href":"https:\/\/nbg.eu\/et\/wp-json\/wp\/v2\/media\/495344"}],"wp:attachment":[{"href":"https:\/\/nbg.eu\/et\/wp-json\/wp\/v2\/media?parent=534502"}],"wp:term":[{"taxonomy":"product_brand","embeddable":true,"href":"https:\/\/nbg.eu\/et\/wp-json\/wp\/v2\/product_brand?post=534502"},{"taxonomy":"product_cat","embeddable":true,"href":"https:\/\/nbg.eu\/et\/wp-json\/wp\/v2\/product_cat?post=534502"},{"taxonomy":"product_tag","embeddable":true,"href":"https:\/\/nbg.eu\/et\/wp-json\/wp\/v2\/product_tag?post=534502"}],"curies":[{"name":"wp","href":"https:\/\/api.w.org\/{rel}","templated":true}]}}