{"id":534845,"date":"2025-09-04T20:17:18","date_gmt":"2025-09-04T17:17:18","guid":{"rendered":"https:\/\/nbg.eu\/product\/sprinco-usa-enhanced-4-coil-bolt-carrier-extractor-cs-spring-3-pak-25435-red\/"},"modified":"2026-01-21T11:51:52","modified_gmt":"2026-01-21T08:51:52","slug":"sprinco-usa-enhanced-4-coil-bolt-carrier-extractor-cs-spring-3-pak-25435-red","status":"publish","type":"product","link":"https:\/\/nbg.eu\/et\/toode\/sprinco-usa-enhanced-4-coil-bolt-carrier-extractor-cs-spring-3-pak-25435-red\/","title":{"rendered":"SPRINCO USA ENHANCED 4-COIL BOLT CARRIER EXTRACTOR CS SPRING 3-PAK (25435) Red"},"content":{"rendered":"<div class=\"product-description\">\n<h2>SPRINCO USA 4-keerulise v\u00f5lli ekstraktori CS vedru 3-pakk (25435) Punane<\/h2>\n<p>Sprinco USA-s toodetud 4-keerulise v\u00f5lli ekstraktori CS vedru 3-pakk. Valmistatud kuumt\u00f6\u00f6deldud, pingevabastatudkroom-r\u00e4ni traadist, need vedrud l\u00e4bivad kr\u00fcogeense t\u00f6\u00f6tlemise ja on kaetud mol\u00fcbdeendisulfiidiga.<\/p>\n<ul>\n<li>S\u00e4ilitab uue Mil-Spec vedru pikendatud t\u00f6\u00f6ts\u00fckli koormuse<\/li>\n<li>Sobib 18&#8243;+ rauapikkustele ja h\u00fclsside kogumiseks<\/li>\n<li>Kuumuskindel kuni 750\u00b0F<\/li>\n<li>Sobib intensiivseks kasutamiseks<\/li>\n<li>&#8220;\u00dchenda ja kasuta&#8221; lahendus<\/li>\n<\/ul>\n<p>Sprinco ekstraktori vedrud parandavad tulirelva t\u00f6\u00f6kindlust ja eluiga.<\/p>\n<\/div>\n","protected":false},"excerpt":{"rendered":"<p>Vastupidavad 4-keermelised ekstraktorivedrud pikendatud t\u00f6\u00f6ts\u00fckliteks. Valmistatud USAs.<\/p>\n","protected":false},"featured_media":495493,"template":"","meta":{"_acf_changed":false},"product_brand":[14581],"product_cat":[14021,14039],"product_tag":[],"class_list":{"0":"post-534845","1":"product","2":"type-product","3":"status-publish","4":"has-post-thumbnail","6":"product_brand-sprinco-usa","7":"product_cat-kmr-osad","8":"product_cat-vedrud","10":"first","11":"instock","12":"taxable","13":"shipping-taxable","14":"purchasable","15":"product-type-simple"},"acf":[],"_links":{"self":[{"href":"https:\/\/nbg.eu\/et\/wp-json\/wp\/v2\/product\/534845","targetHints":{"allow":["GET"]}}],"collection":[{"href":"https:\/\/nbg.eu\/et\/wp-json\/wp\/v2\/product"}],"about":[{"href":"https:\/\/nbg.eu\/et\/wp-json\/wp\/v2\/types\/product"}],"wp:featuredmedia":[{"embeddable":true,"href":"https:\/\/nbg.eu\/et\/wp-json\/wp\/v2\/media\/495493"}],"wp:attachment":[{"href":"https:\/\/nbg.eu\/et\/wp-json\/wp\/v2\/media?parent=534845"}],"wp:term":[{"taxonomy":"product_brand","embeddable":true,"href":"https:\/\/nbg.eu\/et\/wp-json\/wp\/v2\/product_brand?post=534845"},{"taxonomy":"product_cat","embeddable":true,"href":"https:\/\/nbg.eu\/et\/wp-json\/wp\/v2\/product_cat?post=534845"},{"taxonomy":"product_tag","embeddable":true,"href":"https:\/\/nbg.eu\/et\/wp-json\/wp\/v2\/product_tag?post=534845"}],"curies":[{"name":"wp","href":"https:\/\/api.w.org\/{rel}","templated":true}]}}