{"id":535174,"date":"2025-09-04T23:53:22","date_gmt":"2025-09-04T20:53:22","guid":{"rendered":"https:\/\/nbg.eu\/product\/law-tactical-llc-armorers-flange-tool-2019aft\/"},"modified":"2026-01-21T11:58:40","modified_gmt":"2026-01-21T08:58:40","slug":"law-tactical-llc-armorers-flange-tool-2019aft","status":"publish","type":"product","link":"https:\/\/nbg.eu\/et\/toode\/law-tactical-llc-armorers-flange-tool-2019aft\/","title":{"rendered":"LAW TACTICAL LLC Armorer&#8217;s Flange Tool (2019AFT)"},"content":{"rendered":"<div class=\"product-description\">\n<h2>LAW TACTICAL LLC Relvameistri \u00c4\u00e4rikut\u00f6\u00f6riist (2019AFT)<\/h2>\n<p>T\u00f6\u00f6riist Law Tactical kokkupandava p\u00fcssikaba adapteri hoolduseks. See korduvkasutatav \u00e4\u00e4riku paigaldus- ja eemaldamist\u00f6\u00f6riist on valmistatud termot\u00f6\u00f6deldud s\u00fcsinikterasest, tagades tugevuse ja vastupidavuse.<\/p>\n<ul>\n<li>T\u00f6\u00f6deldud t\u00e4isvarrasest termot\u00f6\u00f6deldud s\u00fcsinikterasest<\/li>\n<li>Loodud pikaajaliseks kasutamiseks<\/li>\n<li>3\/8-tolline nelikantava momentv\u00f5tme jaoks<\/li>\n<li>Individuaalselt kontrollitud kvaliteedi tagamiseks<\/li>\n<li>Kaetud musta meloniidiga kaitse parandamiseks<\/li>\n<\/ul>\n<p>Professionaalne t\u00e4pne t\u00f6\u00f6riist relvameistritele ja harrastajatele.<\/p>\n<\/div>\n","protected":false},"excerpt":{"rendered":"<p>Vastupidav terasest t\u00f6\u00f6riist Law Tactical kokkupandava p\u00fcssikaba adapteri \u00e4\u00e4riku jaoks.<\/p>\n","protected":false},"featured_media":495819,"template":"","meta":{"_acf_changed":false},"product_brand":[14374],"product_cat":[14087],"product_tag":[],"class_list":{"0":"post-535174","1":"product","2":"type-product","3":"status-publish","4":"has-post-thumbnail","6":"product_brand-law-tactical-llc","7":"product_cat-kategoriseerimata","9":"first","10":"outofstock","11":"taxable","12":"shipping-taxable","13":"purchasable","14":"product-type-simple"},"acf":[],"_links":{"self":[{"href":"https:\/\/nbg.eu\/et\/wp-json\/wp\/v2\/product\/535174","targetHints":{"allow":["GET"]}}],"collection":[{"href":"https:\/\/nbg.eu\/et\/wp-json\/wp\/v2\/product"}],"about":[{"href":"https:\/\/nbg.eu\/et\/wp-json\/wp\/v2\/types\/product"}],"wp:featuredmedia":[{"embeddable":true,"href":"https:\/\/nbg.eu\/et\/wp-json\/wp\/v2\/media\/495819"}],"wp:attachment":[{"href":"https:\/\/nbg.eu\/et\/wp-json\/wp\/v2\/media?parent=535174"}],"wp:term":[{"taxonomy":"product_brand","embeddable":true,"href":"https:\/\/nbg.eu\/et\/wp-json\/wp\/v2\/product_brand?post=535174"},{"taxonomy":"product_cat","embeddable":true,"href":"https:\/\/nbg.eu\/et\/wp-json\/wp\/v2\/product_cat?post=535174"},{"taxonomy":"product_tag","embeddable":true,"href":"https:\/\/nbg.eu\/et\/wp-json\/wp\/v2\/product_tag?post=535174"}],"curies":[{"name":"wp","href":"https:\/\/api.w.org\/{rel}","templated":true}]}}