{"id":535499,"date":"2025-09-05T00:00:24","date_gmt":"2025-09-04T21:00:24","guid":{"rendered":"https:\/\/nbg.eu\/product\/rh-504-2-screws-iwb\/"},"modified":"2026-01-21T11:34:53","modified_gmt":"2026-01-21T08:34:53","slug":"rh-504-2-screws-iwb","status":"publish","type":"product","link":"https:\/\/nbg.eu\/et\/toode\/rh-504-2-screws-iwb\/","title":{"rendered":"RH 504-2 Screws IWB"},"content":{"rendered":"<h1>RH 504-2 kruvid IWB &#8211; varuosade komplekt IWB vutlaritele<\/h1>\n<p>RH 504-2 kruvide IWB varuosade komplekt on m\u00f5eldud meie Black Trident IWB vutlaritele.<\/p>\n<h2>Komplekti sisu:<\/h2>\n<ul>\n<li>4 x 9mm kruvi koos h\u00fclsside ja vahet\u00fckkidega<\/li>\n<li>4 x 3mm vahet\u00fckki<\/li>\n<li>4 x 6mm kruvi<\/li>\n<li>4 x 4.7mm h\u00fclssi<\/li>\n<\/ul>\n<p>Sobib Viking, Quasimodo ja Guardian vutlari mudelitega.<\/p>\n<p><strong>Soovitus:<\/strong> Kasutage kruviliimi (m\u00fc\u00fcakse eraldi) seadmete kindlaks kinnitamiseks.<\/p>\n<p>Tellige oma RH 504-2 kruvide IWB komplekt, et hoida oma vutlar heas seisukorras.<\/p>\n","protected":false},"excerpt":{"rendered":"<p>Asenduskruvide komplekt Black Trident IWB v\u00f6\u00f6kottidele. Sisaldab 16 t\u00fckki.<\/p>\n","protected":false},"featured_media":0,"template":"","meta":{"_acf_changed":false},"product_brand":[11636],"product_cat":[14052],"product_tag":[],"class_list":{"0":"post-535499","1":"product","2":"type-product","3":"status-publish","5":"product_brand-rh-holsters","6":"product_cat-koobritarvikud","8":"first","9":"instock","10":"taxable","11":"shipping-taxable","12":"purchasable","13":"product-type-simple"},"acf":[],"_links":{"self":[{"href":"https:\/\/nbg.eu\/et\/wp-json\/wp\/v2\/product\/535499","targetHints":{"allow":["GET"]}}],"collection":[{"href":"https:\/\/nbg.eu\/et\/wp-json\/wp\/v2\/product"}],"about":[{"href":"https:\/\/nbg.eu\/et\/wp-json\/wp\/v2\/types\/product"}],"wp:attachment":[{"href":"https:\/\/nbg.eu\/et\/wp-json\/wp\/v2\/media?parent=535499"}],"wp:term":[{"taxonomy":"product_brand","embeddable":true,"href":"https:\/\/nbg.eu\/et\/wp-json\/wp\/v2\/product_brand?post=535499"},{"taxonomy":"product_cat","embeddable":true,"href":"https:\/\/nbg.eu\/et\/wp-json\/wp\/v2\/product_cat?post=535499"},{"taxonomy":"product_tag","embeddable":true,"href":"https:\/\/nbg.eu\/et\/wp-json\/wp\/v2\/product_tag?post=535499"}],"curies":[{"name":"wp","href":"https:\/\/api.w.org\/{rel}","templated":true}]}}