{"id":535822,"date":"2025-09-05T00:02:56","date_gmt":"2025-09-04T21:02:56","guid":{"rendered":"https:\/\/nbg.eu\/product\/ismi-11-lb-spring-glock-17-gl11\/"},"modified":"2026-01-21T11:40:08","modified_gmt":"2026-01-21T08:40:08","slug":"ismi-11-lb-spring-glock-17-gl11","status":"publish","type":"product","link":"https:\/\/nbg.eu\/et\/toode\/ismi-11-lb-spring-glock-17-gl11\/","title":{"rendered":"ISMI 11 lb. Spring Glock 17 (GL11)"},"content":{"rendered":"<h2>ISMI 11 naela vedru Glock 17 jaoks (GL11)<\/h2>\n<p>ISMI 11 naela vedru (GL11) Glock 17 jaoks. See vedru on m\u00f5eldud:<\/p>\n<ul>\n<li>Kelgu kiiruse suurendamiseks<\/li>\n<li>Tagasil\u00f6\u00f6gi v\u00e4hendamiseks<\/li>\n<li>T\u00f6\u00f6kindluse parandamiseks erinevate laskemoonaga<\/li>\n<li>\u00dchtlase toimivuse tagamiseks erinevates ilmastikuoludes<\/li>\n<\/ul>\n<p>Valmistatud kroom-r\u00e4ni traadist. 11 naela raskus sobib v\u00f5istlusteks ja sujuvamaks laskmiseks.<\/p>\n<p>\u00dchildub Glock 17 mudelitega ja sarnase suurusega raamidega. Lihtne paigaldada.<\/p>\n<p><strong>Tehnilised andmed:<\/strong><\/p>\n<ul>\n<li>Kaal: 11 naela<\/li>\n<li>Materjal: Kroom-r\u00e4ni<\/li>\n<li>Sobib: Glock 17 ja sarnased mudelid<\/li>\n<li>Valmistatud USAs<\/li>\n<\/ul>\n","protected":false},"excerpt":{"rendered":"<p>V\u00f5imas 5 kg vedru Glock 17 jaoks. Parandab p\u00e4\u00e4stiku t\u00f5mmet ja tagasiliikumist.<\/p>\n","protected":false},"featured_media":0,"template":"","meta":{"_acf_changed":false},"product_brand":[],"product_cat":[14021,14039],"product_tag":[],"class_list":{"0":"post-535822","1":"product","2":"type-product","3":"status-publish","5":"product_cat-kmr-osad","6":"product_cat-vedrud","8":"first","9":"outofstock","10":"taxable","11":"shipping-taxable","12":"purchasable","13":"product-type-simple"},"acf":[],"_links":{"self":[{"href":"https:\/\/nbg.eu\/et\/wp-json\/wp\/v2\/product\/535822","targetHints":{"allow":["GET"]}}],"collection":[{"href":"https:\/\/nbg.eu\/et\/wp-json\/wp\/v2\/product"}],"about":[{"href":"https:\/\/nbg.eu\/et\/wp-json\/wp\/v2\/types\/product"}],"wp:attachment":[{"href":"https:\/\/nbg.eu\/et\/wp-json\/wp\/v2\/media?parent=535822"}],"wp:term":[{"taxonomy":"product_brand","embeddable":true,"href":"https:\/\/nbg.eu\/et\/wp-json\/wp\/v2\/product_brand?post=535822"},{"taxonomy":"product_cat","embeddable":true,"href":"https:\/\/nbg.eu\/et\/wp-json\/wp\/v2\/product_cat?post=535822"},{"taxonomy":"product_tag","embeddable":true,"href":"https:\/\/nbg.eu\/et\/wp-json\/wp\/v2\/product_tag?post=535822"}],"curies":[{"name":"wp","href":"https:\/\/api.w.org\/{rel}","templated":true}]}}