{"id":535927,"date":"2025-09-05T00:03:25","date_gmt":"2025-09-04T21:03:25","guid":{"rendered":"https:\/\/nbg.eu\/product\/utg-pro-monolithic-m-lok-handguard-for-mp5k\/"},"modified":"2026-01-21T12:27:14","modified_gmt":"2026-01-21T09:27:14","slug":"utg-pro-monolithic-m-lok-handguard-for-mp5k","status":"publish","type":"product","link":"https:\/\/nbg.eu\/et\/toode\/utg-pro-monolithic-m-lok-handguard-for-mp5k\/","title":{"rendered":"UTG PRO?\u00ae MONOLITHIC M-LOK\u00ae HANDGUARD FOR MP5K"},"content":{"rendered":"<div class=\"product-description\">\n<h2>UTG PRO\u00ae Monolitne M-LOK\u00ae k\u00e4epide MP5K jaoks<\/h2>\n<p>UTG PRO\u00ae Monolitne M-LOK\u00ae k\u00e4epide MP5K jaoks pakub j\u00e4rgmist:<\/p>\n<ul>\n<li>Alumiiniumist konstruktsioon<\/li>\n<li>M-LOK\u00ae \u00fchilduvad pesad lisaseadmete kinnitamiseks<\/li>\n<li>Madala profiiliga disain<\/li>\n<li>Lihtne paigaldus ilma relvasepa abita<\/li>\n<li>Parem soojuse hajutamine<\/li>\n<li>Valmistatud USA-s, eluaegse garantiiga<\/li>\n<\/ul>\n<p>UTG PRO\u00ae Monolitne M-LOK\u00ae k\u00e4epide sobib \u00f5iguskaitseorganitele, v\u00f5istlusp\u00fcssidele ja relvahuvilistele.<\/p>\n<\/div>\n","protected":false},"excerpt":{"rendered":"<p>UTG PRO M-LOK k\u00e4epide: Stiilne, vastupidav t\u00e4iendus MP5K-le.<\/p>\n","protected":false},"featured_media":745239,"template":"","meta":{"_acf_changed":false},"product_brand":[14401],"product_cat":[14795,14085,14071,14032],"product_tag":[],"class_list":{"0":"post-535927","1":"product","2":"type-product","3":"status-publish","4":"has-post-thumbnail","6":"product_brand-leapers-inc","7":"product_cat-kasisuojat","8":"product_cat-roeoepad","9":"product_cat-vintpuess","10":"product_cat-vintpuessi-taeiustamine","12":"first","13":"instock","14":"taxable","15":"shipping-taxable","16":"purchasable","17":"product-type-simple"},"acf":[],"_links":{"self":[{"href":"https:\/\/nbg.eu\/et\/wp-json\/wp\/v2\/product\/535927","targetHints":{"allow":["GET"]}}],"collection":[{"href":"https:\/\/nbg.eu\/et\/wp-json\/wp\/v2\/product"}],"about":[{"href":"https:\/\/nbg.eu\/et\/wp-json\/wp\/v2\/types\/product"}],"wp:featuredmedia":[{"embeddable":true,"href":"https:\/\/nbg.eu\/et\/wp-json\/wp\/v2\/media\/745239"}],"wp:attachment":[{"href":"https:\/\/nbg.eu\/et\/wp-json\/wp\/v2\/media?parent=535927"}],"wp:term":[{"taxonomy":"product_brand","embeddable":true,"href":"https:\/\/nbg.eu\/et\/wp-json\/wp\/v2\/product_brand?post=535927"},{"taxonomy":"product_cat","embeddable":true,"href":"https:\/\/nbg.eu\/et\/wp-json\/wp\/v2\/product_cat?post=535927"},{"taxonomy":"product_tag","embeddable":true,"href":"https:\/\/nbg.eu\/et\/wp-json\/wp\/v2\/product_tag?post=535927"}],"curies":[{"name":"wp","href":"https:\/\/api.w.org\/{rel}","templated":true}]}}