{"id":536254,"date":"2025-09-05T00:15:54","date_gmt":"2025-09-04T21:15:54","guid":{"rendered":"https:\/\/nbg.eu\/product\/dillon-aluminum-roller-handle\/"},"modified":"2026-01-21T11:59:38","modified_gmt":"2026-01-21T08:59:38","slug":"dillon-aluminum-roller-handle","status":"publish","type":"product","link":"https:\/\/nbg.eu\/et\/toode\/dillon-aluminum-roller-handle\/","title":{"rendered":"Dillon Aluminum Roller Handle"},"content":{"rendered":"<div class=\"product-description\">\n<h2>Dillon alumiiniumist rullikuga k\u00e4epide<\/h2>\n<p>Dillon Precision&#8217;i lisavarustuse k\u00e4epide. See kerge alumiiniumist rullikuga k\u00e4epide on m\u00f5eldud mugavuse ja t\u00f5hususe parandamiseks pikkade laadimissessioonide ajal.<\/p>\n<ul>\n<li>\u00dchildub RL550, XL750 ja 650 laadijatega<\/li>\n<li>V\u00e4hendab operaatori v\u00e4simust<\/li>\n<li>Lihtsustab s\u00fctiku paigaldamist<\/li>\n<li>Tugev ja vastupidav alumiiniumkonstruktsioon<\/li>\n<li>Saadaval Dilloni sinises v\u00e4rvitoonis<\/li>\n<\/ul>\n<p>See oluline lisavarustus muudab laadimisprotsessi sujuvamaks ja mugavamaks.<\/p>\n<\/div>\n","protected":false},"excerpt":{"rendered":"<p>Ergonoomiline alumiiniumist rullk\u00e4epide sujuvamaks \u00fcmberlaadimiseks. Sobib mudelitele RL550\/XL750\/650.<\/p>\n","protected":false},"featured_media":496385,"template":"","meta":{"_acf_changed":false},"product_brand":[14345],"product_cat":[14057,14046],"product_tag":[],"class_list":{"0":"post-536254","1":"product","2":"type-product","3":"status-publish","4":"has-post-thumbnail","6":"product_brand-dillon-precision","7":"product_cat-laadimine","8":"product_cat-laadimise-tarvikud","10":"first","11":"outofstock","12":"taxable","13":"shipping-taxable","14":"purchasable","15":"product-type-simple"},"acf":[],"_links":{"self":[{"href":"https:\/\/nbg.eu\/et\/wp-json\/wp\/v2\/product\/536254","targetHints":{"allow":["GET"]}}],"collection":[{"href":"https:\/\/nbg.eu\/et\/wp-json\/wp\/v2\/product"}],"about":[{"href":"https:\/\/nbg.eu\/et\/wp-json\/wp\/v2\/types\/product"}],"wp:featuredmedia":[{"embeddable":true,"href":"https:\/\/nbg.eu\/et\/wp-json\/wp\/v2\/media\/496385"}],"wp:attachment":[{"href":"https:\/\/nbg.eu\/et\/wp-json\/wp\/v2\/media?parent=536254"}],"wp:term":[{"taxonomy":"product_brand","embeddable":true,"href":"https:\/\/nbg.eu\/et\/wp-json\/wp\/v2\/product_brand?post=536254"},{"taxonomy":"product_cat","embeddable":true,"href":"https:\/\/nbg.eu\/et\/wp-json\/wp\/v2\/product_cat?post=536254"},{"taxonomy":"product_tag","embeddable":true,"href":"https:\/\/nbg.eu\/et\/wp-json\/wp\/v2\/product_tag?post=536254"}],"curies":[{"name":"wp","href":"https:\/\/api.w.org\/{rel}","templated":true}]}}