{"id":536364,"date":"2025-09-05T00:16:15","date_gmt":"2025-09-04T21:16:15","guid":{"rendered":"https:\/\/nbg.eu\/product\/ar-15-a2-pistol-grip\/"},"modified":"2026-01-21T11:34:07","modified_gmt":"2026-01-21T08:34:07","slug":"ar-15-a2-pistol-grip","status":"publish","type":"product","link":"https:\/\/nbg.eu\/et\/toode\/ar-15-a2-pistol-grip\/","title":{"rendered":"AR-15 A2 PISTOL GRIP"},"content":{"rendered":"<h1>CZ Shadow 2 Orange &#8211; V\u00f5istlusp\u00fcstol<\/h1>\n<p>CZ Shadow 2 Orange omadused:<\/p>\n<ul>\n<li>Tehases paigaldatud rauabussing<\/li>\n<li>H\u00e4\u00e4lestatud p\u00e4\u00e4stik<\/li>\n<li>K\u00e4sitsi sobitatud kelk ja raam<\/li>\n<li>Erilised k\u00e4epidemed ja pikendatud salvevabastusnupp<\/li>\n<li>Reguleeritav salvevabastusnupp kolme seadistusega<\/li>\n<li>Nitriitkate ja t\u00e4iendav pol\u00fckate raamil<\/li>\n<li>\u00d5hukesed alumiiniumk\u00e4epidemed tekstuuriga<\/li>\n<li>Fiiber-optiline eesmine sihik ja reguleeritav HAJO tagumine sihik<\/li>\n<li>Kahepoolne k\u00e4sitsi kasutatav kaitseriiv<\/li>\n<\/ul>\n<p>9mm Luger padruniga, 17+1 mahutavusega, 46,5-untsine terasraamiga p\u00fcstol v\u00f5istlusp\u00fcstoli kasutajatele.<\/p>\n","protected":false},"excerpt":{"rendered":"<p>Klassikaline AR-15 k\u00e4epide. Ergonoomiline disain. Vastupidav pol\u00fcmeerist konstruktsioon.<\/p>\n","protected":false},"featured_media":496408,"template":"","meta":{"_acf_changed":false},"product_brand":[],"product_cat":[14071,14032],"product_tag":[],"class_list":{"0":"post-536364","1":"product","2":"type-product","3":"status-publish","4":"has-post-thumbnail","6":"product_cat-vintpuess","7":"product_cat-vintpuessi-taeiustamine","9":"first","10":"outofstock","11":"taxable","12":"shipping-taxable","13":"purchasable","14":"product-type-simple"},"acf":[],"_links":{"self":[{"href":"https:\/\/nbg.eu\/et\/wp-json\/wp\/v2\/product\/536364","targetHints":{"allow":["GET"]}}],"collection":[{"href":"https:\/\/nbg.eu\/et\/wp-json\/wp\/v2\/product"}],"about":[{"href":"https:\/\/nbg.eu\/et\/wp-json\/wp\/v2\/types\/product"}],"wp:featuredmedia":[{"embeddable":true,"href":"https:\/\/nbg.eu\/et\/wp-json\/wp\/v2\/media\/496408"}],"wp:attachment":[{"href":"https:\/\/nbg.eu\/et\/wp-json\/wp\/v2\/media?parent=536364"}],"wp:term":[{"taxonomy":"product_brand","embeddable":true,"href":"https:\/\/nbg.eu\/et\/wp-json\/wp\/v2\/product_brand?post=536364"},{"taxonomy":"product_cat","embeddable":true,"href":"https:\/\/nbg.eu\/et\/wp-json\/wp\/v2\/product_cat?post=536364"},{"taxonomy":"product_tag","embeddable":true,"href":"https:\/\/nbg.eu\/et\/wp-json\/wp\/v2\/product_tag?post=536364"}],"curies":[{"name":"wp","href":"https:\/\/api.w.org\/{rel}","templated":true}]}}