{"id":538189,"date":"2025-09-05T17:27:04","date_gmt":"2025-09-05T14:27:04","guid":{"rendered":"https:\/\/nbg.eu\/product\/b5-systems-ar-15-precision-stock\/"},"modified":"2026-02-27T15:51:18","modified_gmt":"2026-02-27T12:51:18","slug":"b5-systems-ar-15-precision-stock","status":"publish","type":"product","link":"https:\/\/nbg.eu\/et\/toode\/b5-systems-ar-15-precision-stock\/","title":{"rendered":"B5 SYSTEMS AR-15 PRECISION STOCK"},"content":{"rendered":"<div class=\"product-description\">\n<h2>B5 SYSTEMS AR-15 T\u00c4PSUSLASK<\/h2>\n<p>B5 Systems kokkupandav t\u00e4psuslask AR-15-le. See p\u00fcssilask \u00fchendab fikseeritud lae stabiilsuse reguleeritava karbiin-lae mitmek\u00fclgsusega.<\/p>\n<ul>\n<li>Vastupidav must tugevdatud pol\u00fcmeerist konstruktsioon<\/li>\n<li>\u00dchildub Mil-Spec karbiin-pikkusega puhvritoru<\/li>\n<li>Sisemised pingutid k\u00f5rvaldavad l\u00f5gina<\/li>\n<li>Reguleeritav p\u00f5sepadi ja p\u00f5setoe k\u00f5rgendus<\/li>\n<li>Kaks piiratud p\u00f6\u00f6rlemisega QD rihmakinnitust ja fikseeritud rihmakinnitused<\/li>\n<li>M-LOK pesad lisatarvikute kinnitamiseks<\/li>\n<\/ul>\n<p>See p\u00fcssilask on m\u00f5eldud t\u00f5sistele relvakomplektidele. B5 Systems pakub komponente, mis keskenduvad funktsionaalsusele.<\/p>\n<\/div>\n","protected":false},"excerpt":{"rendered":"<p>Reguleeritav, stabiilne AR-15 p\u00fcssip\u00e4ra p\u00f5setoega ja mitme rihmakinnitusega.<\/p>\n","protected":false},"featured_media":497068,"template":"","meta":{"_acf_changed":false},"product_brand":[],"product_cat":[14032,14067],"product_tag":[],"class_list":{"0":"post-538189","1":"product","2":"type-product","3":"status-publish","4":"has-post-thumbnail","6":"product_cat-vintpuessi-taeiustamine","7":"product_cat-vintpuessikorongatoed","9":"first","10":"outofstock","11":"taxable","12":"shipping-taxable","13":"purchasable","14":"product-type-simple"},"acf":[],"_links":{"self":[{"href":"https:\/\/nbg.eu\/et\/wp-json\/wp\/v2\/product\/538189","targetHints":{"allow":["GET"]}}],"collection":[{"href":"https:\/\/nbg.eu\/et\/wp-json\/wp\/v2\/product"}],"about":[{"href":"https:\/\/nbg.eu\/et\/wp-json\/wp\/v2\/types\/product"}],"wp:featuredmedia":[{"embeddable":true,"href":"https:\/\/nbg.eu\/et\/wp-json\/wp\/v2\/media\/497068"}],"wp:attachment":[{"href":"https:\/\/nbg.eu\/et\/wp-json\/wp\/v2\/media?parent=538189"}],"wp:term":[{"taxonomy":"product_brand","embeddable":true,"href":"https:\/\/nbg.eu\/et\/wp-json\/wp\/v2\/product_brand?post=538189"},{"taxonomy":"product_cat","embeddable":true,"href":"https:\/\/nbg.eu\/et\/wp-json\/wp\/v2\/product_cat?post=538189"},{"taxonomy":"product_tag","embeddable":true,"href":"https:\/\/nbg.eu\/et\/wp-json\/wp\/v2\/product_tag?post=538189"}],"curies":[{"name":"wp","href":"https:\/\/api.w.org\/{rel}","templated":true}]}}