{"id":539246,"date":"2025-09-05T17:38:16","date_gmt":"2025-09-05T14:38:16","guid":{"rendered":"https:\/\/nbg.eu\/product\/zero-compromise-optic-zc527-10mil-mpct2x\/"},"modified":"2026-01-21T11:29:43","modified_gmt":"2026-01-21T08:29:43","slug":"zero-compromise-optic-zc527-10mil-mpct2x","status":"publish","type":"product","link":"https:\/\/nbg.eu\/et\/toode\/zero-compromise-optic-zc527-10mil-mpct2x\/","title":{"rendered":"Zero Compromise Optic ZC527 10MIL MPCT2X"},"content":{"rendered":"<h1>Zero Compromise Optic ZC527 10MIL MPCT2X<\/h1>\n<p>ZC527 on t\u00e4pne p\u00fcssiskoop. See on 387mm pikk ja kaalub 1122g. Skoop pakub:<\/p>\n<ul>\n<li>35 mil k\u00f5rguse reguleerimist<\/li>\n<li>20 mil k\u00fclgsuuna reguleerimist<\/li>\n<li>7m\/100m vaatev\u00e4lja<\/li>\n<li>Head valguse l\u00e4bilaskvust<\/li>\n<li>Head eraldusv\u00f5imet<\/li>\n<\/ul>\n<p>ZC527 on valmistatud kvaliteetsetest materjalidest. Saadaval tavalise viimistlusega v\u00f5i FDE (flat dark earth) v\u00e4rviga.<\/p>\n<p>Zero Compromise Optic ZC527 on k\u00f5rgekvaliteediline p\u00fcssiskoop.<\/p>\n","protected":false},"excerpt":{"rendered":"<p>Kvaliteetne vintp\u00fcssisihik: V\u00f5rratu selgus, lai vaatev\u00e4li, t\u00e4psed reguleerimised.<\/p>\n","protected":false},"featured_media":497384,"template":"","meta":{"_acf_changed":false},"product_brand":[15185],"product_cat":[14022,14035],"product_tag":[],"class_list":{"0":"post-539246","1":"product","2":"type-product","3":"status-publish","4":"has-post-thumbnail","6":"product_brand-zero-compromise-optics","7":"product_cat-sihtimisviir","8":"product_cat-suurendavad-optikad","10":"first","11":"outofstock","12":"taxable","13":"shipping-taxable","14":"purchasable","15":"product-type-simple"},"acf":[],"_links":{"self":[{"href":"https:\/\/nbg.eu\/et\/wp-json\/wp\/v2\/product\/539246","targetHints":{"allow":["GET"]}}],"collection":[{"href":"https:\/\/nbg.eu\/et\/wp-json\/wp\/v2\/product"}],"about":[{"href":"https:\/\/nbg.eu\/et\/wp-json\/wp\/v2\/types\/product"}],"wp:featuredmedia":[{"embeddable":true,"href":"https:\/\/nbg.eu\/et\/wp-json\/wp\/v2\/media\/497384"}],"wp:attachment":[{"href":"https:\/\/nbg.eu\/et\/wp-json\/wp\/v2\/media?parent=539246"}],"wp:term":[{"taxonomy":"product_brand","embeddable":true,"href":"https:\/\/nbg.eu\/et\/wp-json\/wp\/v2\/product_brand?post=539246"},{"taxonomy":"product_cat","embeddable":true,"href":"https:\/\/nbg.eu\/et\/wp-json\/wp\/v2\/product_cat?post=539246"},{"taxonomy":"product_tag","embeddable":true,"href":"https:\/\/nbg.eu\/et\/wp-json\/wp\/v2\/product_tag?post=539246"}],"curies":[{"name":"wp","href":"https:\/\/api.w.org\/{rel}","templated":true}]}}