{"id":539382,"date":"2025-09-05T17:38:17","date_gmt":"2025-09-05T14:38:17","guid":{"rendered":"https:\/\/nbg.eu\/product\/zco-mount\/"},"modified":"2026-01-21T11:38:41","modified_gmt":"2026-01-21T08:38:41","slug":"zco-mount","status":"publish","type":"product","link":"https:\/\/nbg.eu\/et\/toode\/zco-mount\/","title":{"rendered":"ZCO Mount"},"content":{"rendered":"<div class=\"product-description\">\n<h1>ZCO plokk-kinnitus: T\u00e4ppisoptika jaoks<\/h1>\n<p>ZCO plokk-kinnitus, 0Mil \/ 6Mil kalde valikuga. Valmistatud Austrias CNC freesimise tehnoloogiaga ZCO optika jaoks.<\/p>\n<ul>\n<li>Valmistatud EN AW-7075 alumiiniumist anodeeritud kattega<\/li>\n<li>Kokkupandav vesilood (vasakule v\u00f5i paremale kinnitamiseks)<\/li>\n<li>Integreeritud mira\u017eiriba puks<\/li>\n<li>Sisaldab tasandusklotsi optika joondamiseks<\/li>\n<li>Kaasas vajalikud Torx-otsikud<\/li>\n<\/ul>\n<p>Professionaalne kinnituss\u00fcsteem relva potentsiaali maksimeerimiseks. ZCO plokk-kinnitus \u00fchendab tugevuse, t\u00e4psuse ja mitmek\u00fclgsuse.<\/p>\n<\/div>\n","protected":false},"excerpt":{"rendered":"<p>T\u00e4pne ZCO kinnitus: professionaalse tasemega, CNC-freesitud, sisseehitatud loodi-ga.<\/p>\n","protected":false},"featured_media":497522,"template":"","meta":{"_acf_changed":false},"product_brand":[15185],"product_cat":[14907,14022],"product_tag":[],"class_list":{"0":"post-539382","1":"product","2":"type-product","3":"status-publish","4":"has-post-thumbnail","6":"product_brand-zero-compromise-optics","7":"product_cat-mounts-et","8":"product_cat-sihtimisviir","10":"first","11":"outofstock","12":"taxable","13":"shipping-taxable","14":"purchasable","15":"product-type-simple"},"acf":[],"_links":{"self":[{"href":"https:\/\/nbg.eu\/et\/wp-json\/wp\/v2\/product\/539382","targetHints":{"allow":["GET"]}}],"collection":[{"href":"https:\/\/nbg.eu\/et\/wp-json\/wp\/v2\/product"}],"about":[{"href":"https:\/\/nbg.eu\/et\/wp-json\/wp\/v2\/types\/product"}],"wp:featuredmedia":[{"embeddable":true,"href":"https:\/\/nbg.eu\/et\/wp-json\/wp\/v2\/media\/497522"}],"wp:attachment":[{"href":"https:\/\/nbg.eu\/et\/wp-json\/wp\/v2\/media?parent=539382"}],"wp:term":[{"taxonomy":"product_brand","embeddable":true,"href":"https:\/\/nbg.eu\/et\/wp-json\/wp\/v2\/product_brand?post=539382"},{"taxonomy":"product_cat","embeddable":true,"href":"https:\/\/nbg.eu\/et\/wp-json\/wp\/v2\/product_cat?post=539382"},{"taxonomy":"product_tag","embeddable":true,"href":"https:\/\/nbg.eu\/et\/wp-json\/wp\/v2\/product_tag?post=539382"}],"curies":[{"name":"wp","href":"https:\/\/api.w.org\/{rel}","templated":true}]}}