{"id":539762,"date":"2025-09-05T17:40:49","date_gmt":"2025-09-05T14:40:49","guid":{"rendered":"https:\/\/nbg.eu\/product\/scope-mount-30mm-vortex-pro-series-low-pr30-l\/"},"modified":"2026-01-21T12:26:39","modified_gmt":"2026-01-21T09:26:39","slug":"scope-mount-30mm-vortex-pro-series-low-pr30-l","status":"publish","type":"product","link":"https:\/\/nbg.eu\/et\/toode\/scope-mount-30mm-vortex-pro-series-low-pr30-l\/","title":{"rendered":"Scope mount 30mm Vortex Pro Series LOW PR30-l"},"content":{"rendered":"<h1>Vortex Pro 30mm Madal (0.90&#8243;) Sihikukinnitus PR30-L<\/h1>\n<p>Vortex Pro seeria 30mm madala k\u00f5rgusega kinnitused sihiku paigaldamiseks. Valmistatud lennukite kvaliteediga 6061 alumiiniumist, need kinnitused pakuvad usaldusv\u00e4\u00e4rsust ja tugevust.<\/p>\n<h2>P\u00f5hiomadused:<\/h2>\n<ul>\n<li>K\u00f5va matt must anodeeritud viimistlus<\/li>\n<li>Laseriga graveeritud p\u00f6\u00f6rdemomendi spetsifikatsioonid<\/li>\n<li>#8 kinnitused kindlaks paigaldamiseks<\/li>\n<li>Integreeritud tagasil\u00f6\u00f6gi tugi lisastabiilsuseks<\/li>\n<li>\u00dchildub Weaver v\u00f5i Picatinny relvasiinidega<\/li>\n<li>Kerge disain, kaalub vaid 1.58 untsi<\/li>\n<\/ul>\n<p>Vortex Pro PR30-L kinnitused tagavad, et teie sihik p\u00fcsib kindlalt paigal. Vortex Pro pakub t\u00e4psust ja vastupidavust.<\/p>\n","protected":false},"excerpt":{"rendered":"<p>Vastupidavad 30mm madalad p\u00fcssioptika r\u00f5ngad Weaver\/Picatinny siinidele. T\u00e4ppist\u00f6\u00f6deldud.<\/p>\n","protected":false},"featured_media":497568,"template":"","meta":{"_acf_changed":false},"product_brand":[11956],"product_cat":[14047,14022],"product_tag":[],"class_list":{"0":"post-539762","1":"product","2":"type-product","3":"status-publish","4":"has-post-thumbnail","6":"product_brand-vortex","7":"product_cat-sihtimisvahendid","8":"product_cat-sihtimisviir","10":"first","11":"outofstock","12":"taxable","13":"shipping-taxable","14":"purchasable","15":"product-type-simple"},"acf":[],"_links":{"self":[{"href":"https:\/\/nbg.eu\/et\/wp-json\/wp\/v2\/product\/539762","targetHints":{"allow":["GET"]}}],"collection":[{"href":"https:\/\/nbg.eu\/et\/wp-json\/wp\/v2\/product"}],"about":[{"href":"https:\/\/nbg.eu\/et\/wp-json\/wp\/v2\/types\/product"}],"wp:featuredmedia":[{"embeddable":true,"href":"https:\/\/nbg.eu\/et\/wp-json\/wp\/v2\/media\/497568"}],"wp:attachment":[{"href":"https:\/\/nbg.eu\/et\/wp-json\/wp\/v2\/media?parent=539762"}],"wp:term":[{"taxonomy":"product_brand","embeddable":true,"href":"https:\/\/nbg.eu\/et\/wp-json\/wp\/v2\/product_brand?post=539762"},{"taxonomy":"product_cat","embeddable":true,"href":"https:\/\/nbg.eu\/et\/wp-json\/wp\/v2\/product_cat?post=539762"},{"taxonomy":"product_tag","embeddable":true,"href":"https:\/\/nbg.eu\/et\/wp-json\/wp\/v2\/product_tag?post=539762"}],"curies":[{"name":"wp","href":"https:\/\/api.w.org\/{rel}","templated":true}]}}