{"id":539873,"date":"2025-09-05T17:40:49","date_gmt":"2025-09-05T14:40:49","guid":{"rendered":"https:\/\/nbg.eu\/product\/badger-ordnance-c1-coaxial-laser-integration-fixture-9-slot-rail-black-700-20b\/"},"modified":"2026-01-21T12:07:04","modified_gmt":"2026-01-21T09:07:04","slug":"badger-ordnance-c1-coaxial-laser-integration-fixture-9-slot-rail-black-700-20b","status":"publish","type":"product","link":"https:\/\/nbg.eu\/et\/toode\/badger-ordnance-c1-coaxial-laser-integration-fixture-9-slot-rail-black-700-20b\/","title":{"rendered":"BADGER ORDNANCE C1 COAXIAL LASER INTEGRATION FIXTURE 9 SLOT RAIL BLACK (700-20B)"},"content":{"rendered":"<div class=\"product-description\">\n<h2>BADGER ORDNANCE C1 KOAKSIAALSE LASERI INTEGREERIMISE SEADE 9 S\u00c4LGUGA RELSIGA MUST (700-20B)<\/h2>\n<p>Badger Ordnance 9-s\u00e4lguga CLIF (koaksiaalse laseri integreerimise seade). See tarvik on m\u00f5eldud kasutamiseks Badgeri Condition One kinnitustega, v\u00f5imaldades relvale paigaldatavate laserkindusm\u00f5\u00f5turite integreerimist.<\/p>\n<ul>\n<li>\u00dchildub ARC-ga laserite ja kaugusm\u00f5\u00f5turite kinnitamiseks optika kohale<\/li>\n<li>Kinnitub ilma C1 tarvikur\u00f5ngast eemaldamata, s\u00e4ilitades p\u00f5hioptika algse sihiku<\/li>\n<li>9-s\u00e4lguga relsi disain erinevateks kinnitusv\u00f5imalusteks<\/li>\n<li>Must viimistlus<\/li>\n<li>Osa number: 700-20B<\/li>\n<\/ul>\n<p>Laos olemas ja valmis saatmiseks.<\/p>\n<\/div>\n","protected":false},"excerpt":{"rendered":"<p>BADGER ORDNANCE C1 CLIF: 9-pesa siin laserite integreerimiseks optikale.<\/p>\n","protected":false},"featured_media":497591,"template":"","meta":{"_acf_changed":false},"product_brand":[11086],"product_cat":[14907,14047,14022],"product_tag":[],"class_list":{"0":"post-539873","1":"product","2":"type-product","3":"status-publish","4":"has-post-thumbnail","6":"product_brand-badger-ordnance","7":"product_cat-mounts-et","8":"product_cat-sihtimisvahendid","9":"product_cat-sihtimisviir","11":"first","12":"instock","13":"taxable","14":"shipping-taxable","15":"purchasable","16":"product-type-simple"},"acf":[],"_links":{"self":[{"href":"https:\/\/nbg.eu\/et\/wp-json\/wp\/v2\/product\/539873","targetHints":{"allow":["GET"]}}],"collection":[{"href":"https:\/\/nbg.eu\/et\/wp-json\/wp\/v2\/product"}],"about":[{"href":"https:\/\/nbg.eu\/et\/wp-json\/wp\/v2\/types\/product"}],"wp:featuredmedia":[{"embeddable":true,"href":"https:\/\/nbg.eu\/et\/wp-json\/wp\/v2\/media\/497591"}],"wp:attachment":[{"href":"https:\/\/nbg.eu\/et\/wp-json\/wp\/v2\/media?parent=539873"}],"wp:term":[{"taxonomy":"product_brand","embeddable":true,"href":"https:\/\/nbg.eu\/et\/wp-json\/wp\/v2\/product_brand?post=539873"},{"taxonomy":"product_cat","embeddable":true,"href":"https:\/\/nbg.eu\/et\/wp-json\/wp\/v2\/product_cat?post=539873"},{"taxonomy":"product_tag","embeddable":true,"href":"https:\/\/nbg.eu\/et\/wp-json\/wp\/v2\/product_tag?post=539873"}],"curies":[{"name":"wp","href":"https:\/\/api.w.org\/{rel}","templated":true}]}}