{"id":540605,"date":"2025-09-05T17:42:22","date_gmt":"2025-09-05T14:42:22","guid":{"rendered":"https:\/\/nbg.eu\/product\/lyman-pro-trim-die\/"},"modified":"2026-01-21T11:45:39","modified_gmt":"2026-01-21T08:45:39","slug":"lyman-pro-trim-die","status":"publish","type":"product","link":"https:\/\/nbg.eu\/et\/toode\/lyman-pro-trim-die\/","title":{"rendered":"Lyman Pro Trim Die"},"content":{"rendered":"<div class=\"product-description\">\n<h2>Lyman Pro Trim stantsid<\/h2>\n<p>Lyman Pro Trim stantsid on valmistatud USAs. Need stantsid sisaldavad j\u00e4rgmisi omadusi:<\/p>\n<ul>\n<li>Roostevabast terasest konstruktsioon vastupidavuse tagamiseks<\/li>\n<li>7\/8-14 alumine keere, \u00fchildub k\u00f5igi Lyman, Mark 7 ja teiste populaarsete \u00fcmberlaadimispressidega<\/li>\n<li>13\/16-20 \u00fclemine keere, sobib Lymani pressile kinnitatud trimmeriga ja teiste levinud valikutega<\/li>\n<li>Eluaegne kasutusgarantii t\u00e4nu kvaliteetsetele materjalidele ja valmistamisele<\/li>\n<\/ul>\n<p>Lyman Pro Trim stantsid on t\u00e4psed ja mitmek\u00fclgsed \u00fcmberlaadimisseadmed. Need stantsid pakuvad kvaliteeti ja \u00fchilduvust j\u00e4rjepidevate ja t\u00e4psete tulemuste saavutamiseks nii kogenud \u00fcmberlaadijatele kui ka algajatele.<\/p>\n<\/div>\n","protected":false},"excerpt":{"rendered":"<p>T\u00e4ppisvalmistatud USA roostevabast terasest matriits padrunikestade l\u00f5ikamiseks. \u00dchildub pressiga.<\/p>\n","protected":false},"featured_media":497824,"template":"","meta":{"_acf_changed":false},"product_brand":[11262],"product_cat":[14057,14046],"product_tag":[],"class_list":{"0":"post-540605","1":"product","2":"type-product","3":"status-publish","4":"has-post-thumbnail","6":"product_brand-doublealpha","7":"product_cat-laadimine","8":"product_cat-laadimise-tarvikud","10":"first","11":"outofstock","12":"taxable","13":"shipping-taxable","14":"purchasable","15":"product-type-simple"},"acf":[],"_links":{"self":[{"href":"https:\/\/nbg.eu\/et\/wp-json\/wp\/v2\/product\/540605","targetHints":{"allow":["GET"]}}],"collection":[{"href":"https:\/\/nbg.eu\/et\/wp-json\/wp\/v2\/product"}],"about":[{"href":"https:\/\/nbg.eu\/et\/wp-json\/wp\/v2\/types\/product"}],"wp:featuredmedia":[{"embeddable":true,"href":"https:\/\/nbg.eu\/et\/wp-json\/wp\/v2\/media\/497824"}],"wp:attachment":[{"href":"https:\/\/nbg.eu\/et\/wp-json\/wp\/v2\/media?parent=540605"}],"wp:term":[{"taxonomy":"product_brand","embeddable":true,"href":"https:\/\/nbg.eu\/et\/wp-json\/wp\/v2\/product_brand?post=540605"},{"taxonomy":"product_cat","embeddable":true,"href":"https:\/\/nbg.eu\/et\/wp-json\/wp\/v2\/product_cat?post=540605"},{"taxonomy":"product_tag","embeddable":true,"href":"https:\/\/nbg.eu\/et\/wp-json\/wp\/v2\/product_tag?post=540605"}],"curies":[{"name":"wp","href":"https:\/\/api.w.org\/{rel}","templated":true}]}}