{"id":540709,"date":"2025-09-05T17:42:23","date_gmt":"2025-09-05T14:42:23","guid":{"rendered":"https:\/\/nbg.eu\/product\/zco-throw-lever\/"},"modified":"2026-01-21T11:39:58","modified_gmt":"2026-01-21T08:39:58","slug":"zco-throw-lever","status":"publish","type":"product","link":"https:\/\/nbg.eu\/et\/toode\/zco-throw-lever\/","title":{"rendered":"ZCO &#8211; Throw Lever"},"content":{"rendered":"<h1>ZCO &#8211; Suurenduse hoob<\/h1>\n<p>ZCO suurenduse hoob on loodud Zero Compromise Optic t\u00e4psuslaskuri sihikutele. See lisaseade \u00fchildub sihiku okulaariga, v\u00f5imaldades kiiret suurenduse muutmist sihtm\u00e4rgi tabamisel.<\/p>\n<h2>P\u00f5hiomadused:<\/h2>\n<ul>\n<li>Valmistatud \u00fcheosalisest 7075-T6 alumiiniumist<\/li>\n<li>Liivapritsitud ja anodeeritud vastupidavuse tagamiseks<\/li>\n<li>Lihtne disain h\u00f5lpsaks paigaldamiseks<\/li>\n<li>Reguleeritav asend sihiku suurendusr\u00f5ngal<\/li>\n<li>Sobib visuaalselt ZCO sihikutega<\/li>\n<\/ul>\n<p>ZCO suurenduse hoob v\u00f5imaldab kiiremat suurenduse muutmist ja paremat kontrolli, sobides laskuritele, kes soovivad optimaalset j\u00f5udlust.<\/p>\n","protected":false},"excerpt":{"rendered":"<p>ZCO heeblihoob: Kiire suurenduse reguleerimine t\u00e4psusskoobi jaoks.<\/p>\n","protected":false},"featured_media":497847,"template":"","meta":{"_acf_changed":false},"product_brand":[15185],"product_cat":[14047,14022,14035],"product_tag":[],"class_list":{"0":"post-540709","1":"product","2":"type-product","3":"status-publish","4":"has-post-thumbnail","6":"product_brand-zero-compromise-optics","7":"product_cat-sihtimisvahendid","8":"product_cat-sihtimisviir","9":"product_cat-suurendavad-optikad","11":"first","12":"instock","13":"taxable","14":"shipping-taxable","15":"purchasable","16":"product-type-simple"},"acf":[],"_links":{"self":[{"href":"https:\/\/nbg.eu\/et\/wp-json\/wp\/v2\/product\/540709","targetHints":{"allow":["GET"]}}],"collection":[{"href":"https:\/\/nbg.eu\/et\/wp-json\/wp\/v2\/product"}],"about":[{"href":"https:\/\/nbg.eu\/et\/wp-json\/wp\/v2\/types\/product"}],"wp:featuredmedia":[{"embeddable":true,"href":"https:\/\/nbg.eu\/et\/wp-json\/wp\/v2\/media\/497847"}],"wp:attachment":[{"href":"https:\/\/nbg.eu\/et\/wp-json\/wp\/v2\/media?parent=540709"}],"wp:term":[{"taxonomy":"product_brand","embeddable":true,"href":"https:\/\/nbg.eu\/et\/wp-json\/wp\/v2\/product_brand?post=540709"},{"taxonomy":"product_cat","embeddable":true,"href":"https:\/\/nbg.eu\/et\/wp-json\/wp\/v2\/product_cat?post=540709"},{"taxonomy":"product_tag","embeddable":true,"href":"https:\/\/nbg.eu\/et\/wp-json\/wp\/v2\/product_tag?post=540709"}],"curies":[{"name":"wp","href":"https:\/\/api.w.org\/{rel}","templated":true}]}}