{"id":540815,"date":"2025-09-05T18:09:45","date_gmt":"2025-09-05T15:09:45","guid":{"rendered":"https:\/\/nbg.eu\/product\/bullet-berger-cal-6-5-creedmoor-elite-hunter-140gr-100pcs\/"},"modified":"2026-01-21T12:27:40","modified_gmt":"2026-01-21T09:27:40","slug":"bullet-berger-cal-6-5-creedmoor-elite-hunter-140gr-100pcs","status":"publish","type":"product","link":"https:\/\/nbg.eu\/et\/toode\/bullet-berger-cal-6-5-creedmoor-elite-hunter-140gr-100pcs\/","title":{"rendered":"Bullet Berger cal. 6.5 Creedmoor Elite Hunter 140gr.\/100pcs."},"content":{"rendered":"<h2>Kuul Berger kal. 6.5 Creedmoor Elite Hunter 140gr.\/100tk.<\/h2>\n<p>Berger&#8217;i 6.5 Creedmoor 140 Grain Elite Hunter p\u00fcssipadruni omadused:<\/p>\n<ul>\n<li><strong>T\u00e4psus:<\/strong> J4 Precision kuulikestade kasutamine +\/-.0003&#8243; koguviskega (TIR)<\/li>\n<li><strong>H\u00fcbriid-ogival:<\/strong> \u00dchendab tangent- ja sekant-ninakujud<\/li>\n<li><strong>\u00dchtlane s\u00fcdamik:<\/strong> Tagab usaldusv\u00e4\u00e4rse kukkumise ja j\u00e4rjepideva ballistilise koefitsiendi<\/li>\n<li><strong>Paadisaba disain:<\/strong> Annab aerod\u00fcnaamilise eelise pikemal distantsil<\/li>\n<li><strong>J4 jahikest:<\/strong> V\u00f5imaldab 2-3&#8243; l\u00e4bimist enne kiiret laienemist<\/li>\n<\/ul>\n<p>6.5 Creedmoor Elite Hunter omab G1 ballistilist koefitsienti 0.606 ja suudmekiirust 2750 jalga sekundis.<\/p>\n<p>Spetsifikatsioonid:<\/p>\n<ul>\n<li>Kaal: 140 Grain<\/li>\n<li>G7 ballistiline koefitsient: 0.31<\/li>\n<li>Minimaalne vint: 1:8&#8243; v\u00f5i kiirem<\/li>\n<li>Maksimaalne COAL: 2.825&#8243;<\/li>\n<li>Suudmeenergia: 2351 ft-lb<\/li>\n<\/ul>\n","protected":false},"excerpt":{"rendered":"<p>Elite Hunter 6.5 Creedmoor: T\u00e4pne, usaldusv\u00e4\u00e4rne 140-grainine kuul keskmise suurusega ulukitele.<\/p>\n","protected":false},"featured_media":498846,"template":"","meta":{"_acf_changed":false},"product_brand":[15058],"product_cat":[14057,14074],"product_tag":[],"class_list":{"0":"post-540815","1":"product","2":"type-product","3":"status-publish","4":"has-post-thumbnail","6":"product_brand-berger-bullets","7":"product_cat-laadimine","8":"product_cat-laskemoon","10":"first","11":"instock","12":"taxable","13":"shipping-taxable","14":"product-type-simple"},"acf":[],"_links":{"self":[{"href":"https:\/\/nbg.eu\/et\/wp-json\/wp\/v2\/product\/540815","targetHints":{"allow":["GET"]}}],"collection":[{"href":"https:\/\/nbg.eu\/et\/wp-json\/wp\/v2\/product"}],"about":[{"href":"https:\/\/nbg.eu\/et\/wp-json\/wp\/v2\/types\/product"}],"wp:featuredmedia":[{"embeddable":true,"href":"https:\/\/nbg.eu\/et\/wp-json\/wp\/v2\/media\/498846"}],"wp:attachment":[{"href":"https:\/\/nbg.eu\/et\/wp-json\/wp\/v2\/media?parent=540815"}],"wp:term":[{"taxonomy":"product_brand","embeddable":true,"href":"https:\/\/nbg.eu\/et\/wp-json\/wp\/v2\/product_brand?post=540815"},{"taxonomy":"product_cat","embeddable":true,"href":"https:\/\/nbg.eu\/et\/wp-json\/wp\/v2\/product_cat?post=540815"},{"taxonomy":"product_tag","embeddable":true,"href":"https:\/\/nbg.eu\/et\/wp-json\/wp\/v2\/product_tag?post=540815"}],"curies":[{"name":"wp","href":"https:\/\/api.w.org\/{rel}","templated":true}]}}