{"id":540933,"date":"2025-09-05T18:09:45","date_gmt":"2025-09-05T15:09:45","guid":{"rendered":"https:\/\/nbg.eu\/product\/dillon-xl650-xl750-conversion-kit-cal-308-30-6\/"},"modified":"2026-01-21T12:07:05","modified_gmt":"2026-01-21T09:07:05","slug":"dillon-xl650-xl750-conversion-kit-cal-308-30-6","status":"publish","type":"product","link":"https:\/\/nbg.eu\/et\/toode\/dillon-xl650-xl750-conversion-kit-cal-308-30-6\/","title":{"rendered":"Dillon XL650 \/ XL750 Conversion kit &#8211; Cal. .308\/30-6"},"content":{"rendered":"<h2>Dillon XL650\/750 muundamiskomplekt .308 Win<\/h2>\n<p>Dillon XL650\/750 muundamiskomplekt .308 Winchester jaoks. See komplekt sobib Dillon XL650 v\u00f5i XL750 progressiivse taaslaadimispressiga.<\/p>\n<h2>P\u00f5hiomadused:<\/h2>\n<ul>\n<li><strong>Progressiivse pressiga integreerimine:<\/strong> Muudab XL650 v\u00f5i XL750 .308 Winchester padruni laadimiseks.<\/li>\n<li><strong>Suure mahu kohandatavus:<\/strong> V\u00f5imaldab kiireid kaliibrivahetusi ilma eraldi pressita.<\/li>\n<li><strong>Vastupidav konstruktsioon:<\/strong> Valmistatud materjalidest, mis taluvad progressiivse taaslaadimise n\u00f5udeid.<\/li>\n<li><strong>Kasutajas\u00f5bralik disain:<\/strong> Lihtne paigaldada ja eemaldada kaliibrivahetusteks.<\/li>\n<\/ul>\n<h2>Komplekti kuulub:<\/h2>\n<ul>\n<li>Spetsiaalne padruniplaat .308 Win padrunite hoidmiseks<\/li>\n<li>Sobivad p\u00fcssirohu lehtrid<\/li>\n<li>T\u00e4pselt m\u00f5\u00f5detud padruni joondamise nupud<\/li>\n<\/ul>\n<p>Valmistatud USA-s. See komplekt kasutab XL650\/750 mitme jaama disaini, toodates suures koguses .308 Winchester laskemoona \u00fche k\u00e4epideme t\u00f5mbega.<\/p>\n<h2>Spetsifikatsioonid:<\/h2>\n<ul>\n<li><strong>Tootja:<\/strong> Dillon Precision<\/li>\n<li><strong>Garantii:<\/strong> 2 aastat<\/li>\n<li><strong>Sobivad kaliibrid:<\/strong> .308 Winchester, 7.62x51mm<\/li>\n<\/ul>\n","protected":false},"excerpt":{"rendered":"<p>Muundage XL650\/750 .308 Win-iks: Kiire, t\u00e4pne, vastupidav taask\u00e4itlemine.<\/p>\n","protected":false},"featured_media":498799,"template":"","meta":{"_acf_changed":false},"product_brand":[14345],"product_cat":[14057,14003],"product_tag":[],"class_list":{"0":"post-540933","1":"product","2":"type-product","3":"status-publish","4":"has-post-thumbnail","6":"product_brand-dillon-precision","7":"product_cat-laadimine","8":"product_cat-laadimismasinad","10":"first","11":"instock","12":"taxable","13":"shipping-taxable","14":"purchasable","15":"product-type-simple"},"acf":[],"_links":{"self":[{"href":"https:\/\/nbg.eu\/et\/wp-json\/wp\/v2\/product\/540933","targetHints":{"allow":["GET"]}}],"collection":[{"href":"https:\/\/nbg.eu\/et\/wp-json\/wp\/v2\/product"}],"about":[{"href":"https:\/\/nbg.eu\/et\/wp-json\/wp\/v2\/types\/product"}],"wp:featuredmedia":[{"embeddable":true,"href":"https:\/\/nbg.eu\/et\/wp-json\/wp\/v2\/media\/498799"}],"wp:attachment":[{"href":"https:\/\/nbg.eu\/et\/wp-json\/wp\/v2\/media?parent=540933"}],"wp:term":[{"taxonomy":"product_brand","embeddable":true,"href":"https:\/\/nbg.eu\/et\/wp-json\/wp\/v2\/product_brand?post=540933"},{"taxonomy":"product_cat","embeddable":true,"href":"https:\/\/nbg.eu\/et\/wp-json\/wp\/v2\/product_cat?post=540933"},{"taxonomy":"product_tag","embeddable":true,"href":"https:\/\/nbg.eu\/et\/wp-json\/wp\/v2\/product_tag?post=540933"}],"curies":[{"name":"wp","href":"https:\/\/api.w.org\/{rel}","templated":true}]}}