{"id":547270,"date":"2025-09-05T18:17:28","date_gmt":"2025-09-05T15:17:28","guid":{"rendered":"https:\/\/nbg.eu\/product\/armazone-viper-fts\/"},"modified":"2026-01-21T11:40:17","modified_gmt":"2026-01-21T08:40:17","slug":"armazone-viper-fts","status":"publish","type":"product","link":"https:\/\/nbg.eu\/et\/toode\/armazone-viper-fts\/","title":{"rendered":"Armazone Viper FTS"},"content":{"rendered":"<div class=\"product-description\">\n<h2>Armazone Viper FTS adapter<\/h2>\n<p>Armazone Viper FTS adapter on seade \u00f6\u00f6n\u00e4gemis- v\u00f5i termokaamera kinnitamiseks Picatinny v\u00f5i Weaveri alusele. See adapter pakub:<\/p>\n<ul>\n<li>Termokaamerate kiire paigaldamine<\/li>\n<li>\u00dchildumine p\u00e4evaskoobi vaatev\u00e4ljaga<\/li>\n<li>Kiire ja t\u00e4pne reageerimine laskmisel<\/li>\n<li>Sobivus Picatinny ja Weaveri alustega<\/li>\n<li>Vastupidav konstruktsioon<\/li>\n<\/ul>\n<p>Armazone Viper FTS adapter on kasulik taktikalisteks operatsioonideks, jahiks v\u00f5i sportlaskmiseks. See v\u00f5imaldab parandada optika v\u00f5imekust v\u00e4hese valguse tingimustes.<\/p>\n<\/div>\n","protected":false},"excerpt":{"rendered":"<p>Armazone Viper FTS: Kiirkinnitusadapter termiliste\/\u00f6\u00f6n\u00e4gemisseadmete kinnitamiseks.<\/p>\n","protected":false},"featured_media":499304,"template":"","meta":{"_acf_changed":false},"product_brand":[14241],"product_cat":[14907,14047,14022,14042],"product_tag":[],"class_list":{"0":"post-547270","1":"product","2":"type-product","3":"status-publish","4":"has-post-thumbnail","6":"product_brand-armazone","7":"product_cat-mounts-et","8":"product_cat-sihtimisvahendid","9":"product_cat-sihtimisviir","10":"product_cat-soojuskiir","12":"first","13":"instock","14":"taxable","15":"shipping-taxable","16":"purchasable","17":"product-type-simple"},"acf":[],"_links":{"self":[{"href":"https:\/\/nbg.eu\/et\/wp-json\/wp\/v2\/product\/547270","targetHints":{"allow":["GET"]}}],"collection":[{"href":"https:\/\/nbg.eu\/et\/wp-json\/wp\/v2\/product"}],"about":[{"href":"https:\/\/nbg.eu\/et\/wp-json\/wp\/v2\/types\/product"}],"wp:featuredmedia":[{"embeddable":true,"href":"https:\/\/nbg.eu\/et\/wp-json\/wp\/v2\/media\/499304"}],"wp:attachment":[{"href":"https:\/\/nbg.eu\/et\/wp-json\/wp\/v2\/media?parent=547270"}],"wp:term":[{"taxonomy":"product_brand","embeddable":true,"href":"https:\/\/nbg.eu\/et\/wp-json\/wp\/v2\/product_brand?post=547270"},{"taxonomy":"product_cat","embeddable":true,"href":"https:\/\/nbg.eu\/et\/wp-json\/wp\/v2\/product_cat?post=547270"},{"taxonomy":"product_tag","embeddable":true,"href":"https:\/\/nbg.eu\/et\/wp-json\/wp\/v2\/product_tag?post=547270"}],"curies":[{"name":"wp","href":"https:\/\/api.w.org\/{rel}","templated":true}]}}