{"id":547510,"date":"2025-09-05T18:17:28","date_gmt":"2025-09-05T15:17:28","guid":{"rendered":"https:\/\/nbg.eu\/product\/armazone-q-r-viper-62mm\/"},"modified":"2026-01-21T11:51:30","modified_gmt":"2026-01-21T08:51:30","slug":"armazone-q-r-viper-62mm","status":"publish","type":"product","link":"https:\/\/nbg.eu\/et\/toode\/armazone-q-r-viper-62mm\/","title":{"rendered":"Armazone Q-R Viper 62mm"},"content":{"rendered":"<div class=\"product-description\">\n<h2>Armazone Q-R Viper 62mm kiirvabastusmuhv<\/h2>\n<p>Armazone Q-R Viper 62mm kiirvabastusmuhv on m\u00f5eldud termokaamerate ja vaatlusseadmete jaoks, millel on 62mm objektiivi v\u00e4lisdiameeter.<\/p>\n<h2>P\u00f5hiomadused:<\/h2>\n<ul>\n<li>\u00dchest alumiiniumit\u00fckist valmistatud<\/li>\n<li>Kiire paigaldus ja eemaldamine<\/li>\n<li>Reguleeritav kinnitussurve<\/li>\n<li>\u00dchildub enamiku p\u00fcssiskoopidega<\/li>\n<li>Sobib Nitehog termokaameratega<\/li>\n<\/ul>\n<p>Q-R Viperi kiirlukkhoob v\u00f5imaldab korduvat paigaldamist ilma lisat\u00f6\u00f6riistadeta. Sobib termokaamerate kasutajatele. M\u00e4rkus: Adapter kompenseerib maksimaalselt 1mm allapoole kaldumist.<\/p>\n<\/div>\n","protected":false},"excerpt":{"rendered":"<p>Kiirkinnitusadapter 62 mm teleskoopidele. Lihtne paigaldus termokaameratele.<\/p>\n","protected":false},"featured_media":499396,"template":"","meta":{"_acf_changed":false},"product_brand":[14241],"product_cat":[14047,14022,14042],"product_tag":[],"class_list":{"0":"post-547510","1":"product","2":"type-product","3":"status-publish","4":"has-post-thumbnail","6":"product_brand-armazone","7":"product_cat-sihtimisvahendid","8":"product_cat-sihtimisviir","9":"product_cat-soojuskiir","11":"first","12":"instock","13":"taxable","14":"shipping-taxable","15":"purchasable","16":"product-type-simple"},"acf":[],"_links":{"self":[{"href":"https:\/\/nbg.eu\/et\/wp-json\/wp\/v2\/product\/547510","targetHints":{"allow":["GET"]}}],"collection":[{"href":"https:\/\/nbg.eu\/et\/wp-json\/wp\/v2\/product"}],"about":[{"href":"https:\/\/nbg.eu\/et\/wp-json\/wp\/v2\/types\/product"}],"wp:featuredmedia":[{"embeddable":true,"href":"https:\/\/nbg.eu\/et\/wp-json\/wp\/v2\/media\/499396"}],"wp:attachment":[{"href":"https:\/\/nbg.eu\/et\/wp-json\/wp\/v2\/media?parent=547510"}],"wp:term":[{"taxonomy":"product_brand","embeddable":true,"href":"https:\/\/nbg.eu\/et\/wp-json\/wp\/v2\/product_brand?post=547510"},{"taxonomy":"product_cat","embeddable":true,"href":"https:\/\/nbg.eu\/et\/wp-json\/wp\/v2\/product_cat?post=547510"},{"taxonomy":"product_tag","embeddable":true,"href":"https:\/\/nbg.eu\/et\/wp-json\/wp\/v2\/product_tag?post=547510"}],"curies":[{"name":"wp","href":"https:\/\/api.w.org\/{rel}","templated":true}]}}