{"id":554014,"date":"2025-09-06T16:21:27","date_gmt":"2025-09-06T13:21:27","guid":{"rendered":"https:\/\/nbg.eu\/product\/armazone-q-r-viper-48mm\/"},"modified":"2026-01-21T11:39:13","modified_gmt":"2026-01-21T08:39:13","slug":"armazone-q-r-viper-48mm","status":"publish","type":"product","link":"https:\/\/nbg.eu\/et\/toode\/armazone-q-r-viper-48mm\/","title":{"rendered":"Armazone Q-R Viper 48mm"},"content":{"rendered":"<h2>Armazone Q-R Viper 48mm<\/h2>\n<p>Armazone Q-R Viper 48mm on adapter termiliste seadmete kinnitamiseks Nitehog seadmetele. Sellel on kiirkinnitusmehhanism ja hoob-s\u00fcsteem.<\/p>\n<h2>P\u00f5hiomadused:<\/h2>\n<ul>\n<li>Kiirkinnitushoob lihtsaks paigaldamiseks ja eemaldamiseks<\/li>\n<li>T\u00f6\u00f6riistadeta kasutamine p\u00e4rast reguleerimist<\/li>\n<li>\u00dchildub Nitehog teleskoopsihikutega<\/li>\n<li>T\u00e4pne kinnitus<\/li>\n<\/ul>\n<p><strong>M\u00e4rkus:<\/strong> See adapter saab kompenseerida maksimaalselt 1 mm allapoole k\u00f5rvalekallet. See ei ole universaalne lahendus k\u00f5ikideks kinnitusvajadusteks.<\/p>\n<p>Armazone Q-R Viper 48mm parandab termokaamerate kasutamise v\u00f5imalusi ja lihtsustab nende kasutamist v\u00e4litingimustes.<\/p>\n","protected":false},"excerpt":{"rendered":"<p>Kiirlukustusega termiline adapter Nitehogi sihikutele. T\u00f6\u00f6riistadeta paigaldus.<\/p>\n","protected":false},"featured_media":499485,"template":"","meta":{"_acf_changed":false},"product_brand":[14241],"product_cat":[14047,14022,14042],"product_tag":[],"class_list":{"0":"post-554014","1":"product","2":"type-product","3":"status-publish","4":"has-post-thumbnail","6":"product_brand-armazone","7":"product_cat-sihtimisvahendid","8":"product_cat-sihtimisviir","9":"product_cat-soojuskiir","11":"first","12":"instock","13":"taxable","14":"shipping-taxable","15":"purchasable","16":"product-type-simple"},"acf":[],"_links":{"self":[{"href":"https:\/\/nbg.eu\/et\/wp-json\/wp\/v2\/product\/554014","targetHints":{"allow":["GET"]}}],"collection":[{"href":"https:\/\/nbg.eu\/et\/wp-json\/wp\/v2\/product"}],"about":[{"href":"https:\/\/nbg.eu\/et\/wp-json\/wp\/v2\/types\/product"}],"wp:featuredmedia":[{"embeddable":true,"href":"https:\/\/nbg.eu\/et\/wp-json\/wp\/v2\/media\/499485"}],"wp:attachment":[{"href":"https:\/\/nbg.eu\/et\/wp-json\/wp\/v2\/media?parent=554014"}],"wp:term":[{"taxonomy":"product_brand","embeddable":true,"href":"https:\/\/nbg.eu\/et\/wp-json\/wp\/v2\/product_brand?post=554014"},{"taxonomy":"product_cat","embeddable":true,"href":"https:\/\/nbg.eu\/et\/wp-json\/wp\/v2\/product_cat?post=554014"},{"taxonomy":"product_tag","embeddable":true,"href":"https:\/\/nbg.eu\/et\/wp-json\/wp\/v2\/product_tag?post=554014"}],"curies":[{"name":"wp","href":"https:\/\/api.w.org\/{rel}","templated":true}]}}