{"id":575063,"date":"2025-10-10T12:34:49","date_gmt":"2025-10-10T09:34:49","guid":{"rendered":"https:\/\/nbg.eu\/product\/grips-kmr-l-modular-brass\/"},"modified":"2026-04-16T16:35:02","modified_gmt":"2026-04-16T13:35:02","slug":"grips-kmr-l-modular-brass","status":"publish","type":"product","link":"https:\/\/nbg.eu\/et\/toode\/grips-kmr-l-modular-brass\/","title":{"rendered":"KMR K\u00e4epidemed L Modular Messingist"},"content":{"rendered":"<h2>GRIPS KMR L MODULAR BRASS<\/h2>\n<p><strong>Viide:<\/strong> 0611-04101-0316<\/p>\n<p>GRIPS KMR L MODULAR BRASS on t\u00e4ism\u00f5\u00f5dus k\u00e4epide, mis sobib KMR-ile ilma magwellita. Modulaarne tekstuur v\u00f5imaldab kohandada haaret.<\/p>\n<h2>\u00dchilduvad relvad:<\/h2>\n<ul>\n<li>KMR L-02 SPECTRA (alates 2024)<\/li>\n<li>KMR L-02 SPECTRA (kuni 2023)<\/li>\n<li>KMR L-02 UMBRA<\/li>\n<li>KMR L-02 UMBRA (alates 2024)<\/li>\n<li>KMR L-02 UMBRA (kuni 2023)<\/li>\n<\/ul>\n<p>See k\u00e4epide on m\u00f5eldud KMR-i k\u00e4sitsemise parandamiseks.<\/p>\n","protected":false},"excerpt":{"rendered":"<p>T\u00e4ism\u00f5\u00f5dus modulaarne messingist k\u00e4epide KMR L-02 SPECTRA\/UMBRA mudelitele.<\/p>\n","protected":false},"featured_media":575085,"template":"","meta":{"_acf_changed":false},"product_brand":[11497],"product_cat":[14021,14876],"product_tag":[],"class_list":{"0":"post-575063","1":"product","2":"type-product","3":"status-publish","4":"has-post-thumbnail","6":"product_brand-kmr-precision","7":"product_cat-kmr-osad","8":"product_cat-pistol-grips-et","10":"first","11":"instock","12":"taxable","13":"shipping-taxable","14":"purchasable","15":"product-type-simple"},"acf":[],"_links":{"self":[{"href":"https:\/\/nbg.eu\/et\/wp-json\/wp\/v2\/product\/575063","targetHints":{"allow":["GET"]}}],"collection":[{"href":"https:\/\/nbg.eu\/et\/wp-json\/wp\/v2\/product"}],"about":[{"href":"https:\/\/nbg.eu\/et\/wp-json\/wp\/v2\/types\/product"}],"wp:featuredmedia":[{"embeddable":true,"href":"https:\/\/nbg.eu\/et\/wp-json\/wp\/v2\/media\/575085"}],"wp:attachment":[{"href":"https:\/\/nbg.eu\/et\/wp-json\/wp\/v2\/media?parent=575063"}],"wp:term":[{"taxonomy":"product_brand","embeddable":true,"href":"https:\/\/nbg.eu\/et\/wp-json\/wp\/v2\/product_brand?post=575063"},{"taxonomy":"product_cat","embeddable":true,"href":"https:\/\/nbg.eu\/et\/wp-json\/wp\/v2\/product_cat?post=575063"},{"taxonomy":"product_tag","embeddable":true,"href":"https:\/\/nbg.eu\/et\/wp-json\/wp\/v2\/product_tag?post=575063"}],"curies":[{"name":"wp","href":"https:\/\/api.w.org\/{rel}","templated":true}]}}