{"id":575727,"date":"2025-10-10T12:35:10","date_gmt":"2025-10-10T09:35:10","guid":{"rendered":"https:\/\/nbg.eu\/product\/grips-kmr-l-diamondcut-short-brass\/"},"modified":"2026-04-16T16:34:56","modified_gmt":"2026-04-16T13:34:56","slug":"grips-kmr-l-diamondcut-short-brass","status":"publish","type":"product","link":"https:\/\/nbg.eu\/et\/toode\/grips-kmr-l-diamondcut-short-brass\/","title":{"rendered":"KMR K\u00e4epidemed L Diamondcut Short Messingist"},"content":{"rendered":"<h2>GRIPS KMR L DIAMONDCUT L\u00dcHIKE MESSING<\/h2>\n<p><strong>Viide:<\/strong> 0611-05202-0316 | <strong>Kaubam\u00e4rk:<\/strong> KMR Precision Arms<\/p>\n<p>GRIPS KMR L DIAMONDCUT L\u00dcHIKE MESSING on loodud KMR L-02 SPECTRA ja UMBRA mudelitele (kuni 2023). Need l\u00fchikesed haardepidemed pakuvad kontrolli ja mugavust.<\/p>\n<p>P\u00f5hiomadused:<\/p>\n<ul>\n<li>Loodud KMR tulirelvadele<\/li>\n<li>L\u00fchike haardepikkus<\/li>\n<li>Teemantl\u00f5ikega tekstuur haarde jaoks<\/li>\n<li>Messingust konstruktsioon<\/li>\n<li>\u00dchildub KMR L-02 SPECTRA ja UMBRA mudelitega kuni 2023<\/li>\n<\/ul>\n<p>Need haardepidemed on loodud parandama teie laskmist ja mugavust KMR tulirelvaga.<\/p>\n","protected":false},"excerpt":{"rendered":"<p>L\u00fchikesed, teemantl\u00f5ikega messingist k\u00e4epidemed KMR L-02 p\u00fcssidele. T\u00e4pne sobivus.<\/p>\n","protected":false},"featured_media":575754,"template":"","meta":{"_acf_changed":false},"product_brand":[11497],"product_cat":[14021,14876],"product_tag":[],"class_list":{"0":"post-575727","1":"product","2":"type-product","3":"status-publish","4":"has-post-thumbnail","6":"product_brand-kmr-precision","7":"product_cat-kmr-osad","8":"product_cat-pistol-grips-et","10":"first","11":"instock","12":"taxable","13":"shipping-taxable","14":"purchasable","15":"product-type-simple"},"acf":[],"_links":{"self":[{"href":"https:\/\/nbg.eu\/et\/wp-json\/wp\/v2\/product\/575727","targetHints":{"allow":["GET"]}}],"collection":[{"href":"https:\/\/nbg.eu\/et\/wp-json\/wp\/v2\/product"}],"about":[{"href":"https:\/\/nbg.eu\/et\/wp-json\/wp\/v2\/types\/product"}],"wp:featuredmedia":[{"embeddable":true,"href":"https:\/\/nbg.eu\/et\/wp-json\/wp\/v2\/media\/575754"}],"wp:attachment":[{"href":"https:\/\/nbg.eu\/et\/wp-json\/wp\/v2\/media?parent=575727"}],"wp:term":[{"taxonomy":"product_brand","embeddable":true,"href":"https:\/\/nbg.eu\/et\/wp-json\/wp\/v2\/product_brand?post=575727"},{"taxonomy":"product_cat","embeddable":true,"href":"https:\/\/nbg.eu\/et\/wp-json\/wp\/v2\/product_cat?post=575727"},{"taxonomy":"product_tag","embeddable":true,"href":"https:\/\/nbg.eu\/et\/wp-json\/wp\/v2\/product_tag?post=575727"}],"curies":[{"name":"wp","href":"https:\/\/api.w.org\/{rel}","templated":true}]}}