{"id":580970,"date":"2025-10-10T18:09:47","date_gmt":"2025-10-10T15:09:47","guid":{"rendered":"https:\/\/nbg.eu\/product\/jack-762x39-mm-polymer\/"},"modified":"2026-01-21T11:43:00","modified_gmt":"2026-01-21T08:43:00","slug":"jack-762x39-mm-polymer","status":"publish","type":"product","link":"https:\/\/nbg.eu\/et\/toode\/jack-762x39-mm-polymer\/","title":{"rendered":"Jack 7,62&#215;39 mm Polymer"},"content":{"rendered":"<div class=\"product-description\">\n<h2>Jack 7,62&#215;39 mm Pol\u00fcmeer<\/h2>\n<p>Jack 7,62&#215;39 mm Pol\u00fcmeer on poolautomaatne p\u00fcss. See relv \u00fchendab tehnoloogia ergonoomilise disainiga ja sobib professionaalidele ja huvilistele.<\/p>\n<h2>P\u00f5hiomadused:<\/h2>\n<ul>\n<li>Kaliiber: 7,62x39mm<\/li>\n<li>Pikkus: 880mm<\/li>\n<li>Relvaraua pikkus: 415mm<\/li>\n<li>T\u00fchimass: 3,1kg (laadimata)<\/li>\n<li>Suudmekiirus: 715 m\/s<\/li>\n<li>T\u00f6\u00f6p\u00f5him\u00f5te: P\u00f6\u00f6rdlukustusega lukk<\/li>\n<li>T\u00fc\u00fcp: Poolautomaatne<\/li>\n<\/ul>\n<p>Jack 7,62&#215;39 mm Pol\u00fcmeeril on freesitud k\u00fclgmine siinid optika paigaldamiseks, mis on needitud otse lukustuskambrile. See v\u00f5imaldab kiiresti ja kindlalt kinnitada erinevaid optilisi sihikuid.<\/p>\n<h2>T\u00e4iustatud komponendid:<\/h2>\n<ul>\n<li>Pol\u00fcmeerist kaba<\/li>\n<li>Pol\u00fcmeerist laes\u00e4ng<\/li>\n<li>Pol\u00fcmeerist gaasikolvi kate<\/li>\n<li>Suurendatud tulire\u017eiimi l\u00fcliti<\/li>\n<li>Suurendatud salvevabastusnupp<\/li>\n<li>Siin k\u00fclgmontaa\u017ei all (p\u00e4\u00e4susaba) lisatarvikute jaoks<\/li>\n<\/ul>\n<\/div>\n","protected":false},"excerpt":{"rendered":"<p>Jack 7.62x39mm pol\u00fcmeer: Pol\u00fcmeervintrelvad, 880mm, poolautomaatne, freesitud siiniga optika jaoks.<\/p>\n","protected":false},"featured_media":581127,"template":"","meta":{"_acf_changed":false},"product_brand":[14651],"product_cat":[14002,15800,14071],"product_tag":[],"class_list":{"0":"post-580970","1":"product","2":"type-product","3":"status-publish","4":"has-post-thumbnail","6":"product_brand-wbp-rogow","7":"product_cat-karabiinid","8":"product_cat-semi-automatic-rifles-et","9":"product_cat-vintpuess","11":"first","12":"outofstock","13":"taxable","14":"shipping-taxable","15":"product-type-simple"},"acf":[],"_links":{"self":[{"href":"https:\/\/nbg.eu\/et\/wp-json\/wp\/v2\/product\/580970","targetHints":{"allow":["GET"]}}],"collection":[{"href":"https:\/\/nbg.eu\/et\/wp-json\/wp\/v2\/product"}],"about":[{"href":"https:\/\/nbg.eu\/et\/wp-json\/wp\/v2\/types\/product"}],"wp:featuredmedia":[{"embeddable":true,"href":"https:\/\/nbg.eu\/et\/wp-json\/wp\/v2\/media\/581127"}],"wp:attachment":[{"href":"https:\/\/nbg.eu\/et\/wp-json\/wp\/v2\/media?parent=580970"}],"wp:term":[{"taxonomy":"product_brand","embeddable":true,"href":"https:\/\/nbg.eu\/et\/wp-json\/wp\/v2\/product_brand?post=580970"},{"taxonomy":"product_cat","embeddable":true,"href":"https:\/\/nbg.eu\/et\/wp-json\/wp\/v2\/product_cat?post=580970"},{"taxonomy":"product_tag","embeddable":true,"href":"https:\/\/nbg.eu\/et\/wp-json\/wp\/v2\/product_tag?post=580970"}],"curies":[{"name":"wp","href":"https:\/\/api.w.org\/{rel}","templated":true}]}}