{"id":582861,"date":"2025-10-10T12:39:54","date_gmt":"2025-10-10T09:39:54","guid":{"rendered":"https:\/\/nbg.eu\/product\/barwarus-muzzle-break-bulldog-m24x1-5rh-black\/"},"modified":"2026-01-21T11:34:38","modified_gmt":"2026-01-21T08:34:38","slug":"barwarus-muzzle-break-bulldog-m24x1-5rh-black","status":"publish","type":"product","link":"https:\/\/nbg.eu\/et\/toode\/barwarus-muzzle-break-bulldog-m24x1-5rh-black\/","title":{"rendered":"BARWARUS MUZZLE BREAK BULLDOG M24X1.5RH BLACK"},"content":{"rendered":"<div class=\"product-description\">\n<h1>BARWARUS Bulldog 021 Teras M24x1.5 RH Vene Kompensaator<\/h1>\n<p>BARWARUS Bulldog suudmepiduri versioon II, m\u00f5eldud 5,45 ja 7,62 kaliibri relvadele. See kompensaator on valmistatud tugevast terasest ja kaetud musta kaitsekihiga.<\/p>\n<h2>P\u00f5hiomadused:<\/h2>\n<ul>\n<li>M24x1.5 RH (paremkeere) v\u00e4line keere<\/li>\n<li>V\u00e4hendab tagasil\u00f6\u00f6ki<\/li>\n<li>Valmistatud tugevast terasest<\/li>\n<li>Must kaitsekiht<\/li>\n<\/ul>\n<p>BARWARUS Bulldog 021 kompensaator v\u00e4hendab tagasil\u00f6\u00f6ki, v\u00f5imaldades kiiremat j\u00e4rgnevat lasku ja paremat t\u00e4psust. Selle konstruktsioon tagab pikaajalise vastupidavuse erinevates lasketingimustes.<\/p>\n<p>BARWARUS Bulldog 021 parandab relva t\u00e4psust ja kontrolli.<\/p>\n<\/div>\n","protected":false},"excerpt":{"rendered":"<p>Terasest p\u00fcssi suudmekompensaator. V\u00e4hendab tagasil\u00f6\u00f6ki. M24x1.5 parempoolne keere.<\/p>\n","protected":false},"featured_media":582885,"template":"","meta":{"_acf_changed":false},"product_brand":[],"product_cat":[14087],"product_tag":[],"class_list":{"0":"post-582861","1":"product","2":"type-product","3":"status-publish","4":"has-post-thumbnail","6":"product_cat-kategoriseerimata","8":"first","9":"outofstock","10":"taxable","11":"shipping-taxable","12":"purchasable","13":"product-type-simple"},"acf":[],"_links":{"self":[{"href":"https:\/\/nbg.eu\/et\/wp-json\/wp\/v2\/product\/582861","targetHints":{"allow":["GET"]}}],"collection":[{"href":"https:\/\/nbg.eu\/et\/wp-json\/wp\/v2\/product"}],"about":[{"href":"https:\/\/nbg.eu\/et\/wp-json\/wp\/v2\/types\/product"}],"wp:featuredmedia":[{"embeddable":true,"href":"https:\/\/nbg.eu\/et\/wp-json\/wp\/v2\/media\/582885"}],"wp:attachment":[{"href":"https:\/\/nbg.eu\/et\/wp-json\/wp\/v2\/media?parent=582861"}],"wp:term":[{"taxonomy":"product_brand","embeddable":true,"href":"https:\/\/nbg.eu\/et\/wp-json\/wp\/v2\/product_brand?post=582861"},{"taxonomy":"product_cat","embeddable":true,"href":"https:\/\/nbg.eu\/et\/wp-json\/wp\/v2\/product_cat?post=582861"},{"taxonomy":"product_tag","embeddable":true,"href":"https:\/\/nbg.eu\/et\/wp-json\/wp\/v2\/product_tag?post=582861"}],"curies":[{"name":"wp","href":"https:\/\/api.w.org\/{rel}","templated":true}]}}