{"id":58355,"date":"2024-02-17T21:23:00","date_gmt":"2024-02-17T18:23:00","guid":{"rendered":"https:\/\/nbg.eu\/product\/magazine-well-reaction-block-geissele-vise-block\/"},"modified":"2026-04-21T17:59:05","modified_gmt":"2026-04-21T14:59:05","slug":"magazine-well-reaction-block-geissele-vise-block","status":"publish","type":"product","link":"https:\/\/nbg.eu\/et\/toode\/magazine-well-reaction-block-geissele-vise-block\/","title":{"rendered":"Geissele Kruustangiplokk Vise Block"},"content":{"rendered":"<p><strong>Geissele Automatics salvekorpuse kinnitusplokk<\/strong> on t\u00f6\u00f6riist AR15\/M4 ja AR10\/SR25 relvadele. See USA-s toodetud seade pakub:<\/p>\n<ul>\n<li>Stabiilne alus alumise salvekambri t\u00f6\u00f6deks<\/li>\n<li>MLOK mutri paigaldamise v\u00f5imalus<\/li>\n<li>Puhvritoru kokkupanek<\/li>\n<li>K\u00e4ed-vabad t\u00f6\u00f6tamise v\u00f5imalus<\/li>\n<\/ul>\n<p>Kinnitage see oma t\u00f6\u00f6lauale relvade hooldamiseks.<\/p>\n","protected":false},"excerpt":{"rendered":"<p>Turvaline AR15\/M4\/AR10\/SR25 alumine osa k\u00e4ed-vabad t\u00f6\u00f6ks. Valmistatud USAs.<\/p>\n","protected":false},"featured_media":58356,"template":"","meta":{"_acf_changed":false},"product_brand":[11385],"product_cat":[14051],"product_tag":[],"class_list":{"0":"post-58355","1":"product","2":"type-product","3":"status-publish","4":"has-post-thumbnail","6":"product_brand-geissele","7":"product_cat-toeoeriistad","9":"first","10":"outofstock","11":"taxable","12":"shipping-taxable","13":"product-type-simple"},"acf":[],"_links":{"self":[{"href":"https:\/\/nbg.eu\/et\/wp-json\/wp\/v2\/product\/58355","targetHints":{"allow":["GET"]}}],"collection":[{"href":"https:\/\/nbg.eu\/et\/wp-json\/wp\/v2\/product"}],"about":[{"href":"https:\/\/nbg.eu\/et\/wp-json\/wp\/v2\/types\/product"}],"wp:featuredmedia":[{"embeddable":true,"href":"https:\/\/nbg.eu\/et\/wp-json\/wp\/v2\/media\/58356"}],"wp:attachment":[{"href":"https:\/\/nbg.eu\/et\/wp-json\/wp\/v2\/media?parent=58355"}],"wp:term":[{"taxonomy":"product_brand","embeddable":true,"href":"https:\/\/nbg.eu\/et\/wp-json\/wp\/v2\/product_brand?post=58355"},{"taxonomy":"product_cat","embeddable":true,"href":"https:\/\/nbg.eu\/et\/wp-json\/wp\/v2\/product_cat?post=58355"},{"taxonomy":"product_tag","embeddable":true,"href":"https:\/\/nbg.eu\/et\/wp-json\/wp\/v2\/product_tag?post=58355"}],"curies":[{"name":"wp","href":"https:\/\/api.w.org\/{rel}","templated":true}]}}