{"id":62428,"date":"2024-02-13T20:10:34","date_gmt":"2024-02-13T20:10:34","guid":{"rendered":"https:\/\/nbg.eu\/product\/geissele-chf-chrome-lined-barrel-5-56-13-9\/"},"modified":"2026-05-13T16:42:15","modified_gmt":"2026-05-13T13:42:15","slug":"geissele-chf-chrome-lined-barrel-5-56-13-9","status":"publish","type":"product","link":"https:\/\/nbg.eu\/et\/toode\/geissele-chf-chrome-lined-barrel-5-56-13-9\/","title":{"rendered":"Geissele Raud CHF Chrome Lined 5.56 &#8211; 13.9&#8243;"},"content":{"rendered":"<div class=\"product-description\">\n<h2>Geissele CHF kroomitud rauaga p\u00fcssitoru &#8211; 5,56<\/h2>\n<p>Geissele CHF kroomitud rauaga p\u00fcssitoru 5,56 NATO jaoks on toodetud North Walesis, Pennsylvanias. See p\u00fcssitoru \u00fchendab kaasaegse tehnoloogia ja k\u00f5rge kvaliteediga valmistamise.<\/p>\n<ul>\n<li>K\u00fclmalt sepistatud (CHF) tugevuse ja vastupidavuse jaoks<\/li>\n<li>Kroomitud korrosioonikindluse suurendamiseks ja h\u00f5lpsamaks puhastamiseks<\/li>\n<li>K\u00f5rgsurvetestitud (HPT) ja magnetosakeste kontrolliga (MPI) kvaliteedi tagamiseks<\/li>\n<li>Sobib teenistusrelvadele, v\u00f5istlusrelvadele ja muudeks kasutusaladeks<\/li>\n<li>T\u00e4ppist\u00f6\u00f6deldud kvaliteetsete materjalidega \u00fchtluse ja t\u00e4psuse tagamiseks<\/li>\n<\/ul>\n<p>Valige Geissele j\u00f5udluse tagamiseks erinevates olukordades.<\/p>\n<\/div>\n","protected":false},"excerpt":{"rendered":"<p>T\u00e4ppissepisega 5,56 mm relvaraud. HPT\/MPI testitud usaldusv\u00e4\u00e4rsuse tagamiseks.<\/p>\n","protected":false},"featured_media":62429,"template":"","meta":{"_acf_changed":false},"product_brand":[11385],"product_cat":[14002,14072,14071,14032],"product_tag":[],"class_list":{"0":"post-62428","1":"product","2":"type-product","3":"status-publish","4":"has-post-thumbnail","6":"product_brand-geissele","7":"product_cat-karabiinid","8":"product_cat-torrud","9":"product_cat-vintpuess","10":"product_cat-vintpuessi-taeiustamine","12":"first","13":"instock","14":"taxable","15":"shipping-taxable","16":"product-type-simple"},"acf":[],"_links":{"self":[{"href":"https:\/\/nbg.eu\/et\/wp-json\/wp\/v2\/product\/62428","targetHints":{"allow":["GET"]}}],"collection":[{"href":"https:\/\/nbg.eu\/et\/wp-json\/wp\/v2\/product"}],"about":[{"href":"https:\/\/nbg.eu\/et\/wp-json\/wp\/v2\/types\/product"}],"wp:featuredmedia":[{"embeddable":true,"href":"https:\/\/nbg.eu\/et\/wp-json\/wp\/v2\/media\/62429"}],"wp:attachment":[{"href":"https:\/\/nbg.eu\/et\/wp-json\/wp\/v2\/media?parent=62428"}],"wp:term":[{"taxonomy":"product_brand","embeddable":true,"href":"https:\/\/nbg.eu\/et\/wp-json\/wp\/v2\/product_brand?post=62428"},{"taxonomy":"product_cat","embeddable":true,"href":"https:\/\/nbg.eu\/et\/wp-json\/wp\/v2\/product_cat?post=62428"},{"taxonomy":"product_tag","embeddable":true,"href":"https:\/\/nbg.eu\/et\/wp-json\/wp\/v2\/product_tag?post=62428"}],"curies":[{"name":"wp","href":"https:\/\/api.w.org\/{rel}","templated":true}]}}