{"id":66776,"date":"2024-01-13T20:15:17","date_gmt":"2024-01-13T20:15:17","guid":{"rendered":"https:\/\/nbg.eu\/product\/surefire-x300u-b\/"},"modified":"2026-05-13T16:01:40","modified_gmt":"2026-05-13T13:01:40","slug":"surefire-x300u-b","status":"publish","type":"product","link":"https:\/\/nbg.eu\/et\/toode\/surefire-x300u-b\/","title":{"rendered":"SureFire X300U-B"},"content":{"rendered":"<div class=\"product-description\">\n<h2>SureFire X300U-B taktikaline relvavalgustus<\/h2>\n<p>SureFire X300U-B on taktikaline valgustus, mis annab 1000 luumenit LED-valgust, mida fokuseerib TIR-l\u00e4\u00e4ts.<\/p>\n<ul>\n<li>T-pilu p\u00f6idlakruvi klamber r\u00f6\u00f6bastele kinnitamiseks<\/li>\n<li>Kahepoolne l\u00fcliti kiireks aktiveerimiseks<\/li>\n<li>Lennundust\u00f6\u00f6stuse alumiiniumist korpus anodeeritud viimistlusega<\/li>\n<li>IPX7 veekindlus (1 meeter 30 minutit)<\/li>\n<li>1,25 tundi t\u00f6\u00f6aega kahe kaasasoleva 123A liitiumpatareiga<\/li>\n<li>M\u00f5\u00f5tmed: 3,76 tolli pikk, kaal 4,0 untsi<\/li>\n<\/ul>\n<p>SureFire X300U-B valgustab objekte kaugel, v\u00f5imaldades s\u00e4ilitada \u00fcmbruseteadlikkust.<\/p>\n<\/div>\n","protected":false},"excerpt":{"rendered":"<p>SureFire X300U-B: 1000-luumeniline taktikaline valgusti k\u00e4si- ja pikkrelavadele.<\/p>\n","protected":false},"featured_media":66777,"template":"","meta":{"_acf_changed":false},"product_brand":[11862],"product_cat":[14041,14019,14001],"product_tag":[],"class_list":{"0":"post-66776","1":"product","2":"type-product","3":"status-publish","4":"has-post-thumbnail","6":"product_brand-surefire","7":"product_cat-puestol","8":"product_cat-puestoli-tuled","9":"product_cat-tuled","11":"first","12":"outofstock","13":"taxable","14":"shipping-taxable","15":"purchasable","16":"product-type-variable","17":"wvs-archive-product-wrapper"},"acf":[],"_links":{"self":[{"href":"https:\/\/nbg.eu\/et\/wp-json\/wp\/v2\/product\/66776","targetHints":{"allow":["GET"]}}],"collection":[{"href":"https:\/\/nbg.eu\/et\/wp-json\/wp\/v2\/product"}],"about":[{"href":"https:\/\/nbg.eu\/et\/wp-json\/wp\/v2\/types\/product"}],"wp:featuredmedia":[{"embeddable":true,"href":"https:\/\/nbg.eu\/et\/wp-json\/wp\/v2\/media\/66777"}],"wp:attachment":[{"href":"https:\/\/nbg.eu\/et\/wp-json\/wp\/v2\/media?parent=66776"}],"wp:term":[{"taxonomy":"product_brand","embeddable":true,"href":"https:\/\/nbg.eu\/et\/wp-json\/wp\/v2\/product_brand?post=66776"},{"taxonomy":"product_cat","embeddable":true,"href":"https:\/\/nbg.eu\/et\/wp-json\/wp\/v2\/product_cat?post=66776"},{"taxonomy":"product_tag","embeddable":true,"href":"https:\/\/nbg.eu\/et\/wp-json\/wp\/v2\/product_tag?post=66776"}],"curies":[{"name":"wp","href":"https:\/\/api.w.org\/{rel}","templated":true}]}}