{"id":672189,"date":"2025-11-17T17:17:59","date_gmt":"2025-11-17T14:17:59","guid":{"rendered":"https:\/\/nbg.eu\/product\/termokamera-nocpix-vista-s50r-koos-lrf-1280x1024-15mk-netd\/"},"modified":"2026-04-14T15:53:19","modified_gmt":"2026-04-14T12:53:19","slug":"termokamera-nocpix-vista-s50r-koos-lrf-1280x1024-15mk-netd","status":"publish","type":"product","link":"https:\/\/nbg.eu\/et\/toode\/termokamera-nocpix-vista-s50r-koos-lrf-1280x1024-15mk-netd\/","title":{"rendered":"Nocpix Termokaamera VISTA S50R LRF"},"content":{"rendered":"<h2>Termokaamerad Nocpix VISTA S50R koos LRF-ga 1280&#215;1024 \u226415mK NETD<\/h2>\n<p>Vista&#8217;i Vision+ s\u00fcsteem, mille 2560\u00d72560 AMOLED ekraan ja 8mm pupilli diameeter pakuvad kaasahaaravat vaatamiskogemust. Varustatud parima anduriga ja integreeritud LRF-iga, pakub Vista k\u00f5rgeima j\u00f5udlusega t\u00f6\u00f6stuslikku lahendust. Selle kasutajas\u00f5bralik disain ja t\u00e4iustatud akulahendus teevad sellest ideaalse kaaslase v\u00e4ljakutsete \u00fcletamisel.<\/p>\n<h2>Vision+ s\u00fcsteem: kaasahaarav vaatamine<\/h2>\n<p>\u00dcmmargune AMOLED 2560\u00d72560 ekraan optimeerib ruumilist efektiivsust, pakkudes eredaid visuaale. 8 mm pupilli diameetri ja Pure Vision re\u017eiimiga pakub Vista mugavat ja kaasahaaravat vaatamiskogemust.<\/p>\n<h2>\u00dclioluline andur: esmaklassiline pildi kvaliteet<\/h2>\n<p>Meie enda arendatud NETD \u226415mk 1280\u00d71024@12\u03bcm andur tagab k\u00f5rge pildi kvaliteedi ja stabiilse t\u00f6\u00f6. Loomapiirjooned, anatoomia ja k\u00e4itumuslikud tunnused muutuvad kergesti eristatavaks.<\/p>\n<h2>Integreeritud LRF: t\u00e4psus ja portaablus<\/h2>\n<p>Meie 2-\u00fches integreeritud kaugusm\u00f5\u00f5tja (LRF 1200m) \u00fchendab edukalt disaini ja optilise telje joondumise. See kerge ja kompaktne disain tagab minimaalse objektiivi kasutamise, s\u00e4ilitades samal ajal \u00fclimalt kvaliteetse pildi.<\/p>\n<h2>60 Hz kaadrisagedus: sujuv liikumise j\u00e4\u00e4dvustamine<\/h2>\n<p>60 Hz detektoriga varustatud Vista pakub suuremat sujuvust, mis v\u00f5imaldab t\u00e4pset liikuvate loomade ja kiirete stseenide j\u00e4\u00e4dvustamist. See oluline 50 Hz-st edasiminek tagab sujuvama ja t\u00e4psema visualiseerimise.<\/p>\n<h2>F0,9 objektiiv: parandatud valguse salvestamine<\/h2>\n<p>F0,9 objektiiv on disainitud, et parandada valguse vastuv\u00f5ttu 20%, parandades m\u00e4rkimisv\u00e4\u00e4rselt eredust ja pildi kvaliteeti v\u00f5rreldes traditsiooniliste F1,0 objektiividega. See edasiminek tagab, et iga detail on s\u00e4ravalt selge, tehes Vista ideaalseks kaaslaseks \u00f6\u00f6vaatluste ajal.<\/p>\n<h2>Paindlik laadimine: vahetuvatelepatareidele pikendatud t\u00f6\u00f6<\/h2>\n<p>Vista pakub kahte laadimisvalikut: vahetuvateleIBP-7\/4400 mAh patareidele v\u00f5i otsesele laadimisele sisseehitatud pordikaudu. See tagab pidevat t\u00f6\u00f6d, nii et saate keskenduda jahile, ilma akuprobleemideta.<\/p>\n<h2>Lai vaatev\u00e4li: parandatud \u00fcmbruse teadlikkus<\/h2>\n<p>Oma \u00fclimaGa 2X esmase suurendusega ja avar vaatev\u00e4ljaga tagab Vista S50R erakordse perspektiivi oma \u00fcmbrusest. See v\u00f5imaldab teil h\u00f5lpsalt m\u00e4rgata ja j\u00e4lgida mitut sihtm\u00e4rki laia maastiku ulatuses, tagades iga liigutuse selge j\u00e4\u00e4dvustamise.<\/p>\n<h2>Erinevad v\u00e4rvipalettid<\/h2>\n<p>Vista pakub 7 erinevat v\u00e4rvipaletti, sh punase ja puhta rohelise \u00fchev\u00e4rvilise re\u017eiimi. Need silmas\u00f5bralikud valikud aitavad v\u00e4hendada silmade v\u00e4simust, tagades pingeta kasutamise pikematel perioodidel.<\/p>\n<h2>Kasutajas\u00f5bralik disain<\/h2>\n<p>Vista vaikivad nupud tagavad vaikse kasutamise pimeduses, samal ajal kui p\u00f6\u00f6rlev silmamaski tihend takistab valguse lekkimist, hoides teie kohalolu loomadele varjatud. T\u00e4ielikult \u00fcmbritsetud TPU nahktekstuuri kate pakub mugavat haaret, muutes pikaajalise kasutamise h\u00f5lpsaks.<\/p>\n","protected":false},"excerpt":{"rendered":"<p>Nocpix VISTA S50R \u0441 LRF 1280&#215;1024 &lt;15mK NETD: Kaasahaarav 2560&#215;2560 AMOLED-ekraan, suurep\u00e4rane 1280&#215;1024 andur, integreeritud LRF, F0.9 objektiiv, 60Hz kaadrisagedus, paindlik laadimine, lai vaatev\u00e4li ja kasutajas\u00f5bralik disain.<\/p>\n<p>Kui toode pole saadaval, v\u00f5tke meiega \u00fchendust: shop@nbg.eu v\u00f5i +359896147790<\/p>\n","protected":false},"featured_media":673178,"template":"","meta":{"_acf_changed":false},"product_brand":[14449],"product_cat":[14042,16070],"product_tag":[],"class_list":{"0":"post-672189","1":"product","2":"type-product","3":"status-publish","4":"has-post-thumbnail","6":"product_brand-nocpix","7":"product_cat-soojuskiir","8":"product_cat-thermal-cameras-et","10":"first","11":"instock","12":"taxable","13":"shipping-taxable","14":"purchasable","15":"product-type-simple"},"acf":[],"_links":{"self":[{"href":"https:\/\/nbg.eu\/et\/wp-json\/wp\/v2\/product\/672189","targetHints":{"allow":["GET"]}}],"collection":[{"href":"https:\/\/nbg.eu\/et\/wp-json\/wp\/v2\/product"}],"about":[{"href":"https:\/\/nbg.eu\/et\/wp-json\/wp\/v2\/types\/product"}],"wp:featuredmedia":[{"embeddable":true,"href":"https:\/\/nbg.eu\/et\/wp-json\/wp\/v2\/media\/673178"}],"wp:attachment":[{"href":"https:\/\/nbg.eu\/et\/wp-json\/wp\/v2\/media?parent=672189"}],"wp:term":[{"taxonomy":"product_brand","embeddable":true,"href":"https:\/\/nbg.eu\/et\/wp-json\/wp\/v2\/product_brand?post=672189"},{"taxonomy":"product_cat","embeddable":true,"href":"https:\/\/nbg.eu\/et\/wp-json\/wp\/v2\/product_cat?post=672189"},{"taxonomy":"product_tag","embeddable":true,"href":"https:\/\/nbg.eu\/et\/wp-json\/wp\/v2\/product_tag?post=672189"}],"curies":[{"name":"wp","href":"https:\/\/api.w.org\/{rel}","templated":true}]}}