{"id":673428,"date":"2025-11-17T17:24:54","date_gmt":"2025-11-17T14:24:54","guid":{"rendered":"https:\/\/nbg.eu\/product\/termokaamerad-nocpix-vista-h50r-koos-lrf-50-mm-12-%ce%bcm-640x512-15-mk-netd\/"},"modified":"2026-04-14T15:53:16","modified_gmt":"2026-04-14T12:53:16","slug":"termokaamerad-nocpix-vista-h50r-koos-lrf-50-mm-12-%ce%bcm-640x512-15-mk-netd","status":"publish","type":"product","link":"https:\/\/nbg.eu\/et\/toode\/termokaamerad-nocpix-vista-h50r-koos-lrf-50-mm-12-%ce%bcm-640x512-15-mk-netd\/","title":{"rendered":"Nocpix Termokaamera VISTA H50R LRF"},"content":{"rendered":"<h2>Nocpix VISTA H50R &#8211; Kaasaegne termopildistuskamera koos laserraugafinderiga<\/h2>\n<p>Nocpix VISTA H50R on kaasaegne termopildistuskamera, millel on sisseehitatud laserraugafinder (LRF), m\u00f5eldud p\u00e4evaste ja \u00f6iste kasutamiseks. See annab suurep\u00e4rast pildi kvaliteeti isegi rasketes ilmastikuoludes nagu udu, suits ja vihm ning suudab tuvastada sihtm\u00e4rke takistuste nagu oksad, k\u00f5rge rohi ja tihe lehestik kaudu, mis tavaliselt varjavad n\u00e4htavust.<\/p>\n<p>VISTA H50R on v\u00e4ga mitmek\u00fclgne ja sobib kasutamiseks jahilk\u00e4imise, turvalisuse, valve, maastiku navigeerimise ja otsingu- ja p\u00e4\u00e4stet\u00f6\u00f6deks. Selle uus termiline tehnoloogia tagab usaldusv\u00e4\u00e4rse j\u00f5udluse, pakkudes selgeid kujutisi ja t\u00e4pseid m\u00f5\u00f5tmisi keerulistes tingimustes.<\/p>\n<h2>Tehnilised andmed:<\/h2>\n<p>Resolutsioon: 640 x 512<br \/>\nPiksli suurus: 12<br \/>\nNETD, mK: \u226415<br \/>\nKaadrisagedus: 50<br \/>\nObjektiiv: 50mm F0.9<br \/>\nVaatev\u00e4li: 8.8 x 7.0<br \/>\nVaatev\u00e4li (lineaarne): 15 x 12<br \/>\nSuurendus: 4~40<br \/>\nTuvastusulatus: 2600<br \/>\nKaugus silmadest: 25<br \/>\nPupilli l\u00e4bim\u00f5\u00f5t: 8<br \/>\nDioptri: -4 ~ +6<br \/>\nEkraani t\u00fc\u00fcp: AMOLED<br \/>\nEkraani resolutsioon: 2560 x 2560<br \/>\nAku: Vahetatav liitiumioonaku IBP-7 \/ 4400mAh<br \/>\nMaksimaalne t\u00f6\u00f6tamisaeg: 5.5<br \/>\nKauguse m\u00f5\u00f5tmise ulatus: 1200<br \/>\nLaser: Klass 1<br \/>\nWi-Fi\/Rakendus: JAH<br \/>\nMikrofon: JAH<br \/>\nM\u00e4lu mahutavus: 64GB<br \/>\nIP-klass: IP67<br \/>\nMaksimaalne t\u00f6\u00f6temperatuur: -20 ~ +50<br \/>\nKaal (untsi): 22.93<br \/>\nKaal (g): 650<br \/>\nM\u00f5\u00f5tmed (tolli): 7.64 x 2.76 x 3.23<br \/>\nM\u00f5\u00f5tmed (mm): 194 x 70 x 82<\/p>\n<p>640\u00d7512 12\u03bcm detektor<br \/>\nNETD\u226415mK<br \/>\n60Hz k\u00f5rge kaadrisagedus<br \/>\nF0.9 objektiiv<br \/>\nAMOLED 2560\u00d72560 ringekraan<br \/>\nIBP-7 kiirete vahetustega laetav aku<br \/>\nSujuv digitaalne suum: 1\u00d7~8\u00d7<br \/>\nUltraselge re\u017eiim<br \/>\nSilmakaitse madala heleduse, v\u00e4rvivaliku ja sooja tooniga<br \/>\nElektrooniline pildi stabiliseerimine<\/p>\n","protected":false},"excerpt":{"rendered":"<p>Nocpix VISTA H50R on 640&#215;512 12um termokaamerat \u226415mK NETD, 50mm F0.9 objektiivi ja sisseehitatud laserkaugusm\u00f5\u00f5turiga, mida saab kasutada jahil, turvalisuse tagamisel jm.<\/p>\n<p>Kui toode pole saadaval, v\u00f5tke palun \u00fchendust: shop@nbg.eu v\u00f5i +359896147790<\/p>\n","protected":false},"featured_media":673547,"template":"","meta":{"_acf_changed":false},"product_brand":[14449],"product_cat":[14042,16070],"product_tag":[],"class_list":{"0":"post-673428","1":"product","2":"type-product","3":"status-publish","4":"has-post-thumbnail","6":"product_brand-nocpix","7":"product_cat-soojuskiir","8":"product_cat-thermal-cameras-et","10":"first","11":"instock","12":"taxable","13":"shipping-taxable","14":"purchasable","15":"product-type-simple"},"acf":[],"_links":{"self":[{"href":"https:\/\/nbg.eu\/et\/wp-json\/wp\/v2\/product\/673428","targetHints":{"allow":["GET"]}}],"collection":[{"href":"https:\/\/nbg.eu\/et\/wp-json\/wp\/v2\/product"}],"about":[{"href":"https:\/\/nbg.eu\/et\/wp-json\/wp\/v2\/types\/product"}],"wp:featuredmedia":[{"embeddable":true,"href":"https:\/\/nbg.eu\/et\/wp-json\/wp\/v2\/media\/673547"}],"wp:attachment":[{"href":"https:\/\/nbg.eu\/et\/wp-json\/wp\/v2\/media?parent=673428"}],"wp:term":[{"taxonomy":"product_brand","embeddable":true,"href":"https:\/\/nbg.eu\/et\/wp-json\/wp\/v2\/product_brand?post=673428"},{"taxonomy":"product_cat","embeddable":true,"href":"https:\/\/nbg.eu\/et\/wp-json\/wp\/v2\/product_cat?post=673428"},{"taxonomy":"product_tag","embeddable":true,"href":"https:\/\/nbg.eu\/et\/wp-json\/wp\/v2\/product_tag?post=673428"}],"curies":[{"name":"wp","href":"https:\/\/api.w.org\/{rel}","templated":true}]}}