{"id":673811,"date":"2025-11-17T17:24:57","date_gmt":"2025-11-17T14:24:57","guid":{"rendered":"https:\/\/nbg.eu\/product\/termokaamerat-nocpix-vista-h35r-koos-lrf-35mm-12um-640x512-15mk-net\/"},"modified":"2026-04-14T15:53:12","modified_gmt":"2026-04-14T12:53:12","slug":"termokaamerat-nocpix-vista-h35r-koos-lrf-35mm-12um-640x512-15mk-net","status":"publish","type":"product","link":"https:\/\/nbg.eu\/et\/toode\/termokaamerat-nocpix-vista-h35r-koos-lrf-35mm-12um-640x512-15mk-net\/","title":{"rendered":"Nocpix Termokaamera VISTA H35R LRF"},"content":{"rendered":"<h2>Nocpix VISTA H35R termilise monokuli ja laserraadiaatoriga<\/h2>\n<p>Nocpix VISTA H35R on mitmeotstarbeline termilise pildiga monokul, millel on sisseehitatud laserraadiaator (LRF), loodud t\u00f6\u00f6kindlaks kasutamiseks nii p\u00e4eval kui \u00f6\u00f6l. See t\u00e4iustatud seade pakub silmapaistvat termilise pildi toimivust, pakkudes selget ja \u00fcksikasjalikku kujutist isegi rasketes ilmatingimustes nagu udu, suits ja vihm. See suudab avastada sihtm\u00e4rke takistuste, nagu oksad, k\u00f5rge rohi ja tihe lehtpuukasv, kaudu, tagades t\u00f5husa toimimise olukordades, kus tavalised optikaseadmed on ebapiisavad.<\/p>\n<p>Sobides paljudeks rakendusteks, on VISTA H35R suurep\u00e4rane jahil, valve- ja turvat\u00f6\u00f6s, maastiku navigeerimisel ning otsi- ja p\u00e4\u00e4steoperatsioonidel. Oma tipptasemel tehnoloogia ja vastupidava konstruktsiooniga tagab VISTA H35R t\u00e4pse tuvastamise ja m\u00f5\u00f5tmise ka k\u00f5ige keerulisemates tingimustes.<\/p>\n<h2>Tehnilised andmed<\/h2>\n<p>Resolutsioon: 640 x 512<br \/>\nPiksli suurus: 12<br \/>\nNETD, mK: \u226415<br \/>\nKaadrisagedus: 50<br \/>\nObjektiiv: 35mm F0.9<br \/>\nVaatev\u00e4li: 12.5 x 10.0<br \/>\nVaatev\u00e4li (lineaarne): 22 x 18<br \/>\nSuurendus: 3~28<br \/>\nTuvastamisulatus: 1800<br \/>\nKaugus silmadest: 25<br \/>\nPupilli l\u00e4bim\u00f5\u00f5t: 8<br \/>\nDioptri: -4 ~ +6<br \/>\nEkraani t\u00fc\u00fcp: AMOLED<br \/>\nEkraani resolutsioon: 2560 x 2560<br \/>\nAku: Vahetatav liitium-ioon aku IBP-7 \/ 4400mAh<br \/>\nMax. t\u00f6\u00f6aeg: 5.5<br \/>\nRaadiaatori ulatus: 1200<br \/>\nLaser: Klass 1<br \/>\nWi-Fi\/Rakendus: JAH<br \/>\nMIC: JAH<br \/>\nM\u00e4lumaht: 64GB<br \/>\nIP reiting: IP67<br \/>\nMax. t\u00f6\u00f6temperatuur: -20 ~ +50<br \/>\nKaal (untsi): 22.58<br \/>\nKaal (g): 640<br \/>\nM\u00f5\u00f5tmed (toll): 7.48 x 2.64 x 3.11<br \/>\nM\u00f5\u00f5tmed (mm): 190 x 67 x 79<\/p>\n<h2>Omadused<\/h2>\n<p>640\u00d7512 12\u03bcm detektor<br \/>\nNETD\u226415mK<br \/>\n60Hz k\u00f5rge kaadrisagedus<br \/>\nF0.9 objektiiv<br \/>\nAMOLED 2560\u00d72560 ringekraan<br \/>\nIBP-7 kiiresti vahetatav taaslaetav aku<br \/>\nSujuv digitaalne suurendus: 1\u00d7~8\u00d7<br \/>\nUltra puhta re\u017eiim<br \/>\nSilmakaitse madala heleduse, v\u00e4rviskaalaga ja soe toon<br \/>\nElektrooniline pildi stabiliseerimine<\/p>\n","protected":false},"excerpt":{"rendered":"<p>Termokaamerat Nocpix VISTA H35R, millel on 35mm 12um 640&#215;512 &lt;15mk NET ja LRF, et t\u00f6\u00f6tada usaldusv\u00e4\u00e4rses p\u00e4eva\/\u00f6\u00f6 re\u017eiimis keerulistes tingimustes.<\/p>\n<p>Kui kaup pole saadaval, v\u00f5tke meiega \u00fchendust: shop@nbg.eu v\u00f5i +359896147790<\/p>\n","protected":false},"featured_media":673850,"template":"","meta":{"_acf_changed":false},"product_brand":[14449],"product_cat":[14042,16070],"product_tag":[],"class_list":{"0":"post-673811","1":"product","2":"type-product","3":"status-publish","4":"has-post-thumbnail","6":"product_brand-nocpix","7":"product_cat-soojuskiir","8":"product_cat-thermal-cameras-et","10":"first","11":"instock","12":"taxable","13":"shipping-taxable","14":"purchasable","15":"product-type-simple"},"acf":[],"_links":{"self":[{"href":"https:\/\/nbg.eu\/et\/wp-json\/wp\/v2\/product\/673811","targetHints":{"allow":["GET"]}}],"collection":[{"href":"https:\/\/nbg.eu\/et\/wp-json\/wp\/v2\/product"}],"about":[{"href":"https:\/\/nbg.eu\/et\/wp-json\/wp\/v2\/types\/product"}],"wp:featuredmedia":[{"embeddable":true,"href":"https:\/\/nbg.eu\/et\/wp-json\/wp\/v2\/media\/673850"}],"wp:attachment":[{"href":"https:\/\/nbg.eu\/et\/wp-json\/wp\/v2\/media?parent=673811"}],"wp:term":[{"taxonomy":"product_brand","embeddable":true,"href":"https:\/\/nbg.eu\/et\/wp-json\/wp\/v2\/product_brand?post=673811"},{"taxonomy":"product_cat","embeddable":true,"href":"https:\/\/nbg.eu\/et\/wp-json\/wp\/v2\/product_cat?post=673811"},{"taxonomy":"product_tag","embeddable":true,"href":"https:\/\/nbg.eu\/et\/wp-json\/wp\/v2\/product_tag?post=673811"}],"curies":[{"name":"wp","href":"https:\/\/api.w.org\/{rel}","templated":true}]}}