{"id":673996,"date":"2025-11-17T17:25:01","date_gmt":"2025-11-17T14:25:01","guid":{"rendered":"https:\/\/nbg.eu\/product\/termiline-sihik-nocpix-slim-l35\/"},"modified":"2026-04-14T15:53:09","modified_gmt":"2026-04-14T12:53:09","slug":"termiline-sihik-nocpix-slim-l35","status":"publish","type":"product","link":"https:\/\/nbg.eu\/et\/toode\/termiline-sihik-nocpix-slim-l35\/","title":{"rendered":"Nocpix Termosihik Slim L35"},"content":{"rendered":"<h2>Termokaamera Nocpix Slim L35: \u00dcletamatu jahimehe j\u00f5udlus<\/h2>\n<p>Tutvustame SLIM seeria kiikskoopi: 2-in-1 k\u00e4siline MONOKUL v\u00f5i 3,5x (L35) kiikskoop. Valige kahe k\u00f5rge j\u00f5udlusega s\u00fcdamiku vahel, nautige 1024&#215;768 OLED-ekraani ja kasutage vahetatavat 18650 akut, mis tagab 10 tundi toidet. J\u00e4\u00e4dvustage iga hetk m\u00f5jukindla salvestamisega, et \u00fckski kaader ei j\u00e4\u00e4ks j\u00e4\u00e4dvustamata.<\/p>\n<p>L\u00fclituge sujuvalt k\u00e4sitsi ja optiliste sihtm\u00e4rkide vahel, ilma et peaksite nullima, t\u00e4nu 2-in-1 disainile QD-kinnitusega. Nautige v\u00e4simustundeta vaatamist 1024&#215;768 AMOLED-ekraaniga, uue okulari disainiga ja mugava 10 mm pupilli l\u00e4bim\u00f5\u00f5duga. Kaaludes vaid 500 g, teeb see \u00fcliliitkonstruktsioon pikaajalise kasutamise vaevata, hoides teid v\u00e4litingimustes liikuva.<\/p>\n<p>K\u00f5rge j\u00f5udlusega p\u00f5hivalikud &#8211; 384\u00d7288@12\u03bcm v\u00f5i 640\u00d7512@12\u03bcm, NETD\u226418 mK pakuvad \u00fcletamatut pildi kvaliteeti, tagades, et iga detail on tabatud h\u00e4mmastava selgusega, s\u00f5ltumata jahitingimustest. Koos Reality+ tehnoloogia v\u00f5imsusega saavutab Slim pildi kvaliteedi, mis \u00fcletab teiste br\u00e4ndide anduritega samav\u00e4\u00e4rset klassi.<\/p>\n<p>\u00c4ra kunagi m\u00f6\u00f6da lastud kaadrit RAV-funktsiooniga, mis v\u00f5imaldab sul oma p\u00f5nevamaid jahimomenti \u00fcle elada ja jagada. J\u00e4tka jahtimist eemaldatava, k\u00fclmakindla 18650 akuga, mis pakub kuni 8 tundi ootere\u017eiimi, isegi \u00e4\u00e4rmuslikel tingimustel. 3,5x-lise p\u00f5hisuurendusega SLIM L35 on sinu valik kaugjahiks, tehes puudekaru jahtimine t\u00e4psemaks ja t\u00f5husamaks.<\/p>\n","protected":false},"excerpt":{"rendered":"<p>SLIM seeriastKiikarvtelli: 2-in-1 k\u00e4sitsi hoitav MONOKULAAR v\u00f5i 3.5x (L35) kiik 1024&#215;768 OLED-iga, 18650 patareiga, l\u00f6\u00f6gimeister, termoandur ja kiire vahetamise paindlikkus.<\/p>\n<p>Kui toode pole saadaval, v\u00f5tke meiega \u00fchendust: shop@nbg.eu v\u00f5i +359896147790<\/p>\n","protected":false},"featured_media":674366,"template":"","meta":{"_acf_changed":false},"product_brand":[14449],"product_cat":[16070],"product_tag":[],"class_list":{"0":"post-673996","1":"product","2":"type-product","3":"status-publish","4":"has-post-thumbnail","6":"product_brand-nocpix","7":"product_cat-thermal-cameras-et","9":"first","10":"instock","11":"taxable","12":"shipping-taxable","13":"purchasable","14":"product-type-simple"},"acf":[],"_links":{"self":[{"href":"https:\/\/nbg.eu\/et\/wp-json\/wp\/v2\/product\/673996","targetHints":{"allow":["GET"]}}],"collection":[{"href":"https:\/\/nbg.eu\/et\/wp-json\/wp\/v2\/product"}],"about":[{"href":"https:\/\/nbg.eu\/et\/wp-json\/wp\/v2\/types\/product"}],"wp:featuredmedia":[{"embeddable":true,"href":"https:\/\/nbg.eu\/et\/wp-json\/wp\/v2\/media\/674366"}],"wp:attachment":[{"href":"https:\/\/nbg.eu\/et\/wp-json\/wp\/v2\/media?parent=673996"}],"wp:term":[{"taxonomy":"product_brand","embeddable":true,"href":"https:\/\/nbg.eu\/et\/wp-json\/wp\/v2\/product_brand?post=673996"},{"taxonomy":"product_cat","embeddable":true,"href":"https:\/\/nbg.eu\/et\/wp-json\/wp\/v2\/product_cat?post=673996"},{"taxonomy":"product_tag","embeddable":true,"href":"https:\/\/nbg.eu\/et\/wp-json\/wp\/v2\/product_tag?post=673996"}],"curies":[{"name":"wp","href":"https:\/\/api.w.org\/{rel}","templated":true}]}}