{"id":674773,"date":"2025-11-17T17:25:02","date_gmt":"2025-11-17T14:25:02","guid":{"rendered":"https:\/\/nbg.eu\/product\/thermal-sight-nocpix-slim-h35\/"},"modified":"2026-04-14T15:53:05","modified_gmt":"2026-04-14T12:53:05","slug":"thermal-sight-nocpix-slim-h35","status":"publish","type":"product","link":"https:\/\/nbg.eu\/et\/toode\/thermal-sight-nocpix-slim-h35\/","title":{"rendered":"Nocpix Termosihik Slim H35"},"content":{"rendered":"<h2>Termiline sihikinga Nocpix Slim H35 &#8211; \u00fclimalt kerge termopildistamine silmapaistva pildikvaliteediga<\/h2>\n<p>Tutvustame SLIM-seeria kiirsihiku: 2-in-1 k\u00e4sipiisektorskoop v\u00f5i 3,5x (L35) kiirsihik. Valige kahe k\u00f5rge j\u00f5udlusega tuuma vahel, nautige 1024&#215;768 OLED-ekraani ja saage kasu asendatavast 18650 patareist, mis tagab 10-tunnise t\u00f6\u00f6aja. J\u00e4\u00e4dvustage iga hetk m\u00f5juga salvestades, et \u00fckski kaader ei j\u00e4\u00e4ks vahele.<\/p>\n<p>Nautige silmade v\u00e4simatu vaatamist 1024&#215;768 AMOLED-ekraani, uue okulaarih\u00fcve disaini ja mugava 10 mm pupilldiameetriga.<\/p>\n<p>Kaaludes vaid 500 g, teeb see \u00fclimalt kerge disain pideva kasutamise vaevarikas, hoides teid v\u00e4litingimustes agilsena.<\/p>\n<p>K\u00f5rge j\u00f5udlusega p\u00f5hivalikud &#8211; 384&#215;288@12\u03bcm v\u00f5i 640&#215;512@12\u03bcm, NETD\u226418 mK pakuvad v\u00f5rreldamatut pildikvaliteeti, tagades, et iga detail on pildistatud h\u00e4marates tingimustes silmapaistva selgusega. T\u00e4nu Reality+ tehnoloogia lisaj\u00f5ule \u00fcletab Slim teiste br\u00e4ndide anduritel p\u00f5hineva kvaliteedi.<\/p>\n<p>\u00c4rge kunagi j\u00e4tke maha kaadrit RAV-funktsiooni abil, mis v\u00f5imaldab teil uuesti l\u00e4bi m\u00e4ngida ja jagada oma p\u00f5nevamaid jahimomendid.<\/p>\n<p>J\u00e4tkake jahtimist eemaldatava, madala temperatuuri suhtes vastupidava 18650 patareiga, mis pakub kuni 8 tundi ootere\u017eiimi, isegi \u00e4\u00e4rmistes oludes. See on varustatud ka magnetilise laadimispordiga, mis muudab laadimise h\u00f5lpsaks, isegi t\u00e4ielikus pimeduses.<\/p>\n","protected":false},"excerpt":{"rendered":"<p>Termilise n\u00e4gemise Nocpix Slim H35: 2-in-1 monokulaar\/3.5x kaugvaatlus 1024&#215;768 OLED-iga, 18650 aku, l\u00f6\u00f6gisalvesti.<\/p>\n<p>Kui toode pole saadaval, v\u00f5tke meiega \u00fchendust: shop@nbg.eu v\u00f5i +359896147790<\/p>\n","protected":false},"featured_media":675528,"template":"","meta":{"_acf_changed":false},"product_brand":[14449],"product_cat":[16070],"product_tag":[],"class_list":{"0":"post-674773","1":"product","2":"type-product","3":"status-publish","4":"has-post-thumbnail","6":"product_brand-nocpix","7":"product_cat-thermal-cameras-et","9":"first","10":"instock","11":"taxable","12":"shipping-taxable","13":"purchasable","14":"product-type-simple"},"acf":[],"_links":{"self":[{"href":"https:\/\/nbg.eu\/et\/wp-json\/wp\/v2\/product\/674773","targetHints":{"allow":["GET"]}}],"collection":[{"href":"https:\/\/nbg.eu\/et\/wp-json\/wp\/v2\/product"}],"about":[{"href":"https:\/\/nbg.eu\/et\/wp-json\/wp\/v2\/types\/product"}],"wp:featuredmedia":[{"embeddable":true,"href":"https:\/\/nbg.eu\/et\/wp-json\/wp\/v2\/media\/675528"}],"wp:attachment":[{"href":"https:\/\/nbg.eu\/et\/wp-json\/wp\/v2\/media?parent=674773"}],"wp:term":[{"taxonomy":"product_brand","embeddable":true,"href":"https:\/\/nbg.eu\/et\/wp-json\/wp\/v2\/product_brand?post=674773"},{"taxonomy":"product_cat","embeddable":true,"href":"https:\/\/nbg.eu\/et\/wp-json\/wp\/v2\/product_cat?post=674773"},{"taxonomy":"product_tag","embeddable":true,"href":"https:\/\/nbg.eu\/et\/wp-json\/wp\/v2\/product_tag?post=674773"}],"curies":[{"name":"wp","href":"https:\/\/api.w.org\/{rel}","templated":true}]}}