{"id":676608,"date":"2025-11-17T17:25:14","date_gmt":"2025-11-17T14:25:14","guid":{"rendered":"https:\/\/nbg.eu\/product\/termiline-vaatesusteem-nocpix-rico-2-s75r\/"},"modified":"2026-04-14T15:53:02","modified_gmt":"2026-04-14T12:53:02","slug":"termiline-vaatesusteem-nocpix-rico-2-s75r","status":"publish","type":"product","link":"https:\/\/nbg.eu\/et\/toode\/termiline-vaatesusteem-nocpix-rico-2-s75r\/","title":{"rendered":"Nocpix Termosihik Rico 2 S75R"},"content":{"rendered":"<h2>Nocpix Rico 2 S75R: Pikamaa laskmise t\u00e4iuslikkus<\/h2>\n<p>Nocpix RICO 2 S75R termilise pildi skoobide sari on loodud jahimeestele, kes n\u00f5uavad selgust, ulatust ja mugavust. Disainitud tipptasemel termilise anduri ja k\u00f5rge kaadrisagedusega, see pakub ultrasuurep\u00e4rast pildi kvaliteeti, mis muudab sihtm\u00e4rkide tuvastamise ja j\u00e4lgimise lihtsaks. Selle pikk fookuskaugus ja sisseehitatud kaugusm\u00f5\u00f5tja tagavad, et saate t\u00e4pselt m\u00f5\u00f5ta kaugeid sihtm\u00e4rke, samal ajal kui erakordne optiline disain pakub h\u00e4ireteta vaatamiskogemust. Varustatud sujuva suumhooba ja suurep\u00e4rase silmavaatega, Nocpix RICO 2 S75R seeria v\u00f5imaldab jahimeestel lihtsalt reguleerida suurendust ja tunda ennast mugavalt pikaajalise jahipidamise ajal. Uuenduslike tehnoloogiate ja kasutajakeskse disainiga, Nocpix RICO 2 S75R seeria t\u00f5epoolest v\u00f5imaldab teil jahipidada piiridest kaugemal.<\/p>\n<h2>Tipptasemel j\u00f5udlus<\/h2>\n<p>Kasu teise p\u00f5lvkonna 12\u03bcm@60Hz anduri &#8216;NETD \u226415mK&#8217;, teravate ja kontrastsete piltide ja t\u00e4iustatud sihtm\u00e4rkide tuvastamise jaoks. Nocpix RICO 2 S75R on varustatud suurema objektiivl\u00e4\u00e4tsedega (75 mm\/F1.0, 50 mm\/F1.0, 42 mm\/F1.0), pakkudes paranenud valguse kogumise v\u00f5imet erakordse pildi selguse ja laiendatud tuvastusulatus jaoks. RICO 2 seeria v\u00f5imaldab teil oma suurendust lihtsalt peenh\u00e4\u00e4lestada sujuva LPVO-stiili suumhoovaga, pakkudes kiireid ja mugavaid reguleerimisi, et kindlalt haarata sihtm\u00e4rke igal kaugusel t\u00e4psusega. RICO 2 seeria pakub muljetavaldava tuvastusulatus kuni 3896 m, andes teile m\u00e4rkimisv\u00e4\u00e4rse eelise pikamaa jahtimises ja t\u00e4pses sihtm\u00e4rkimises.<\/p>\n<h2>Painduv ja t\u00e4pne sihtimiss\u00fcsteem<\/h2>\n<p>Nocpix RICO 2 S75R on varustatud integreeritud kaugusm\u00f5\u00f5tjaga, mis pakub lasertuvastust kuni 1200 m ulatuses t\u00f5elise optiline telgjoondamisega, tagades t\u00e4psed kaugusem\u00f5\u00f5tmised, s\u00e4ilitades samas elegantse ja minimalistliku disaini. Lihtsustage oma laskeviisi automaatsete ballistiliste arvutustega, kasutades integreeritud kaugusm\u00f5\u00f5tjat, et lihtsalt tabada t\u00e4psed l\u00f6\u00f6gid pikkadel kaugustel.<\/p>\n<h2>Eriti selge ja mugav vaatamine<\/h2>\n<p>1.03&#8243; 2560&#215;2560 OLED-ekraan (S75R), moonutusvaba okulaar, 70mm silmakaugus ja 23mm pupilliavaarus pakuvad teravat ja mugavat vaatamist pikaajalise kasutuse ajal. S75R mudel on varustatud enneolematu 70mm kaugusega, mis tagab maksimaalse mugavuse pikaajalise kasutuseta ilma silmade pingutuseta ja tagab silmade ohutuse.<\/p>\n","protected":false},"excerpt":{"rendered":"<p>Tipptasemel 1280&#215;1024 teise p\u00f5lvkonna andur, paindlik ja t\u00e4pne integreeritud LRF, \u00e4\u00e4rmiselt selge ja mugav vaatamine, ohutus ja mugav silmavahemik. Nocpix Rico 2 S75R &#8211; Pikka vahemaad laskmise ekspert.<\/p>\n<p>Kui kaup ei ole saadaval, v\u00f5tke meiega \u00fchendust: shop@nbg.eu v\u00f5i +359896147790<\/p>\n","protected":false},"featured_media":676799,"template":"","meta":{"_acf_changed":false},"product_brand":[14449],"product_cat":[16070],"product_tag":[],"class_list":{"0":"post-676608","1":"product","2":"type-product","3":"status-publish","4":"has-post-thumbnail","6":"product_brand-nocpix","7":"product_cat-thermal-cameras-et","9":"first","10":"instock","11":"taxable","12":"shipping-taxable","13":"purchasable","14":"product-type-simple"},"acf":[],"_links":{"self":[{"href":"https:\/\/nbg.eu\/et\/wp-json\/wp\/v2\/product\/676608","targetHints":{"allow":["GET"]}}],"collection":[{"href":"https:\/\/nbg.eu\/et\/wp-json\/wp\/v2\/product"}],"about":[{"href":"https:\/\/nbg.eu\/et\/wp-json\/wp\/v2\/types\/product"}],"wp:featuredmedia":[{"embeddable":true,"href":"https:\/\/nbg.eu\/et\/wp-json\/wp\/v2\/media\/676799"}],"wp:attachment":[{"href":"https:\/\/nbg.eu\/et\/wp-json\/wp\/v2\/media?parent=676608"}],"wp:term":[{"taxonomy":"product_brand","embeddable":true,"href":"https:\/\/nbg.eu\/et\/wp-json\/wp\/v2\/product_brand?post=676608"},{"taxonomy":"product_cat","embeddable":true,"href":"https:\/\/nbg.eu\/et\/wp-json\/wp\/v2\/product_cat?post=676608"},{"taxonomy":"product_tag","embeddable":true,"href":"https:\/\/nbg.eu\/et\/wp-json\/wp\/v2\/product_tag?post=676608"}],"curies":[{"name":"wp","href":"https:\/\/api.w.org\/{rel}","templated":true}]}}