{"id":676865,"date":"2025-11-17T17:25:15","date_gmt":"2025-11-17T14:25:15","guid":{"rendered":"https:\/\/nbg.eu\/product\/termovisioon-nocpix-rico-2-h75r\/"},"modified":"2026-04-14T15:52:59","modified_gmt":"2026-04-14T12:52:59","slug":"termovisioon-nocpix-rico-2-h75r","status":"publish","type":"product","link":"https:\/\/nbg.eu\/et\/toode\/termovisioon-nocpix-rico-2-h75r\/","title":{"rendered":"Nocpix Termosihik Rico 2 H75R"},"content":{"rendered":"<h2>Nocpix Rico 2 H75R: Kaugtuliriistad t\u00e4iuslikkus<\/h2>\n<p>Nocpix RICO 2 H75R termooptiliste skoopide seeria on loodud jahimeestele, kes n\u00f5uavad selgust, ulatust ja mugavust. T\u00f6\u00f6stusharu juhtiv termoandur ja k\u00f5rge kaadrisagedus tagavad \u00fclimalt kvaliteetse pildi, mis muudab sihtm\u00e4rkide tuvastamise ja j\u00e4lgimise h\u00f5lpsaks. Suur fookuskaugus ja sisseehitatud kaugusm\u00f5\u00f5tja tagavad, et saate t\u00e4pselt m\u00f5\u00f5ta kaugel asuvaid sihtm\u00e4rke, samal ajal kui edasij\u00f5udnud optiline disain pakub h\u00e4ireteta vaatamiskogemust. Sujuva suumivahendi ja erakordselt hea silmareljeefiga v\u00f5imaldab Nocpix RICO 2 H75R seeriat jahimeestel effortlessly kohandada suurendust ja end mugavalt tunda ka pikema jahi ajal. Innovaatilised tehnoloogiad ja kasutajakeskne disain teevad Nocpix RICO 2 H75R seeria kaugk\u00fcti j\u00f5udluse tippklassi.<\/p>\n<h2>Tipptasemel termopiltimine<\/h2>\n<p>Kasutage tipptasemel teise p\u00f5lvkonna 640@12\u03bcm@60Hz andurit, m\u00f5lemad NETD \u226415mK, teravate ja kontrastsete piltide ja paranenud sihtm\u00e4rgi tuvastamisega.<\/p>\n<h2>Paremad kuvakvaliteet suurema objektiiviga<\/h2>\n<p>Nocpix RICO 2 H75R on varustatud suurema objektiiviga (75 mm\/F1.0, 50 mm\/F1.0, 42 mm\/F1.0), pakkudes paremat valguse kogumist erakordselt selge pildi ja laiema tuvastusulatus.<\/p>\n<h2>Lihtsad suurenduse reguleerimised<\/h2>\n<p>RICO 2 seeria v\u00f5imaldab teil sujuvalt reguleerida suurendust LPVO-stiilis suumivahendi abil, mis v\u00f5imaldab kiiresti ja lihtsalt reguleerida, et t\u00e4pselt h\u00f5lvata sihtm\u00e4rke mistahes kaugusel.<\/p>\n<h2>Loodud kaugjahiks<\/h2>\n<p>RICO 2 seeria pakub muljetavaldavat tuvastusulatus kuni 3896 m, andes teile olulise eelise kaugk\u00fcttimises ja t\u00e4pses sihtimises.<\/p>\n<h2>Painduv ja t\u00e4pne integreeritud LRF<\/h2>\n<p>Nocpix RICO 2 H75R on varustatud integreeritud LRF-iga, mis pakub laserituvastust kuni 1200 m ulatuses t\u00f5ese optiline teljejoondusega, tagades t\u00e4psed kauguse m\u00f5\u00f5tmised s\u00e4ilitades elegantse disaini.<\/p>\n<h2>Lihtsustatud ballistilised arvutused<\/h2>\n<p>Lihtsustage oma sihtimist automaatsete ballistiliste arvutustega, kasutades integreeritud LRF-i, et lihtsalt saavutada t\u00e4psed tabamused kaugetel kaugustel.<\/p>\n<h2>\u00dcliselge, mugav vaatamine<\/h2>\n<p>1.03&#8243; 2560\u00d72560 OLED-ekraan (S75R), moondusvaba okulaar, 70 mm silmareljeef ja 23 mm v\u00e4ljundava tagavad terava ja mugava vaatamiskogemuse pikkadeks sessioonideks.<\/p>\n<h2>Ohutus ja mugavus<\/h2>\n<p>H75R mudel on varustatud erakordse 70 mm silmareljeefiga, mis pakub maksimaalset mugavust pikaajaliseks kasutamiseks ilma silmade v\u00e4simiseta ja tagab silmade ohutuse.<\/p>\n","protected":false},"excerpt":{"rendered":"<p>Nocpix Rico 2 H75R &#8211; Pikamaa laskmise ekspert 640\u00d7512 anduriga, 60Hz, integreeritud LRF-ga ja pidevalt suurendatud kuvaga.<\/p>\n","protected":false},"featured_media":676948,"template":"","meta":{"_acf_changed":false},"product_brand":[14449],"product_cat":[16070],"product_tag":[],"class_list":{"0":"post-676865","1":"product","2":"type-product","3":"status-publish","4":"has-post-thumbnail","6":"product_brand-nocpix","7":"product_cat-thermal-cameras-et","9":"first","10":"instock","11":"taxable","12":"shipping-taxable","13":"purchasable","14":"product-type-simple"},"acf":[],"_links":{"self":[{"href":"https:\/\/nbg.eu\/et\/wp-json\/wp\/v2\/product\/676865","targetHints":{"allow":["GET"]}}],"collection":[{"href":"https:\/\/nbg.eu\/et\/wp-json\/wp\/v2\/product"}],"about":[{"href":"https:\/\/nbg.eu\/et\/wp-json\/wp\/v2\/types\/product"}],"wp:featuredmedia":[{"embeddable":true,"href":"https:\/\/nbg.eu\/et\/wp-json\/wp\/v2\/media\/676948"}],"wp:attachment":[{"href":"https:\/\/nbg.eu\/et\/wp-json\/wp\/v2\/media?parent=676865"}],"wp:term":[{"taxonomy":"product_brand","embeddable":true,"href":"https:\/\/nbg.eu\/et\/wp-json\/wp\/v2\/product_brand?post=676865"},{"taxonomy":"product_cat","embeddable":true,"href":"https:\/\/nbg.eu\/et\/wp-json\/wp\/v2\/product_cat?post=676865"},{"taxonomy":"product_tag","embeddable":true,"href":"https:\/\/nbg.eu\/et\/wp-json\/wp\/v2\/product_tag?post=676865"}],"curies":[{"name":"wp","href":"https:\/\/api.w.org\/{rel}","templated":true}]}}