{"id":676972,"date":"2025-11-17T17:25:28","date_gmt":"2025-11-17T14:25:28","guid":{"rendered":"https:\/\/nbg.eu\/product\/termilise-sihtiga-nocpix-ace-s60r-rail-zeiss\/"},"modified":"2026-04-14T17:20:57","modified_gmt":"2026-04-14T14:20:57","slug":"termilise-sihtiga-nocpix-ace-s60r-rail-zeiss","status":"publish","type":"product","link":"https:\/\/nbg.eu\/et\/toode\/termilise-sihtiga-nocpix-ace-s60r-rail-zeiss\/","title":{"rendered":"Nocpix Termosihik ACE S60R ZEISS RAIL"},"content":{"rendered":"<h2>NocPix ACE S60R soojuspilk<\/h2>\n<p>NocPix ACE S60R soojuspilk on uusima p\u00f5lvkonna t\u00f6\u00f6riist, mis on m\u00f5eldud tippjahtijatele, kes n\u00f5uavad tipptasemel tulemusi k\u00f5ige raskemas keskkonnas. Selle uuenduslike tehnoloogiate ja tugeva konstruktsiooniga juhtiva soojuspilguga saate valitseda \u00f6\u00f6d ja ohjata looduslikku kaitseta. Olgu teie \u00fclesandeks sihtm\u00e4rgi pikkade vahemaade skannimine v\u00f5i kiirelt liikuvate m\u00e4rklaudade j\u00e4lgimine, ACE S60R pakub v\u00f5rreldamatut selgust, t\u00e4psust ja t\u00f6\u00f6kindlust.<\/p>\n<p>Selle m\u00e4rkimisv\u00e4\u00e4rse pilgu s\u00fcdames on 2. p\u00f5lvkonna HD-soojustundlik andur 1280&#215;1024 resolutsiooniga ja \u00fclitundliku NETD \u226415mK-ga. Selle uue p\u00f5lvkonna andur v\u00f5imaldab ACE S60R-il tuvastada isegi k\u00f5ige v\u00e4iksemaidki temperatuurimuutusi, pakkudes selgeid ja \u00fcksikasjalikke soojuspilte reaalajas. 50 Hz kaadrisagedusega pilk pakub sujuvat n\u00e4gemist, mis p\u00fcsib teie sihtm\u00e4rgi kiirusega, v\u00f5imaldades teil lukustuda erakorralise t\u00e4psusega.<\/p>\n<p>NocPix ACE S60R-il on ka 60mm\/F1.0 objektiiv, mis kogub 20% rohkem valgust kui tavap\u00e4rased pildid, andes teile eredamaid ja selgemaid pilte isegi k\u00f5ige pimedamates oludes. Selle \u00fcleolev kauguse tuvastus kuni 3100 meetri ulatuses v\u00f5imaldab teil h\u00f5lpsalt tuvastada ja j\u00e4lgida kaugemaid sihtm\u00e4rke, pakkudes kriitilist eelist pikkade vahemaade jahtimis- ja laskmistingimustes. Koos NocPix-i proprieetaarse Reality+ pildit\u00f6\u00f6tlusalgoritmiga v\u00e4hendab ACE S60R oluliselt keskkonnak\u00e4ra, tuues esile teravad, k\u00f5rge kontrastiga kujutised iga kord.<\/p>\n<p>Neile, kes soovivad veelgi suuremat visuaalset selgust, on ACE S60R varustatud innovaatilise Vision+ s\u00fcsteemiga. \u00dcmmargune 1,03-tolline 2560&#215;2560 AMOLED-ekraan koos juhtiva okulaarmisega tagab v\u00f5rreldamatu optilise suurenduse ilma tavap\u00e4rase elektronlubega kaasnevate h\u00e4gustuste v\u00f5i deformatsioonideta. See l\u00e4bimurdelise tehnoloogia tagab kristallselge vaate ja laia vaatev\u00e4lju, olenemata sellest, kas teie sihtm\u00e4rki l\u00e4henete v\u00f5i oma \u00fcmbrust skaneerite.<\/p>\n<p>T\u00e4psus on jahil v\u00f5tmet\u00e4htsusega ja ACE S60R ei peta lootusi. Sisse ehitatud laserkaugusm\u00f5\u00f5tja (LRF) pakub t\u00e4pseid m\u00f5\u00f5tmisi kuni 1200 meetri kaugusele. LRF on l\u00f5imitud disaini sisse, s\u00e4ilitades t\u00f5elise optilise telje joondumise, v\u00f5imaldades teil arvutada t\u00e4pseid kauguseid, segamata fookuse. Sisseehitatud ballistika arvutusfunktsiooniga tagab ACE S60R teie lasud on t\u00e4psed, arvestades iga teguriga ideaalse t\u00e4psuse saavutamiseks.<\/p>\n<p>M\u00f5eldud jahtijatele, NocPix ACE S60R on ka varustatud topeltakutoites\u00fcsteemiga, millel on sisseehitatud 4000 mAh aku ja eemaldatav 18650 aku, pakkudes pikka kasutusaega v\u00e4ljal. Enam ei pea te muretsema energia l\u00f5ppemise p\u00e4rast jahireisi keskel &#8211; see s\u00fcsteem on disainitud kestma nii kaua kui teie seiklus. Lisafunktsioonid nagu ekraani automaatne v\u00e4ljal\u00fclitus, tagasil\u00f6\u00f6gi aktiveeritud videosalvestus ja katteta disain teevad sellest soojuspilgu t\u00f5elise m\u00e4ngumuutja v\u00e4litingimustes.<\/p>\n<p>Disainitud k\u00f5ige raskemateks v\u00e4listingimusteks, on ACE S60R valmistatud k\u00f5rge tugevusega alumiiniumsulamist, mida on p\u00f5hjalikult testitud, et see talub \u00e4\u00e4rmuslikke \u0161okke ja karmi kasutamist. IP67 veekindlusega tagatud t\u00f6\u00f6tab see perfektselt vihma, tolmu ja keeruliste keskkondade tingimustes, tagades, et teie pilk on sama vastupidav kui teie jahivaist.<\/p>\n<p>NocPix ACE S60R on rohkem kui lihtsalt soojuspilk &#8211; see on t\u00f5eline jahikaaslane. Koos uusimate tehnoloogiatega, erakordse vastupidavusega ja hulgal t\u00e4iustatud funktsioonidega, mis on m\u00f5eldud teie jahielamuse parendamiseks, see pilk muudab teie ettekujutust teie varustusest. Valmistuge valitsema \u00f6\u00f6d.<\/p>\n","protected":false},"excerpt":{"rendered":"<p>Nocpix ACE S60R termokaamera on tipptasemel vahend eliitk\u00fcttidele, mille lahendused h\u00f5lmavad Gen-2 HD termoandurit, Vision+ s\u00fcsteemi, integreeritud laserkaugusm\u00f5\u00f5tjat ja kahekordset akus\u00fcsteemi, mis tagavad tipptasemel j\u00f5udluse keerulistes keskkondades.<\/p>\n<p>Kui toode pole saadaval, v\u00f5tke palun \u00fchendust: shop@nbg.eu v\u00f5i +359896147790<\/p>\n","protected":false},"featured_media":677034,"template":"","meta":{"_acf_changed":false},"product_brand":[14449],"product_cat":[14042],"product_tag":[],"class_list":{"0":"post-676972","1":"product","2":"type-product","3":"status-publish","4":"has-post-thumbnail","6":"product_brand-nocpix","7":"product_cat-soojuskiir","9":"first","10":"instock","11":"taxable","12":"shipping-taxable","13":"purchasable","14":"product-type-simple"},"acf":[],"_links":{"self":[{"href":"https:\/\/nbg.eu\/et\/wp-json\/wp\/v2\/product\/676972","targetHints":{"allow":["GET"]}}],"collection":[{"href":"https:\/\/nbg.eu\/et\/wp-json\/wp\/v2\/product"}],"about":[{"href":"https:\/\/nbg.eu\/et\/wp-json\/wp\/v2\/types\/product"}],"wp:featuredmedia":[{"embeddable":true,"href":"https:\/\/nbg.eu\/et\/wp-json\/wp\/v2\/media\/677034"}],"wp:attachment":[{"href":"https:\/\/nbg.eu\/et\/wp-json\/wp\/v2\/media?parent=676972"}],"wp:term":[{"taxonomy":"product_brand","embeddable":true,"href":"https:\/\/nbg.eu\/et\/wp-json\/wp\/v2\/product_brand?post=676972"},{"taxonomy":"product_cat","embeddable":true,"href":"https:\/\/nbg.eu\/et\/wp-json\/wp\/v2\/product_cat?post=676972"},{"taxonomy":"product_tag","embeddable":true,"href":"https:\/\/nbg.eu\/et\/wp-json\/wp\/v2\/product_tag?post=676972"}],"curies":[{"name":"wp","href":"https:\/\/api.w.org\/{rel}","templated":true}]}}