{"id":677675,"date":"2025-11-17T17:25:33","date_gmt":"2025-11-17T14:25:33","guid":{"rendered":"https:\/\/nbg.eu\/product\/termokujutusvisiir-nocpix-ace-h50r-12um-640x512-15mk-netd\/"},"modified":"2026-04-14T15:52:51","modified_gmt":"2026-04-14T12:52:51","slug":"termokujutusvisiir-nocpix-ace-h50r-12um-640x512-15mk-netd","status":"publish","type":"product","link":"https:\/\/nbg.eu\/et\/toode\/termokujutusvisiir-nocpix-ace-h50r-12um-640x512-15mk-netd\/","title":{"rendered":"Nocpix Termosihik ACE H50R"},"content":{"rendered":"<h2>NocPix ACE H50R soojuskiirgava sihiku<\/h2>\n<p>NocPix ACE H50R soojuskiirgava sihiku \u00fchendab k\u00f5rgtehnoloogilise lahenduse ja vastupidava konstruktsiooni pakkumaks enneolematu jahikogemuse. Sellel on 640&#215;512 resolutsiooniga soojuskiirgav andur koos \u226412mK NETD-ga, mis tagab silmapaistva pildikvaliteedi, 3100 meetri avastamisulatuse ja integreeritud kaugusm\u00f5\u00f5tja, mis v\u00f5imaldab t\u00e4pseid m\u00f5\u00f5tmisi kuni 1200 meetri kaugusele. Uuenduslik Vision+ s\u00fcsteem pakub suurendatud vaatev\u00e4ljapiirkonda selgetele l\u00e4hivaadetele, samas kui kahene akus\u00fcsteem tagab pikaajalise kasutamise. K\u00f5rgtugevast alumiiniumsulamist valmistatud ja IP67 klassiga kinnitatud, on see sihik m\u00f5eldud kasutamiseks igas v\u00e4liskeskkonnas ja kohaneb igale olukorrale.<\/p>\n<p>NocPix ACE H50 soojuskiirgav sihik on tipptasemel vahend, mis on disainitud jahikogemuse t\u00e4iustamiseks, olenemata kas te liigute l\u00e4bi pimeduse v\u00f5i ajate saaki raskel maastikul. Olles osa NocPix lipulaevast ACE seeriast, paistab see sihik silma oma \u00fclimalt kvaliteetse pildi ja t\u00e4psuse poolest, t\u00e4nu sisemiselt arendatud k\u00f5rge resolutsiooniga soojuskiirgavale andurale ja edasij\u00f5udnud Reality+ ja Vision+ s\u00fcsteemidele.<\/p>\n<p>NocPix ACE H50R s\u00fcdameks on selle 2. p\u00f5lvkonna HD soojuskiirgav andur, millel on 640&#215;512 resolutsioon ja 60Hz kaadrisagedus, pakkudes enneolematu stabiilset t\u00f6\u00f6d. \u226412mK NETD-ga tuvastab see sihik isegi k\u00f5ige v\u00e4iksemaid temperatuurierinevusi, tagades detailirohke ja sujuva soojuspildi, mis on ideaalne kiirelt liikuvate m\u00e4rklaudade j\u00e4lgimiseks reaalajas. Edasij\u00f5udnud Reality+ pildit\u00f6\u00f6tlus t\u00f5hustab seda veelgi, elimineerides \u00fcmbritseva temperatuuri m\u00fcra ja pakkudes paremat kontrastsust ja selgust ka keerulistes jahitingimustes.<\/p>\n<p>ACE H50R on varustatud 50mm\/F0.9 objektiiviga, mis lubab 20% rohkem valgust j\u00f5uda anduriini, andes seel\u00e4bi eredamad ja selgemad pildid. See on oluline jahtidele, kes p\u00fc\u00fcdlevad t\u00e4psuse poole, kuna parem valguse \u00fclekanne pakub paremat n\u00e4htavust ka kehvades valgustingimustes. Lisaks pakub 3100 meetri avastamisulatus ACE-le eelise, tehes kaugel asuvate m\u00e4rklaudade tuvastamise ja j\u00e4lgimise lihtsamaks ja t\u00f5husamaks kui kunagi varem.<\/p>\n<p>Integreeritud Vision+ s\u00fcsteem t\u00f5stab visuaalset kogemust 1.03-tollise \u00fcmmarguse AMOLED ekraaniga, mille resolutsioon on 2560&#215;2560. Selle optiline suurenduss\u00fcsteem, mis on loodud v\u00e4ltimaks t\u00fc\u00fcpilise elektroonilise suurendamisega kaasnevat h\u00e4gustumist ja moonutusi, tagab jahtidele selged ja k\u00f5rge resolutsiooniga l\u00e4hiv\u00f5tted ilma detailide kaotamiseta. See pakub haaravat ja mugavat vaatamiskogemust, s\u00f5ltumata kas j\u00e4lgite saaki kaugelt v\u00f5i suurendate t\u00e4pseks sihtimiseks.<\/p>\n<p>V\u00e4liv\u00e4ljatuks m\u00f5eldud ACE-l on kahene akus\u00fcsteem sisseehitatud 4000mAh aku ja eemaldatava 18650 akuga, mis v\u00f5imaldavad katkematu t\u00f6\u00f6tamise ka pikematel jahiseiklustel. Vastupidav disain k\u00f5rgtugevast alumiiniumsulamist tagab, et ACE saab vastu pidada raskele v\u00e4liskeskkonnale ja kasutusele, olles l\u00e4binud range l\u00f6\u00f6gikaitse testid. IP67 veekindluse klassiga j\u00e4\u00e4b see sihik usaldusv\u00e4\u00e4rseks ka halvemates ilmastikutingimustes, pakkudes jahtidele rahu meele, olenemata keskkonnast.<\/p>\n<p>Jahtide vajadustest l\u00e4htuvalt sisaldab NocPix ACE H50R olulisi funktsioone nagu tagasil\u00f6\u00f6giaktiveeritud videosalvestus ja lihtne k\u00e4sitsemine v\u00e4ljal, sh fookuse seadmine, laadimiskate ja v\u00f5imalus vaadata salvestatud videoid otse Galerii kaudu. See \u00fchendab k\u00f5rgtehnoloogilise t\u00f6\u00f6v\u00f5ime mugavusega, pakkudes optimaalset jahikogemust.<\/p>\n","protected":false},"excerpt":{"rendered":"<p>Nocpix ACE H50R termilase teleskooplaadung sisaldab 640&#215;512 termilise anduriga \u226412mK NETD, 3100m tuvastamisulatust, integreeritud kaugusm\u00f5\u00f5turi ja Vision+ s\u00fcsteemiga, mis pakub enneolematu jahikogemuse.<br \/>\nKui toode pole saadaval, v\u00f5tke palun meiega \u00fchendust: shop@nbg.eu v\u00f5i +359896147790<\/p>\n","protected":false},"featured_media":677768,"template":"","meta":{"_acf_changed":false},"product_brand":[14449],"product_cat":[14042],"product_tag":[],"class_list":{"0":"post-677675","1":"product","2":"type-product","3":"status-publish","4":"has-post-thumbnail","6":"product_brand-nocpix","7":"product_cat-soojuskiir","9":"first","10":"outofstock","11":"taxable","12":"shipping-taxable","13":"purchasable","14":"product-type-simple"},"acf":[],"_links":{"self":[{"href":"https:\/\/nbg.eu\/et\/wp-json\/wp\/v2\/product\/677675","targetHints":{"allow":["GET"]}}],"collection":[{"href":"https:\/\/nbg.eu\/et\/wp-json\/wp\/v2\/product"}],"about":[{"href":"https:\/\/nbg.eu\/et\/wp-json\/wp\/v2\/types\/product"}],"wp:featuredmedia":[{"embeddable":true,"href":"https:\/\/nbg.eu\/et\/wp-json\/wp\/v2\/media\/677768"}],"wp:attachment":[{"href":"https:\/\/nbg.eu\/et\/wp-json\/wp\/v2\/media?parent=677675"}],"wp:term":[{"taxonomy":"product_brand","embeddable":true,"href":"https:\/\/nbg.eu\/et\/wp-json\/wp\/v2\/product_brand?post=677675"},{"taxonomy":"product_cat","embeddable":true,"href":"https:\/\/nbg.eu\/et\/wp-json\/wp\/v2\/product_cat?post=677675"},{"taxonomy":"product_tag","embeddable":true,"href":"https:\/\/nbg.eu\/et\/wp-json\/wp\/v2\/product_tag?post=677675"}],"curies":[{"name":"wp","href":"https:\/\/api.w.org\/{rel}","templated":true}]}}