{"id":678104,"date":"2025-11-17T17:25:36","date_gmt":"2025-11-17T14:25:36","guid":{"rendered":"https:\/\/nbg.eu\/product\/termiline-monokulaar-nocpix-lumi-l35\/"},"modified":"2026-01-21T11:39:11","modified_gmt":"2026-01-21T08:39:11","slug":"termiline-monokulaar-nocpix-lumi-l35","status":"publish","type":"product","link":"https:\/\/nbg.eu\/et\/toode\/termiline-monokulaar-nocpix-lumi-l35\/","title":{"rendered":"Termiline monokulaar Nocpix LUMI L35"},"content":{"rendered":"<h2>Maksimaalne j\u00f5udlus minimaalkaaluga &#8211; Nocpix LUMI L35: Teie \u00e4\u00e4rmiselt vajalik kaaskangelane v\u00e4ljaspool<\/h2>\n<p>LUMI termokaamera monokler on m\u00f5eldud nii p\u00e4evaks kui \u00f6\u00f6ks kasutamiseks ning pakub teile ka rasketes ilmastikutingimustes, nagu udu, suits v\u00f5i vihm, erakordset pildikvaliteeti. Isegi siis, kui takistused nagu oksad, k\u00f5rge rohi v\u00f5i tihe lehtpuumets teevad n\u00e4gemise raskeks, suudab see tehnoloogia hoida ees toimuvat selgelt silme ees. Need on ka nii kompaktsed ja kerged, et saate neid h\u00f5lpsalt igale poole kaasa v\u00f5tta.<\/p>\n<p>LUMI termokaameraid saab kasutada mitmesugustel eesm\u00e4rkidel, nagu jaht, valve, turvalisus, maastiku orienteerumine v\u00f5i otsing- ja p\u00e4\u00e4stet\u00f6\u00f6d.<\/p>\n<h2>\u00dcletamatu pildikvaliteet teravate piltide saamiseks<\/h2>\n<p>LUMI seeria seab uued standardid pildikvaliteedi osas. Varustatud k\u00f5ige kaasaegsematele piltide t\u00f6\u00f6tlemise algoritmidele ja v\u00f5imsale termoandurile, mille NETD on &lt; 18 mK, annab kaamera teravad ja realistlikud pildid. 1024 x 768 piksli AMOLED-ekraan tagab erakordse pildi kuvamise, samas kui Ultra Clear re\u017eiim optimeerib pildi selgust veel veelgi, eriti rasketes ilmastikuoludes.<\/p>\n<h2>Personaliseeritud vaatamiskogemus \u2013 Kohandage oma seade t\u00e4pselt enda vajadustele<\/h2>\n<p>T\u00e4nu 384 x 288 piksli m\u00f5\u00f5tmetega keskmisele andurisuurusele ja mitmesugustele seadistamise v\u00f5imalustele saate seadme t\u00e4pselt oma vajadustele kohandada. Valige 5 v\u00e4rvireziimi seast ja optimeerige vaade 10 heleduse, teravuse ja kontrasti tasemega &#8211; nii et \u00fckski \u00fcksikasja ei j\u00e4\u00e4 t\u00e4helepanuta.<\/p>\n<h2>Lihtne kogemuste jagamine<\/h2>\n<p>Eriliste hetke j\u00e4\u00e4dvustamine on kaasaegse k\u00fctti jaoks oluline. Nocpix LUMI L35-ga saate oma salvestisi mugavalt rakenduse kaudu jagada, kuid ka seadmel ise taasesitada &#8211; ideaalne, et oma kogemusi teistega kohe jagada.<\/p>\n<h2>Saab paindlikult kasutada eemaldatava akus\u00fcsteemi t\u00f5ttu<\/h2>\n<p>LUMI seeria on varustatud tavaliste 18650 patareidega, mis tagavad teile maksimaalse paindlikkuse. Kuhu iganes te ka ei l\u00e4heks, olete kaasasoleva akulaadijaga kiiresti j\u00e4lle valmis &#8211; ja saate j\u00e4tkata oma tegevust.<\/p>\n","protected":false},"excerpt":{"rendered":"<p>Maksimaalne j\u00f5udlus minimaalse kaaluga &#8211; Nocpix LUMI L35: Teie asendamatu saatja teie t\u00f6\u00f6l. 384 andurit 18 mK-ga, AMOLED-ekraan resolutsiooniga 1024 \u00d7 768 pikselit, eemaldatav 18650 aku, tuvastusulatus umbes 1800 meetrit, suur p\u00f5hisuurendus v\u00e4lik\u00fctile, kompaktne disain.<\/p>\n","protected":false},"featured_media":678246,"template":"","meta":{"_acf_changed":false},"product_brand":[14449],"product_cat":[14042,369],"product_tag":[],"class_list":{"0":"post-678104","1":"product","2":"type-product","3":"status-publish","4":"has-post-thumbnail","6":"product_brand-nocpix","7":"product_cat-soojuskiir","8":"product_cat-uncategorized","10":"first","11":"instock","12":"taxable","13":"shipping-taxable","14":"purchasable","15":"product-type-simple"},"acf":[],"_links":{"self":[{"href":"https:\/\/nbg.eu\/et\/wp-json\/wp\/v2\/product\/678104","targetHints":{"allow":["GET"]}}],"collection":[{"href":"https:\/\/nbg.eu\/et\/wp-json\/wp\/v2\/product"}],"about":[{"href":"https:\/\/nbg.eu\/et\/wp-json\/wp\/v2\/types\/product"}],"wp:featuredmedia":[{"embeddable":true,"href":"https:\/\/nbg.eu\/et\/wp-json\/wp\/v2\/media\/678246"}],"wp:attachment":[{"href":"https:\/\/nbg.eu\/et\/wp-json\/wp\/v2\/media?parent=678104"}],"wp:term":[{"taxonomy":"product_brand","embeddable":true,"href":"https:\/\/nbg.eu\/et\/wp-json\/wp\/v2\/product_brand?post=678104"},{"taxonomy":"product_cat","embeddable":true,"href":"https:\/\/nbg.eu\/et\/wp-json\/wp\/v2\/product_cat?post=678104"},{"taxonomy":"product_tag","embeddable":true,"href":"https:\/\/nbg.eu\/et\/wp-json\/wp\/v2\/product_tag?post=678104"}],"curies":[{"name":"wp","href":"https:\/\/api.w.org\/{rel}","templated":true}]}}