{"id":678369,"date":"2025-11-18T18:19:28","date_gmt":"2025-11-18T15:19:28","guid":{"rendered":"https:\/\/nbg.eu\/product\/nocpix-quest-l35r-384x288-netd-15mk\/"},"modified":"2026-04-14T15:52:44","modified_gmt":"2026-04-14T12:52:44","slug":"nocpix-quest-l35r-384x288-netd-15mk","status":"publish","type":"product","link":"https:\/\/nbg.eu\/et\/toode\/nocpix-quest-l35r-384x288-netd-15mk\/","title":{"rendered":"Nocpix Termobinokkel Quest L35R"},"content":{"rendered":"<h2>Nocpix Quest L35R 384&#215;288 NETD \u226415mK: Avarage oma termiline n\u00e4gemine<\/h2>\n<p>QUEST on kerge ja kaasaskantav, pakkudes tuvastusulatus kuni 2600 m ja sisseehitatud varjatud LRF-iga 1000 m ulatusega suurep\u00e4rase t\u00e4psuse ja n\u00e4htavuse tagamiseks. Selle traditsiooniline binokulaarane disain on varustatud t\u00e4iskatetuga ja IP67 klassifikatsiooniga vastupidavuse ja mugavuse tagamiseks karmides oludes. Varustatud k\u00f5rge j\u00f5udlusega 640&#215;512 andurga (NETD \u226415mK, 60Hz), QUEST pakub erakordset pildi kvaliteeti, suurep\u00e4rast termilist tundlikkust ja probleemideta kasutamist keerulistes tingimustes.<\/p>\n<h2>Erakordne pildi kvaliteet ja selgus<\/h2>\n<p>Nocpix QUEST sisaldab R+ pildi parandust suurep\u00e4rase selguse ja t\u00e4psuse tagamiseks, koos 1920&#215;1200 AMOLED ekraaniga mugavaks silmas\u00f5bralikuks vaatamiseks.<\/p>\n<h2>Tipptasemel andur tippkvaliteedile<\/h2>\n<p>Nocpix QUEST on varustatud k\u00f5rge j\u00f5udlusega anduriga (640&#215;512@12\u00b5m), mis pakub erakordset pildi selgust. NETD \u226415mK ja 60Hz kaadrisagedusega pakub see suurep\u00e4rast termilist tundlikkust, pakkudes selget ja visuaalset pilti isegi k\u00f5ige keerulisemates tingimustes.<\/p>\n<h2>V\u00f5imsad tuvastamise v\u00f5imalused<\/h2>\n<p>Nocpix QUEST pakub tuvastusulatus kuni 2600 m ja sisseehitatud varjatud LRF-iga kuni 1000 m ulatusega, v\u00f5imaldades n\u00e4ha kaugemale ja t\u00e4psemalt kui kunagi varem. See toetab ka ballistilisi arvutusi, pakkudes andmete toetust koost\u00f6\u00f6s jahtimisel.<\/p>\n<h2>Ergonoomilised \u00fchekaujuukslised funktsioonid<\/h2>\n<p>Nocpix QUEST pakub ergonoomilisi, libisemiskindlaid k\u00e4epidameid lihtsustatud 4-nupulise paigutuse ja keskele paigutatud kerimiss\u00f6\u00f6dega, v\u00f5imaldades lihtsat \u00fche k\u00e4ega kasutamist ja kindlat haaret k\u00f5igis oludes.<\/p>\n<h2>Kerge ja kaasaskantav<\/h2>\n<p>QUEST kaalub vaid 700g ja sisaldab personaalset kandekotti, pakkudes lihtsat kaasaskantavust ja mugavust v\u00e4listegevusteks, nagu jahtimine ja uurimine.<\/p>\n<h2>Usaldusv\u00e4\u00e4rne toimimisj\u00f5udlus<\/h2>\n<p>QUEST seeria on varustatud kahe aku s\u00fcsteemiga, sisseehitatud ja vahetatava 18650 akuga, tagades lihtsa asenduse ja p\u00fcsiva kasutuse teie seiklustel.<\/p>\n<h2>Vastupidav ja mugav disain<\/h2>\n<p>QUEST pakub traditsioonilist binokulaarset disaini koos elegantse t\u00e4ispinnalise kummikattega ja IP67 klassifikatsiooniga vee- ja tolmukaitse tagamiseks, kindlustades nii vastupidavuse kui \u00fcldise mugavuse.<\/p>\n","protected":false},"excerpt":{"rendered":"<p>Nocpix QUEST L35R 384&#215;288 NETD &lt;15mK: Kerge, kaasaskantav termopilt seade, millel on 2600m tuvastusulatus, sisseehitatud 1000m LRF ja erakordselt selge pilt.<\/p>\n<p>Kui toode pole saadaval, v\u00f5tke meiega \u00fchendust: shop@nbg.eu v\u00f5i +359896147790<\/p>\n","protected":false},"featured_media":679376,"template":"","meta":{"_acf_changed":false},"product_brand":[14449],"product_cat":[14680,14042,16070],"product_tag":[],"class_list":{"0":"post-678369","1":"product","2":"type-product","3":"status-publish","4":"has-post-thumbnail","6":"product_brand-nocpix","7":"product_cat-binokkel","8":"product_cat-soojuskiir","9":"product_cat-thermal-cameras-et","11":"first","12":"instock","13":"taxable","14":"shipping-taxable","15":"purchasable","16":"product-type-simple"},"acf":[],"_links":{"self":[{"href":"https:\/\/nbg.eu\/et\/wp-json\/wp\/v2\/product\/678369","targetHints":{"allow":["GET"]}}],"collection":[{"href":"https:\/\/nbg.eu\/et\/wp-json\/wp\/v2\/product"}],"about":[{"href":"https:\/\/nbg.eu\/et\/wp-json\/wp\/v2\/types\/product"}],"wp:featuredmedia":[{"embeddable":true,"href":"https:\/\/nbg.eu\/et\/wp-json\/wp\/v2\/media\/679376"}],"wp:attachment":[{"href":"https:\/\/nbg.eu\/et\/wp-json\/wp\/v2\/media?parent=678369"}],"wp:term":[{"taxonomy":"product_brand","embeddable":true,"href":"https:\/\/nbg.eu\/et\/wp-json\/wp\/v2\/product_brand?post=678369"},{"taxonomy":"product_cat","embeddable":true,"href":"https:\/\/nbg.eu\/et\/wp-json\/wp\/v2\/product_cat?post=678369"},{"taxonomy":"product_tag","embeddable":true,"href":"https:\/\/nbg.eu\/et\/wp-json\/wp\/v2\/product_tag?post=678369"}],"curies":[{"name":"wp","href":"https:\/\/api.w.org\/{rel}","templated":true}]}}