{"id":679452,"date":"2025-11-18T18:19:37","date_gmt":"2025-11-18T15:19:37","guid":{"rendered":"https:\/\/nbg.eu\/product\/nocpix-quest-h50r-lrf-640x512-netd-15mk\/"},"modified":"2026-04-14T15:52:41","modified_gmt":"2026-04-14T12:52:41","slug":"nocpix-quest-h50r-lrf-640x512-netd-15mk","status":"publish","type":"product","link":"https:\/\/nbg.eu\/et\/toode\/nocpix-quest-h50r-lrf-640x512-netd-15mk\/","title":{"rendered":"Nocpix Termobinokkel Quest H50R LRF"},"content":{"rendered":"<h2>Nocpix Quest H50R LRF 640&#215;512 NETD \u226415mK<\/h2>\n<p>QUEST on kergekaaluline ja kaasaskantav, pakkudes tuvastusulatus kuni 2600 m ja sisseehitatud varjatud kaugsignatuuri ulatusega kuni 1000 m suurep\u00e4rase t\u00e4psuse ja n\u00e4htavuse jaoks. Selle traditsiooniline binokulaarne disain on kaetud t\u00e4ieliku kummikattega ja IP67 reitinguga, et tagada vastupidavus ja mugavus rasketes oludes. Varustatud k\u00f5rge v\u00f5imsusega 640&#215;512 anduriga (NETD \u226415mK, 60Hz), pakub QUEST suurep\u00e4rast pildi selgust, \u00fclioket soojuslikku tundlikkust ja muretut toimimist keerulistes tingimustes.<\/p>\n<h2>Termoandur<\/h2>\n<p>Nocpix QUEST kasutab R+ pildi parendamist suurep\u00e4rase selguse ja t\u00e4psuse saavutamiseks, \u00fchendatuna 1920&#215;1200 AMOLED ekraaniga, mis pakub kaasahaaravat ja silmas\u00f5bralikku vaatamiskogemust.<\/p>\n<h2>Suurep\u00e4rane andur kindlustab tipptasemel kvaliteedi<\/h2>\n<p>Nocpix QUEST on varustatud k\u00f5rge j\u00f5udlusega anduriga (640&#215;512@12\u00b5m), mis tagab erakordse pildikvaliteedi. NETD \u226415mK ja 60Hz kaadrisagedusega pakub see \u00fclitundlikku termilist tundlikkust, pakkudes selgeid ja visuaalselt silmatorkavaid pilte isegi k\u00f5ige keerulisemates tingimustes.<\/p>\n<h2>V\u00f5imsad tuvastamise v\u00f5imed<\/h2>\n<p>Nocpix QUEST pakub tuvastusulatus kuni 2600 m ja sisseehitatud varjatud kaugsignatuuri ulatusega kuni 1000 m, v\u00f5imaldades n\u00e4ha kaugemale ja t\u00e4psemalt kui kunagi varem. See toetab ka ballistilisi arvutusi, pakkudes andmetuge koost\u00f6iseks jahiks.<\/p>\n<h2>\u00dche k\u00e4ega kasutamine<\/h2>\n<p>Nocpix QUEST pakub ergonoomilise, libisemiskindla k\u00e4epideme ja lihtsustatud 4-nupulise paigutusega ning keskel asuvate rullikute jaoks, mis v\u00f5imaldavad lihtsat \u00fche k\u00e4ega kasutamist ja kindlat haaramist k\u00f5ikides tingimustes.<\/p>\n<h2>Kergekaaluline ja kaasaskantav<\/h2>\n<p>QUEST kaalub vaid 700 g ja sisaldab kohandatud kandekotti, pakkudes lihtsat kaasaskandmist ja mugavust v\u00e4listegevusteks nagu jahi- ja uurimisretked.<\/p>\n<h2>Vabastage mured toite p\u00e4rast<\/h2>\n<p>QUEST-seeria pakub topelt-akutoitega lahendust, mis sisaldab sisseehitatud ja vahetatavat 18650 akut, tagades probleemivaba asendusv\u00f5imaluse ja pidev kasutamine teie seiklustel.<\/p>\n<h2>Traditsiooniline binokulaarne kogemus<\/h2>\n<p>QUEST pakub traditsioonilist binokulaardisaini koos keeruka t\u00e4ieliku kummikattega ja IP67 reitinguga vee- ja tolmukindluse jaoks, garanteerides vastupidavuse ja \u00fcldise mugavuse.<\/p>\n","protected":false},"excerpt":{"rendered":"<p>Nocpix Quest H50R LRF 640&#215;512 NETD &lt;15mK: Kerge, kaasaskantav termokaamera 2600m tuvastamisulatusega, 1000m kaugusm\u00f5\u00f5tjaga ja suurep\u00e4rase 640&#215;512 sensoriga.<br \/>\nKui toode pole saadaval, v\u00f5tke meiega \u00fchendust: shop@nbg.eu v\u00f5i +359896147790<\/p>\n","protected":false},"featured_media":679667,"template":"","meta":{"_acf_changed":false},"product_brand":[14449],"product_cat":[14680,14042,16070],"product_tag":[],"class_list":{"0":"post-679452","1":"product","2":"type-product","3":"status-publish","4":"has-post-thumbnail","6":"product_brand-nocpix","7":"product_cat-binokkel","8":"product_cat-soojuskiir","9":"product_cat-thermal-cameras-et","11":"first","12":"instock","13":"taxable","14":"shipping-taxable","15":"purchasable","16":"product-type-simple"},"acf":[],"_links":{"self":[{"href":"https:\/\/nbg.eu\/et\/wp-json\/wp\/v2\/product\/679452","targetHints":{"allow":["GET"]}}],"collection":[{"href":"https:\/\/nbg.eu\/et\/wp-json\/wp\/v2\/product"}],"about":[{"href":"https:\/\/nbg.eu\/et\/wp-json\/wp\/v2\/types\/product"}],"wp:featuredmedia":[{"embeddable":true,"href":"https:\/\/nbg.eu\/et\/wp-json\/wp\/v2\/media\/679667"}],"wp:attachment":[{"href":"https:\/\/nbg.eu\/et\/wp-json\/wp\/v2\/media?parent=679452"}],"wp:term":[{"taxonomy":"product_brand","embeddable":true,"href":"https:\/\/nbg.eu\/et\/wp-json\/wp\/v2\/product_brand?post=679452"},{"taxonomy":"product_cat","embeddable":true,"href":"https:\/\/nbg.eu\/et\/wp-json\/wp\/v2\/product_cat?post=679452"},{"taxonomy":"product_tag","embeddable":true,"href":"https:\/\/nbg.eu\/et\/wp-json\/wp\/v2\/product_tag?post=679452"}],"curies":[{"name":"wp","href":"https:\/\/api.w.org\/{rel}","templated":true}]}}