{"id":681051,"date":"2025-12-17T14:06:52","date_gmt":"2025-12-17T11:06:52","guid":{"rendered":"https:\/\/nbg.eu\/product\/manly-peak-g10-must-cpm-s90v\/"},"modified":"2026-01-21T11:41:29","modified_gmt":"2026-01-21T08:41:29","slug":"manly-peak-g10-must-cpm-s90v","status":"publish","type":"product","link":"https:\/\/nbg.eu\/et\/toode\/manly-peak-g10-must-cpm-s90v\/","title":{"rendered":"Manly PEAK G10 MUST CPM S90V"},"content":{"rendered":"<h2>Manly PEAK G10 MUST &#8211; \u00dchekaupa Lastavat Nuga<\/h2>\n<p>Kogege erakordset Manly PEAK G10 MUST nuga, ainulaadset ja mitmek\u00fclgset t\u00f6\u00f6riista, mis on m\u00f5eldud mitmesugusteks tegevusteks. Erinedes Comrade mudelist, on sellel nugal \u00fcllatav disain, mis teeb sellest ideaalse kaaslase iga \u00fclesande jaoks.<\/p>\n<p>Saadaval kahes erinevas versioonis pakub PEAK \u00fche- v\u00f5i kahekaupse avamise v\u00f5imalust, l\u00e4htudes teie isiklikest eelistustest. T\u00e4pselt valmistatud tera on valmistatud k\u00f5rgekvaliteedilisest CPM S90V terasest, tagades suurep\u00e4rase servahoidlikkuse ja korrosiooni vastupidavuse.<\/p>\n<p>Vastupidav G10 k\u00e4epide pakub kindlat ja mugavat haaret, tehes PEAK&#8217;i usaldusv\u00e4\u00e4rseks valikuks igap\u00e4evaseks kaasaskandmiseks v\u00f5i v\u00e4listegevusteks. P\u00f6idlaauguga ava- ja k\u00e4sitsi Backlock s\u00fcsteemiga pakub see nuga sujuvat \u00fchekaupset kasutamist, v\u00f5imaldades teil oma \u00fclesanded kergelt t\u00e4ita.<\/p>\n<p>Kaaludes ainult 115 grammi, on PEAK kerge, kuid tugev t\u00f6\u00f6riist, mis teid alla ei koorma. Olgu te siis v\u00e4listegevuste entusiast, taktikaline operaator v\u00f5i lihtsalt mitmek\u00fclgse ja h\u00e4sti disainitud voldinoa otsija, on Manly PEAK G10 MUST CPM S90V teie lahendus.<\/p>\n","protected":false},"excerpt":{"rendered":"<p>PEAK CPM S90V \u00fchek\u00e4eliseks kasutamiseks m\u00f5eldud must nuga, suurep\u00e4rane disain igasugusteks tegevusteks.<\/p>\n","protected":false},"featured_media":681111,"template":"","meta":{"_acf_changed":false},"product_brand":[15082],"product_cat":[14056,15384,15360],"product_tag":[],"class_list":{"0":"post-681051","1":"product","2":"type-product","3":"status-publish","4":"has-post-thumbnail","6":"product_brand-manly-knives","7":"product_cat-edc","8":"product_cat-folding-knives-et","9":"product_cat-knives-et","11":"first","12":"outofstock","13":"taxable","14":"shipping-taxable","15":"purchasable","16":"product-type-simple"},"acf":[],"_links":{"self":[{"href":"https:\/\/nbg.eu\/et\/wp-json\/wp\/v2\/product\/681051","targetHints":{"allow":["GET"]}}],"collection":[{"href":"https:\/\/nbg.eu\/et\/wp-json\/wp\/v2\/product"}],"about":[{"href":"https:\/\/nbg.eu\/et\/wp-json\/wp\/v2\/types\/product"}],"wp:featuredmedia":[{"embeddable":true,"href":"https:\/\/nbg.eu\/et\/wp-json\/wp\/v2\/media\/681111"}],"wp:attachment":[{"href":"https:\/\/nbg.eu\/et\/wp-json\/wp\/v2\/media?parent=681051"}],"wp:term":[{"taxonomy":"product_brand","embeddable":true,"href":"https:\/\/nbg.eu\/et\/wp-json\/wp\/v2\/product_brand?post=681051"},{"taxonomy":"product_cat","embeddable":true,"href":"https:\/\/nbg.eu\/et\/wp-json\/wp\/v2\/product_cat?post=681051"},{"taxonomy":"product_tag","embeddable":true,"href":"https:\/\/nbg.eu\/et\/wp-json\/wp\/v2\/product_tag?post=681051"}],"curies":[{"name":"wp","href":"https:\/\/api.w.org\/{rel}","templated":true}]}}