{"id":681195,"date":"2026-01-08T18:14:00","date_gmt":"2026-01-08T15:14:00","guid":{"rendered":"https:\/\/nbg.eu\/product\/manly-peak-black-14c28n\/"},"modified":"2026-01-21T11:41:25","modified_gmt":"2026-01-21T08:41:25","slug":"manly-peak-black-14c28n","status":"publish","type":"product","link":"https:\/\/nbg.eu\/et\/toode\/manly-peak-black-14c28n\/","title":{"rendered":"Manly PEAK BLACK 14C28N"},"content":{"rendered":"<h2>Manly PEAK BLACK 14C28N \u2013 Igap\u00e4evane taskuuga nuga<\/h2>\n<p>J\u00e4tkates Manly traditsiooni pakkuda m\u00f5istliku hinnaga k\u00f5rgekvaliteetseid taskukoid, on PEAK \u2013 14C28N must (\u00fche k\u00e4ega) paindlikkuse ja praktilisuse kehastus. See kokkuvolditav nuga on valmistatud t\u00e4psusega, sellel on 14C28N Rootsi terasest tera ja G10 k\u00e4epide, tagades vastupidava ja usaldusv\u00e4\u00e4rse l\u00f5ikeriista igap\u00e4evasteks \u00fclesanneteks.<\/p>\n<p>M\u00f5lema k\u00e4e kasutamiseks m\u00f5eldud nuga on varustatud p\u00f6\u00f6ratava klambriga, mis v\u00f5imaldab kerget vasakuk\u00e4elisele v\u00f5i parempoolsele kasutamisele ligip\u00e4\u00e4su, muutes selle ideaalseks kaaslaseks nii paremak\u00e4elistele kui ka vasakuk\u00e4elistele. Lukustusmehhanismi abil on tera kasutamise ajal kindlalt paigas.<\/p>\n<p>\u00dcldpikkusega 22 cm ja tera pikkusega 9,4 cm pakub PEAK \u2013 14C28N must (\u00fche k\u00e4ega) mugavat ja h\u00f5lmavat suurust, mis sobib h\u00e4sti mitmesugusteks kasutusteks, alates v\u00e4listest tegevustest kuni igap\u00e4evaste abitegevusteni. 115 grammi kaaluga nuga on hea tasakaal raskuse ja kaasaskandmise vahel, muutes selle usaldusv\u00e4\u00e4rseks ja mitmek\u00fclgseks valikuks igap\u00e4evaliseks kaasaskandmiseks.<\/p>\n<p>Mattvalge 14C28N teraga ja elegantse musta G10 k\u00e4epidemega PEAK \u2013 14C28N must (\u00fche k\u00e4ega) ei ole vaid suurep\u00e4rase j\u00f5udlusega, vaid ka stilistliku ja kaasaegse v\u00e4limusega, mis sobib igasuguse isikliku stiiliga. Olenemata sellest, kas olete v\u00e4listelkija, remondit\u00f6\u00f6line v\u00f5i lihtsalt hea t\u00f6\u00f6riista austaja, on Manly PEAK \u2013 14C28N must (\u00fche k\u00e4ega) t\u00e4iuslik lisand teie igap\u00e4evasele kaasaskantavate esemete kollektsioonile.<\/p>\n","protected":false},"excerpt":{"rendered":"<p>Mehelik PEAK BLACK 14C28N &#8211; m\u00f5istliku hinnaga taskuniuga 14C28N Rootsi terases, p\u00f6\u00f6ratava klambriga ja lukustusfunktsiooniga.<\/p>\n","protected":false},"featured_media":685043,"template":"","meta":{"_acf_changed":false},"product_brand":[15082],"product_cat":[14056],"product_tag":[],"class_list":{"0":"post-681195","1":"product","2":"type-product","3":"status-publish","4":"has-post-thumbnail","6":"product_brand-manly-knives","7":"product_cat-edc","9":"first","10":"instock","11":"taxable","12":"shipping-taxable","13":"purchasable","14":"product-type-simple"},"acf":[],"_links":{"self":[{"href":"https:\/\/nbg.eu\/et\/wp-json\/wp\/v2\/product\/681195","targetHints":{"allow":["GET"]}}],"collection":[{"href":"https:\/\/nbg.eu\/et\/wp-json\/wp\/v2\/product"}],"about":[{"href":"https:\/\/nbg.eu\/et\/wp-json\/wp\/v2\/types\/product"}],"wp:featuredmedia":[{"embeddable":true,"href":"https:\/\/nbg.eu\/et\/wp-json\/wp\/v2\/media\/685043"}],"wp:attachment":[{"href":"https:\/\/nbg.eu\/et\/wp-json\/wp\/v2\/media?parent=681195"}],"wp:term":[{"taxonomy":"product_brand","embeddable":true,"href":"https:\/\/nbg.eu\/et\/wp-json\/wp\/v2\/product_brand?post=681195"},{"taxonomy":"product_cat","embeddable":true,"href":"https:\/\/nbg.eu\/et\/wp-json\/wp\/v2\/product_cat?post=681195"},{"taxonomy":"product_tag","embeddable":true,"href":"https:\/\/nbg.eu\/et\/wp-json\/wp\/v2\/product_tag?post=681195"}],"curies":[{"name":"wp","href":"https:\/\/api.w.org\/{rel}","templated":true}]}}