{"id":681300,"date":"2025-12-17T14:50:21","date_gmt":"2025-12-17T11:50:21","guid":{"rendered":"https:\/\/nbg.eu\/product\/manly-patriot-m-roheline-rwl-34\/"},"modified":"2026-01-21T11:39:47","modified_gmt":"2026-01-21T08:39:47","slug":"manly-patriot-m-roheline-rwl-34","status":"publish","type":"product","link":"https:\/\/nbg.eu\/et\/toode\/manly-patriot-m-roheline-rwl-34\/","title":{"rendered":"Manly PATRIOT M.ROHELINE RWL-34"},"content":{"rendered":"<h2>Manly PATRIOT M.GREEN RWL-34 \u2013 Mitmek\u00fclgne kindla terana nuga igap\u00e4evaseks kasutamiseks<\/h2>\n<p>Manly esitleb PATRIOT \u2013 RWL-34 Military Green fikseeritud versiooni oma edukast Comrade voldinoa mudelist. Suurused on peaaegu samad, mist\u00f5ttu on PATRIOT suurep\u00e4rane valik igap\u00e4evaseks kasutamiseks, jahiks ja matkamiseks. RWL-34 terasest valmistatud, satiinviimistlusega tera pakub vastupidavust ja l\u00f5ikeomadusi. K\u00e4epidemena on kasutatud G10 v\u00f5i p\u00e4hklipuust, mis tagavad mugava ja kindla haarde erinevates olukordades.<\/p>\n<p>Kogupikkusega 21 cm ja 9,1 cm terana on PATRIOT kompaktne ja mitmek\u00fclgne t\u00f6\u00f6riist. Nelja millimeetri paksune tera tagab piisava tugevuse ja j\u00e4ikuse, samal ajal kui 126 g kogukaal annab hea tasakaalu. Vastupidav Kydex-tupp kaitseb nuga, tehes sellest usaldusv\u00e4\u00e4rseks kaaslaseks nii v\u00e4li- kui igap\u00e4evastele entusiastidele.<\/p>\n","protected":false},"excerpt":{"rendered":"<p>Manly PATRIOT M.ROHELINE RWL-34 &#8211; Fikseeritud tera militaarv\u00e4rviline nuga satiinse RWL-34 terastera ja G10 k\u00e4epidmega.<\/p>\n","protected":false},"featured_media":681506,"template":"","meta":{"_acf_changed":false},"product_brand":[15082],"product_cat":[2876],"product_tag":[],"class_list":{"0":"post-681300","1":"product","2":"type-product","3":"status-publish","4":"has-post-thumbnail","6":"product_brand-manly-knives","7":"product_cat-rahohvatki","9":"first","10":"instock","11":"taxable","12":"shipping-taxable","13":"purchasable","14":"product-type-simple"},"acf":[],"_links":{"self":[{"href":"https:\/\/nbg.eu\/et\/wp-json\/wp\/v2\/product\/681300","targetHints":{"allow":["GET"]}}],"collection":[{"href":"https:\/\/nbg.eu\/et\/wp-json\/wp\/v2\/product"}],"about":[{"href":"https:\/\/nbg.eu\/et\/wp-json\/wp\/v2\/types\/product"}],"wp:featuredmedia":[{"embeddable":true,"href":"https:\/\/nbg.eu\/et\/wp-json\/wp\/v2\/media\/681506"}],"wp:attachment":[{"href":"https:\/\/nbg.eu\/et\/wp-json\/wp\/v2\/media?parent=681300"}],"wp:term":[{"taxonomy":"product_brand","embeddable":true,"href":"https:\/\/nbg.eu\/et\/wp-json\/wp\/v2\/product_brand?post=681300"},{"taxonomy":"product_cat","embeddable":true,"href":"https:\/\/nbg.eu\/et\/wp-json\/wp\/v2\/product_cat?post=681300"},{"taxonomy":"product_tag","embeddable":true,"href":"https:\/\/nbg.eu\/et\/wp-json\/wp\/v2\/product_tag?post=681300"}],"curies":[{"name":"wp","href":"https:\/\/api.w.org\/{rel}","templated":true}]}}