{"id":681775,"date":"2025-12-17T15:55:16","date_gmt":"2025-12-17T12:55:16","guid":{"rendered":"https:\/\/nbg.eu\/product\/manly-linna-oranz-cpm-s90v\/"},"modified":"2026-01-21T12:29:09","modified_gmt":"2026-01-21T09:29:09","slug":"manly-linna-oranz-cpm-s90v","status":"publish","type":"product","link":"https:\/\/nbg.eu\/et\/toode\/manly-linna-oranz-cpm-s90v\/","title":{"rendered":"Manly Linna Oran\u017e CPM S90V"},"content":{"rendered":"<h2>Manly City CPM S90V &#8211; Igap\u00e4evane kaasaskantav nuga<\/h2>\n<p>Nagu nimetus viitab, on Manly City CPM S90V erakordne igap\u00e4evane linnanuks. See tuleb Manly&#8217;i filosoofiaga, mis pakub kasutajatele hoolikalt valitud k\u00f5rgekvaliteedilisi materjale m\u00f5istliku hinnaga. T\u00e4islamedust tera on valmistatud k\u00f5rge j\u00f5udlusega CPM S90V terasest, Rockwelli k\u00f5vadusel 60-62 HRC, mis tagab erakorralise \u00e4\u00e4re p\u00fcsimise ja korrosioonikindluse.<\/p>\n<p>M\u00f5lema k\u00e4e kasutamiseks m\u00f5eldud mudel on varustatud p\u00f6\u00f6ratava taskuklamriga ja kahekordse tihvdi asendiga, mis sobib nii vasakuk\u00e4elistele kui ka parema k\u00e4ega kasutajatele. G10 k\u00e4epide tagab kindla ja mugava haarde, samas kui \u00fchekaupa avamine ja lukustuss\u00fcsteem tagavad usaldusv\u00e4\u00e4rse t\u00f6\u00f6.<\/p>\n<p>Kogupikkusega 17,7 cm ja 7,0 cm teralaiusega on Manly City CPM S90V mitmek\u00fclgne igap\u00e4evane kaasaskantav nuga, mis \u00fchendab k\u00f5rgekvaliteedilisi materjale, erakordset j\u00f5udlust ja kasutajas\u00f5bralikke omadusi. Kaaludes ainult 95 g, on see kerge ja lihtsalt kaasaskantav kaaslane mitmesuguste igap\u00e4evaste \u00fclesannete jaoks.<\/p>\n","protected":false},"excerpt":{"rendered":"<p>Igap\u00e4evane EDC-nuga. CPM S90V-terastera, G10-k\u00e4epide, p\u00f6\u00f6ratav klamber, sobiv nii vasak- kui ka parempoolsetele.<\/p>\n","protected":false},"featured_media":681844,"template":"","meta":{"_acf_changed":false},"product_brand":[15082],"product_cat":[14056],"product_tag":[],"class_list":{"0":"post-681775","1":"product","2":"type-product","3":"status-publish","4":"has-post-thumbnail","6":"product_brand-manly-knives","7":"product_cat-edc","9":"first","10":"instock","11":"taxable","12":"shipping-taxable","13":"purchasable","14":"product-type-simple"},"acf":[],"_links":{"self":[{"href":"https:\/\/nbg.eu\/et\/wp-json\/wp\/v2\/product\/681775","targetHints":{"allow":["GET"]}}],"collection":[{"href":"https:\/\/nbg.eu\/et\/wp-json\/wp\/v2\/product"}],"about":[{"href":"https:\/\/nbg.eu\/et\/wp-json\/wp\/v2\/types\/product"}],"wp:featuredmedia":[{"embeddable":true,"href":"https:\/\/nbg.eu\/et\/wp-json\/wp\/v2\/media\/681844"}],"wp:attachment":[{"href":"https:\/\/nbg.eu\/et\/wp-json\/wp\/v2\/media?parent=681775"}],"wp:term":[{"taxonomy":"product_brand","embeddable":true,"href":"https:\/\/nbg.eu\/et\/wp-json\/wp\/v2\/product_brand?post=681775"},{"taxonomy":"product_cat","embeddable":true,"href":"https:\/\/nbg.eu\/et\/wp-json\/wp\/v2\/product_cat?post=681775"},{"taxonomy":"product_tag","embeddable":true,"href":"https:\/\/nbg.eu\/et\/wp-json\/wp\/v2\/product_tag?post=681775"}],"curies":[{"name":"wp","href":"https:\/\/api.w.org\/{rel}","templated":true}]}}