{"id":682138,"date":"2026-01-08T18:13:52","date_gmt":"2026-01-08T15:13:52","guid":{"rendered":"https:\/\/nbg.eu\/product\/manly-linna-sojavae-14c28n\/"},"modified":"2026-01-21T11:41:31","modified_gmt":"2026-01-21T08:41:31","slug":"manly-linna-sojavae-14c28n","status":"publish","type":"product","link":"https:\/\/nbg.eu\/et\/toode\/manly-linna-sojavae-14c28n\/","title":{"rendered":"Manly Linna S\u00f5jav\u00e4e 14C28N"},"content":{"rendered":"<h2>Manly City Military 14C28N: Igap\u00e4evane nuga erakordne<\/h2>\n<p>Manly City Military 14C28N on erakordne igap\u00e4evane linnanuga, mis kehastab meie filosoofiat pakkuda hoolikalt valitud p\u00f5himaterjale m\u00f5istliku hinnaga. Sandvik 14C28N terasest valmistatud t\u00e4ispika lamedate terade abil on see mudel loodud mitmek\u00fclgsuseks ja mugavuseks.<\/p>\n<p>P\u00f6\u00f6ratava klambri ja topeltpinnaasendi funktsiooniga Manly City Military 14C28N sobib nii vasakuk\u00e4elistele kui ka paremp\u00e4elistele kasutajatele, tagades mugava ja kohandatava haarde. G10 k\u00e4epideme materjal pakub kindlat ja vastupidavat haaret, samas kui \u00fchetoeline avamine ja lukustusmehhanism tagavad sujuva ja usaldusv\u00e4\u00e4rse t\u00f6\u00f6.<\/p>\n<p>Tehnilised andmed:<\/p>\n<ul>\n<li>Mudel: CITY 14C28N Military Green Flat Handle<\/li>\n<li>T\u00fc\u00fcp: Voltnuga<\/li>\n<li>\u00dcldpikkus: 17,7 cm<\/li>\n<li>Tera pikkus: 7,0 cm<\/li>\n<li>Pikkus kokkuvolditud: 10,5 cm<\/li>\n<li>Tera paksus: 2,7 mm<\/li>\n<li>Kaal: 95 g<\/li>\n<li>Tera materjal: 14C28N<\/li>\n<li>K\u00e4epideme materjal: G10<\/li>\n<li>Avamine: P\u00f6idlanupp<\/li>\n<li>Avamine: \u00fche k\u00e4ega<\/li>\n<li>Lukustust\u00fc\u00fcp: Lukustusmehhanism<\/li>\n<\/ul>\n","protected":false},"excerpt":{"rendered":"<p>Manly City Military 14C28N on igap\u00e4evane linnanuga, mis on valmistatud Sandvik 14C28N terasest ja G10 k\u00e4epidamega, sobiv nii vasak- kui ka paremak\u00e4elistele.<\/p>\n","protected":false},"featured_media":682338,"template":"","meta":{"_acf_changed":false},"product_brand":[15082],"product_cat":[14056],"product_tag":[],"class_list":{"0":"post-682138","1":"product","2":"type-product","3":"status-publish","4":"has-post-thumbnail","6":"product_brand-manly-knives","7":"product_cat-edc","9":"first","10":"instock","11":"taxable","12":"shipping-taxable","13":"purchasable","14":"product-type-simple"},"acf":[],"_links":{"self":[{"href":"https:\/\/nbg.eu\/et\/wp-json\/wp\/v2\/product\/682138","targetHints":{"allow":["GET"]}}],"collection":[{"href":"https:\/\/nbg.eu\/et\/wp-json\/wp\/v2\/product"}],"about":[{"href":"https:\/\/nbg.eu\/et\/wp-json\/wp\/v2\/types\/product"}],"wp:featuredmedia":[{"embeddable":true,"href":"https:\/\/nbg.eu\/et\/wp-json\/wp\/v2\/media\/682338"}],"wp:attachment":[{"href":"https:\/\/nbg.eu\/et\/wp-json\/wp\/v2\/media?parent=682138"}],"wp:term":[{"taxonomy":"product_brand","embeddable":true,"href":"https:\/\/nbg.eu\/et\/wp-json\/wp\/v2\/product_brand?post=682138"},{"taxonomy":"product_cat","embeddable":true,"href":"https:\/\/nbg.eu\/et\/wp-json\/wp\/v2\/product_cat?post=682138"},{"taxonomy":"product_tag","embeddable":true,"href":"https:\/\/nbg.eu\/et\/wp-json\/wp\/v2\/product_tag?post=682138"}],"curies":[{"name":"wp","href":"https:\/\/api.w.org\/{rel}","templated":true}]}}