{"id":682374,"date":"2026-01-09T22:09:00","date_gmt":"2026-01-09T19:09:00","guid":{"rendered":"https:\/\/nbg.eu\/product\/manly-linn-g10-must-s90v\/"},"modified":"2026-01-21T12:28:45","modified_gmt":"2026-01-21T09:28:45","slug":"manly-linn-g10-must-s90v","status":"publish","type":"product","link":"https:\/\/nbg.eu\/et\/toode\/manly-linn-g10-must-s90v\/","title":{"rendered":"Manly Linn G10 Must S90V"},"content":{"rendered":"<h2>Manly City G10 Must 90V: \u00dclekantav igap\u00e4evane linna nuga<\/h2>\n<p>Oma nime kohaselt on Manly City G10 Must 90V \u00fclekantav igap\u00e4evane linna nuga. See voltiga nuga on valmistatud meie filosoofia kohaselt, pakkudes kasutajatele hoolikalt valitud kvaliteetseid materjale m\u00f5istliku hinna eest. Sellel on t\u00e4islamedane tera, mis on valmistatud CPM 90V terasest ja mille Rockwelli k\u00f5vadus on 60-62 HRC. Selle p\u00f6\u00f6ratav taskuklipp ja kahesuunaline kinnituspunkt teevad selle sobivaks nii vasakuk\u00e4elistele kui ka paremp\u00e4elistele kasutajatele.<\/p>\n<p>Selle noa \u00fcldpikkus on 17,7 cm, tera pikkus 7,0 cm ja kokku voltimise pikkus 10,5 cm. Tera paksus on 2,7 mm ja kaal vaid 95 g. K\u00e4epide on valmistatud vastupidavast 3D G10 materjalist ning nuga saab \u00fchek\u00e4eliselt avada p\u00f6idlanupu abil. Tugev lukustusmehhanismi tagab kindla ja t\u00f6\u00f6kindla tera rakendamise.<\/p>\n<p>Stiliseeritud mustast v\u00e4rvusest Manly City G10 Must 90V on ideaalne igap\u00e4evane kaasaskantav kaaslane, \u00fchendades kvaliteetse j\u00f5udluse ja ehituskvaliteedi k\u00e4ttesaadava hinnatasemega.<\/p>\n","protected":false},"excerpt":{"rendered":"<p>Erakordne igap\u00e4evane linnanuga CPM S90V terase, 3D G10 k\u00e4epideme ja p\u00f6\u00f6ratava klambriga.<\/p>\n","protected":false},"featured_media":682582,"template":"","meta":{"_acf_changed":false},"product_brand":[15082],"product_cat":[14056,15384,15360],"product_tag":[],"class_list":{"0":"post-682374","1":"product","2":"type-product","3":"status-publish","4":"has-post-thumbnail","6":"product_brand-manly-knives","7":"product_cat-edc","8":"product_cat-folding-knives-et","9":"product_cat-knives-et","11":"first","12":"outofstock","13":"taxable","14":"shipping-taxable","15":"purchasable","16":"product-type-simple"},"acf":[],"_links":{"self":[{"href":"https:\/\/nbg.eu\/et\/wp-json\/wp\/v2\/product\/682374","targetHints":{"allow":["GET"]}}],"collection":[{"href":"https:\/\/nbg.eu\/et\/wp-json\/wp\/v2\/product"}],"about":[{"href":"https:\/\/nbg.eu\/et\/wp-json\/wp\/v2\/types\/product"}],"wp:featuredmedia":[{"embeddable":true,"href":"https:\/\/nbg.eu\/et\/wp-json\/wp\/v2\/media\/682582"}],"wp:attachment":[{"href":"https:\/\/nbg.eu\/et\/wp-json\/wp\/v2\/media?parent=682374"}],"wp:term":[{"taxonomy":"product_brand","embeddable":true,"href":"https:\/\/nbg.eu\/et\/wp-json\/wp\/v2\/product_brand?post=682374"},{"taxonomy":"product_cat","embeddable":true,"href":"https:\/\/nbg.eu\/et\/wp-json\/wp\/v2\/product_cat?post=682374"},{"taxonomy":"product_tag","embeddable":true,"href":"https:\/\/nbg.eu\/et\/wp-json\/wp\/v2\/product_tag?post=682374"}],"curies":[{"name":"wp","href":"https:\/\/api.w.org\/{rel}","templated":true}]}}