{"id":682598,"date":"2026-01-09T22:08:59","date_gmt":"2026-01-09T19:08:59","guid":{"rendered":"https:\/\/nbg.eu\/product\/manly-city-black-14c28n\/"},"modified":"2026-01-21T12:29:38","modified_gmt":"2026-01-21T09:29:38","slug":"manly-city-black-14c28n","status":"publish","type":"product","link":"https:\/\/nbg.eu\/et\/toode\/manly-city-black-14c28n\/","title":{"rendered":"Manly City Black 14C28N"},"content":{"rendered":"<h2>Manly City Musta 14C28N: Erakordne igap\u00e4evane linnanuga<\/h2>\n<p>Manly City Musta 14C28N on erakordne igap\u00e4evane linnanuga, mis kehastab meie filosoofiat pakkuda kasutajatele hoolikalt valitud p\u00f5himaterjale m\u00f5istliku hinna eest. Selle volditava noa t\u00e4islauge tera on valmistatud vastupidavast Sandvik 14C28N terasest ning see on disainitud olema usaldusv\u00e4\u00e4rne kaaslane igap\u00e4evatoimingute jaoks.<\/p>\n<p>Kogupikkusega 17,7 cm ja teraga pikkusega 7,0 cm on Manly City Musta 14C28N kompaktne ja mitmek\u00fclgne t\u00f6\u00f6riist. Kokkuvolditud olekus m\u00f5\u00f5dab see 10,5 cm, muutes selle h\u00f5lpsasti kaasaskantavaks ja hoiustatavaks. Tera paksus 2,7 mm ja kogukaal 95 g tagavad tasakaalustatud ja mugava kasutamise.<\/p>\n<p>\u00dcks selle noa silmapaistvaid omadusi on p\u00f6\u00f6ratav klambri, mis muudab selle sobivaks nii vasaku- kui ka paremaruk\u00e4elistele kasutajatele. K\u00e4epide on valmistatud vastupidavast G10 materjalist, pakkudes kindlat ja libisemiskindlat haaret, isegi m\u00e4rgades v\u00f5i n\u00f5udlikes tingimustes.<\/p>\n<p>Kahe k\u00e4ega avamise mehhanismi ja usaldusv\u00e4\u00e4rse lukustuss\u00fcsteemiga on Manly City Musta 14C28N ohutu ja kindla kasutusega, tagades, et teie l\u00f5ikamist\u00f6\u00f6d tehakse kindluse ja t\u00e4psusega. Selle stiilne must v\u00e4rviskeem lisab noa kaasaegsele ja elegantsele v\u00e4ljan\u00e4gemisele, muutes selle igap\u00e4evaseks kaasaskantavaks valikuks.<\/p>\n","protected":false},"excerpt":{"rendered":"<p>Manly City Black 14C28N on erakordne igap\u00e4evane linna nuga, millel on t\u00e4islamedalt lihvitud Sandviki 14C28N terasest tera ja vastupidav klamber parema- v\u00f5i vasakuk\u00e4eliseks kasutamiseks.<\/p>\n","protected":false},"featured_media":682871,"template":"","meta":{"_acf_changed":false},"product_brand":[15082],"product_cat":[14056,15384,15360],"product_tag":[],"class_list":{"0":"post-682598","1":"product","2":"type-product","3":"status-publish","4":"has-post-thumbnail","6":"product_brand-manly-knives","7":"product_cat-edc","8":"product_cat-folding-knives-et","9":"product_cat-knives-et","11":"first","12":"instock","13":"taxable","14":"shipping-taxable","15":"purchasable","16":"product-type-simple"},"acf":[],"_links":{"self":[{"href":"https:\/\/nbg.eu\/et\/wp-json\/wp\/v2\/product\/682598","targetHints":{"allow":["GET"]}}],"collection":[{"href":"https:\/\/nbg.eu\/et\/wp-json\/wp\/v2\/product"}],"about":[{"href":"https:\/\/nbg.eu\/et\/wp-json\/wp\/v2\/types\/product"}],"wp:featuredmedia":[{"embeddable":true,"href":"https:\/\/nbg.eu\/et\/wp-json\/wp\/v2\/media\/682871"}],"wp:attachment":[{"href":"https:\/\/nbg.eu\/et\/wp-json\/wp\/v2\/media?parent=682598"}],"wp:term":[{"taxonomy":"product_brand","embeddable":true,"href":"https:\/\/nbg.eu\/et\/wp-json\/wp\/v2\/product_brand?post=682598"},{"taxonomy":"product_cat","embeddable":true,"href":"https:\/\/nbg.eu\/et\/wp-json\/wp\/v2\/product_cat?post=682598"},{"taxonomy":"product_tag","embeddable":true,"href":"https:\/\/nbg.eu\/et\/wp-json\/wp\/v2\/product_tag?post=682598"}],"curies":[{"name":"wp","href":"https:\/\/api.w.org\/{rel}","templated":true}]}}